{"id":5554,"date":"2024-04-26T16:18:13","date_gmt":"2024-04-26T14:18:13","guid":{"rendered":"https:\/\/etimark.ch\/?page_id=5554"},"modified":"2025-01-07T08:07:25","modified_gmt":"2025-01-07T07:07:25","slug":"startpage","status":"publish","type":"page","link":"https:\/\/etimark.ch\/fr\/","title":{"rendered":"Startpage"},"content":{"rendered":"\n<div class=\"wp-block-group latest-job-wrapper general-wrapper\"><div class=\"wp-block-group__inner-container is-layout-constrained wp-block-group-is-layout-constrained\">\n<h2 class=\"wp-block-heading title-hm\">JOBS<\/h2>\n\n\n\n<div class=\"wp-block-group latest-job-row is-horizontal is-content-justification-left is-nowrap is-layout-flex wp-container-core-group-is-layout-e0598304 wp-block-group-is-layout-flex\">\n<div class=\"wp-block-group job-intro\"><div class=\"wp-block-group__inner-container is-layout-constrained wp-block-group-is-layout-constrained\">\n<p>Pour compl\u00e9ter notre \u00e9quipe, nous sommes actuellement \u00e0 la recherche de personnes ad\u00e9quates dans les domaines suivants :<\/p>\n\n\n\n<p class=\"gn-btn\"><a href=\"https:\/\/etimark.ch\/news\/jobs\/\" data-type=\"page\" data-id=\"2867\">&gt; Vers le portail de l&#8217;emploi<\/a><\/p>\n<\/div><\/div>\n\n\n<div class=\"latest-jobs-wrapper\">\n            <div class=\"job-blog-post\">\n            <div class=\"post-head\">\n                <a href=\"https:\/\/etimark.ch\/fr\/operateur-dimpression-numerique\/\" class=\"title-job\">> Op\u00e9rateur d&rsquo;impression num\u00e9rique<\/a>\n            <\/div>\n        <\/div>\n            <div class=\"job-blog-post\">\n            <div class=\"post-head\">\n                <a href=\"https:\/\/etimark.ch\/fr\/imprimante-demballages-in\/\" class=\"title-job\">> Imprimante d&#8217;emballages \/ In<\/a>\n            <\/div>\n        <\/div>\n            <div class=\"job-blog-post\">\n            <div class=\"post-head\">\n                <a href=\"https:\/\/etimark.ch\/fr\/ajusteur\/\" class=\"title-job\">> Ajusteur<\/a>\n            <\/div>\n        <\/div>\n            <div class=\"job-blog-post\">\n            <div class=\"post-head\">\n                <a href=\"https:\/\/etimark.ch\/fr\/poinconneuse\/\" class=\"title-job\">> Poin\u00e7onneuse<\/a>\n            <\/div>\n        <\/div>\n    <\/div><\/div>\n<\/div><\/div>\n\n\n\n<div class=\"wp-block-group produkte-wrapper general-wrapper\"><div class=\"wp-block-group__inner-container is-layout-constrained wp-block-group-is-layout-constrained\">\n<h2 class=\"wp-block-heading title-hm\">NOS PRODUITS<\/h2>\n\n\n\n<div class=\"wp-block-group produkte-part-one is-nowrap is-layout-flex wp-container-core-group-is-layout-ad2f72ca wp-block-group-is-layout-flex\">\n<div class=\"wp-block-group gn-img\"><div class=\"wp-block-group__inner-container is-layout-constrained wp-block-group-is-layout-constrained\">\n<figure class=\"wp-block-image size-full\"><img loading=\"lazy\" decoding=\"async\" width=\"964\" height=\"964\" src=\"https:\/\/etimark.ch\/wp-content\/uploads\/DeckelIllu2.png\" alt=\"\" class=\"wp-image-3108\" srcset=\"https:\/\/etimark.ch\/wp-content\/uploads\/DeckelIllu2.png 964w, https:\/\/etimark.ch\/wp-content\/uploads\/DeckelIllu2-300x300.png 300w, https:\/\/etimark.ch\/wp-content\/uploads\/DeckelIllu2-150x150.png 150w, https:\/\/etimark.ch\/wp-content\/uploads\/DeckelIllu2-768x768.png 768w, https:\/\/etimark.ch\/wp-content\/uploads\/DeckelIllu2-250x250.png 250w, https:\/\/etimark.ch\/wp-content\/uploads\/DeckelIllu2-800x800.png 800w, https:\/\/etimark.ch\/wp-content\/uploads\/DeckelIllu2-600x600.png 600w\" sizes=\"auto, (max-width: 964px) 100vw, 964px\" \/><\/figure>\n<\/div><\/div>\n\n\n\n<div class=\"wp-block-group gn-info\"><div class=\"wp-block-group__inner-container is-layout-constrained wp-block-group-is-layout-constrained\">\n<h3 class=\"wp-block-heading\">Opercules<\/h3>\n\n\n\n<p><strong>Une diversit\u00e9 infinie de produits<\/strong><\/p>\n\n\n\n<p>Les \u00e9tiquettes autoadh\u00e9sives sont la solution id\u00e9ale pour faire figurer des mentions sur les produits. L\u2019\u00e9tiquette fournit des renseignements sur le produit et son contenu et elle est un v\u00e9ritable support publicitaire qui joue un r\u00f4le pr\u00e9pond\u00e9rant dans la d\u00e9cision d\u2019achat. Le consommateur n\u2019ach\u00e8te un produit que si celui-ci pr\u00e9sente un aspect g\u00e9n\u00e9ral qui le convainc.&nbsp;Nous avons le mat\u00e9riel adapt\u00e9 \u00e0 toutes les exigences, que la priorit\u00e9 soit accord\u00e9e \u00e0 l\u2019esth\u00e9tisme ou \u00e0 la fonctionnalit\u00e9. Gr\u00e2ce \u00e0 notre large assortiment, nous trouvons toujours la solution adapt\u00e9e pour mettre un produit parfaitement en valeur.<\/p>\n\n\n\n<p class=\"gn-btn\"><a href=\"https:\/\/etimark.ch\/fr\/opercule\/\" data-type=\"page\" data-id=\"2081\">&gt; Nous vous en donnons ici un aper\u00e7u.<\/a><\/p>\n<\/div><\/div>\n<\/div>\n\n\n\n<div class=\"wp-block-group produkte-part-two is-nowrap is-layout-flex wp-container-core-group-is-layout-ad2f72ca wp-block-group-is-layout-flex\">\n<div class=\"wp-block-group gn-info\"><div class=\"wp-block-group__inner-container is-layout-constrained wp-block-group-is-layout-constrained\">\n<h3 class=\"wp-block-heading\">\u00c9TIQUETTES<\/h3>\n\n\n\n<p><strong>Un assortiment extr\u00eamement vari\u00e9<\/strong><\/p>\n\n\n\n<p>Les yaourts et une petite vari\u00e9t\u00e9 de l\u2019industrie laiti\u00e8re \u00e9taient emball\u00e9s dans des pots. Cette palette de produits s\u2019est \u00e9tendue gr\u00e2ce \u00e0 de nombreuses innovations. Cependant la tendance \u00e0 s\u2019alimenter en se d\u00e9pla\u00e7ant (2Go) a redonn\u00e9 sa place au pot qui doit, de ce fait, remplir plusieurs crit\u00e8res&nbsp;: il ne doit pas \u00eatre trop grand (la taille d\u2019une portion), il doit \u00eatre pratique (easy open) et le contenu doit pouvoir \u00eatre consomm\u00e9 imm\u00e9diatement, sans aucune pr\u00e9paration.<br>Cet emballage a donc fait son apparition dans de nombreuses nouvelles branches. En voici un aper\u00e7u.<\/p>\n\n\n\n<p class=\"gn-btn\"><a href=\"https:\/\/etimark.ch\/fr\/etiquettes\/\" data-type=\"post\" data-id=\"4948\">&gt; Nous vous en donnons un aper\u00e7u ici.<\/a><\/p>\n<\/div><\/div>\n\n\n\n<div class=\"wp-block-group gn-img\"><div class=\"wp-block-group__inner-container is-layout-constrained wp-block-group-is-layout-constrained\">\n<figure class=\"wp-block-image size-full\"><img loading=\"lazy\" decoding=\"async\" width=\"964\" height=\"964\" src=\"https:\/\/etimark.ch\/wp-content\/uploads\/EtiketteIllu.png\" alt=\"\" class=\"wp-image-3102\" srcset=\"https:\/\/etimark.ch\/wp-content\/uploads\/EtiketteIllu.png 964w, https:\/\/etimark.ch\/wp-content\/uploads\/EtiketteIllu-300x300.png 300w, https:\/\/etimark.ch\/wp-content\/uploads\/EtiketteIllu-150x150.png 150w, https:\/\/etimark.ch\/wp-content\/uploads\/EtiketteIllu-768x768.png 768w, https:\/\/etimark.ch\/wp-content\/uploads\/EtiketteIllu-250x250.png 250w, https:\/\/etimark.ch\/wp-content\/uploads\/EtiketteIllu-800x800.png 800w, https:\/\/etimark.ch\/wp-content\/uploads\/EtiketteIllu-600x600.png 600w\" sizes=\"auto, (max-width: 964px) 100vw, 964px\" \/><\/figure>\n<\/div><\/div>\n<\/div>\n<\/div><\/div>\n\n\n\n<div class=\"wp-block-group video-wrapper has-background\" style=\"background-color:#c2d001\"><div class=\"wp-block-group__inner-container is-layout-constrained wp-block-group-is-layout-constrained\">\n<div class=\"wp-block-columns is-not-stacked-on-mobile video-wrap is-layout-flex wp-container-core-columns-is-layout-9d6595d7 wp-block-columns-is-layout-flex\">\n<div class=\"wp-block-column video-info is-layout-flow wp-block-column-is-layout-flow\">\n<h2 class=\"wp-block-heading title-in has-white-color has-text-color has-link-color wp-elements-d059824d88f2e132f0ced434f65c4c0f\">VIDEOS<\/h2>\n\n\n\n<p>Notre s\u00e9lection de vid\u00e9os en rapport avec les produits.<\/p>\n<\/div>\n\n\n\n<div class=\"wp-block-column video-link is-layout-flow wp-block-column-is-layout-flow\">\n<iframe loading=\"lazy\" width=\"560\" height=\"315\" src=\"https:\/\/www.youtube.com\/embed\/oZyGsTQ779g?si=4GXaP7IxY6fjxHeE\" title=\"YouTube video player\" frameborder=\"0\" allow=\"accelerometer; autoplay; clipboard-write; encrypted-media; gyroscope; picture-in-picture; web-share\" referrerpolicy=\"strict-origin-when-cross-origin\" allowfullscreen><\/iframe>\n<\/div>\n\n\n\n<div class=\"wp-block-column video-link is-layout-flow wp-block-column-is-layout-flow\">\n<iframe loading=\"lazy\" width=\"560\" height=\"315\" src=\"https:\/\/www.youtube.com\/embed\/hkRaQKHZKnc?si=Vs_ZkbNPy8jLM51_\" title=\"YouTube video player\" frameborder=\"0\" allow=\"accelerometer; autoplay; clipboard-write; encrypted-media; gyroscope; picture-in-picture; web-share\" referrerpolicy=\"strict-origin-when-cross-origin\" allowfullscreen><\/iframe>\n<\/div>\n\n\n\n<div class=\"wp-block-column video-link is-layout-flow wp-block-column-is-layout-flow\"><\/div>\n<\/div>\n<\/div><\/div>\n\n\n\n<h2 class=\"wp-block-heading title-hm\">SERVICES D&rsquo;ETIMARK AG<\/h2>\n\n\n<div class=\"slider-boxes-section\"><ul class=\"slider-boxes\"><li><img loading=\"lazy\" decoding=\"async\" width=\"680\" height=\"344\" src=\"https:\/\/etimark.ch\/wp-content\/uploads\/CHM1473_1-680x344.jpg\" class=\"attachment-sliderbox size-sliderbox\" alt=\"\" \/><div class=\"slider-box-info\"><h4>Prepresse<\/h4><div class=\"slider-text\"><p>Sur demande, nous pouvons concevoir des mod\u00e8les d\u2019impression individuels finis en fonction de vos id\u00e9es et id\u00e9es, sans que vous ayez \u00e0 faire appel \u00e0 une agence. Des petits ajustements \u00e0 la conception compl\u00e8te, nos graphistes sauront vous convaincre par leur travail professionnel.<\/p>\n<\/div>              <div class=\"slider-btn-wrap\">\n                <a class=\"slider-button\" href=\"https:\/\/etimark.ch\/fr\/production\/prepress\/\" target=\"_self\">>  en savoir plus<\/a>\n              <\/div>\n          <\/li><li><img loading=\"lazy\" decoding=\"async\" width=\"680\" height=\"344\" src=\"https:\/\/etimark.ch\/wp-content\/uploads\/pvor_avbr-680x344.jpg\" class=\"attachment-sliderbox size-sliderbox\" alt=\"\" \/><div class=\"slider-box-info\"><h4>PVOR \/ Pr\u00e9paration des commandes<\/h4><div class=\"slider-text\"><p>La pr\u00e9paration est la base de la qualit\u00e9. Pr\u00e9parer parfaitement un travail d&rsquo;impression signifie ne laisser aucune place \u00e0 l&rsquo;imperfection. Les cylindres d&rsquo;impression, les encres et le mat\u00e9riel d&rsquo;impression sont pr\u00eats, de m\u00eame que les mod\u00e8les de couleurs et les \u00e9preuves.<\/p>\n<\/div>              <div class=\"slider-btn-wrap\">\n                <a class=\"slider-button\" href=\"https:\/\/etimark.ch\/fr\/production\/preparation\/\" target=\"_self\">>  en savoir plus<\/a>\n              <\/div>\n          <\/li><li><img loading=\"lazy\" decoding=\"async\" width=\"680\" height=\"344\" src=\"https:\/\/etimark.ch\/wp-content\/uploads\/CHM1499_1-680x344.jpg\" class=\"attachment-sliderbox size-sliderbox\" alt=\"\" \/><div class=\"slider-box-info\"><h4>Salle de presse<\/h4><div class=\"slider-text\"><p>Une pr\u00e9cision dimensionnelle absolue des pi\u00e8ces opercules, un centrage pr\u00e9cis de la opercules et une grande pr\u00e9cision de l&rsquo;avance repr\u00e9sentent le standard actuel de nos machines de d\u00e9coupe haut de gamme. Un personnel parfaitement form\u00e9 et adapt\u00e9 au type de machine, un remplacement facile des composants et une fiabilit\u00e9 extr\u00eamement \u00e9lev\u00e9e compl\u00e8tent une \u00e9quipe performante. Demandez la diversit\u00e9 de nos formats de d\u00e9coupe existants.<\/p>\n<\/div>              <div class=\"slider-btn-wrap\">\n                <a class=\"slider-button\" href=\"https:\/\/etimark.ch\/produktion\/stanzerei-konfektion\/\" target=\"_self\">>  en savoir plus<\/a>\n              <\/div>\n          <\/li><\/ul><\/div>\n\n\n<div class=\"wp-block-group general-wrapper\"><div class=\"wp-block-group__inner-container is-layout-constrained wp-block-group-is-layout-constrained\">\n<h2 class=\"wp-block-heading title-hm\">NOUVELLES D&rsquo;ETIMARK AG<\/h2>\n\n\n<section class=\"show-news-wrapper\">\r\n\r\n<\/section><\/div><\/div>\n","protected":false},"excerpt":{"rendered":"JOBS Pour compl\u00e9ter notre \u00e9quipe, nous sommes actuellement \u00e0 la recherche de personnes ad\u00e9quates dans les domaines suivants : &gt; [&hellip;]","protected":false},"author":5,"featured_media":0,"parent":0,"menu_order":0,"comment_status":"closed","ping_status":"closed","template":"","meta":{"_acf_changed":false,"inline_featured_image":false,"footnotes":""},"class_list":["post-5554","page","type-page","status-publish","hentry"],"acf":[],"_links":{"self":[{"href":"https:\/\/etimark.ch\/fr\/wp-json\/wp\/v2\/pages\/5554","targetHints":{"allow":["GET"]}}],"collection":[{"href":"https:\/\/etimark.ch\/fr\/wp-json\/wp\/v2\/pages"}],"about":[{"href":"https:\/\/etimark.ch\/fr\/wp-json\/wp\/v2\/types\/page"}],"author":[{"embeddable":true,"href":"https:\/\/etimark.ch\/fr\/wp-json\/wp\/v2\/users\/5"}],"replies":[{"embeddable":true,"href":"https:\/\/etimark.ch\/fr\/wp-json\/wp\/v2\/comments?post=5554"}],"version-history":[{"count":6,"href":"https:\/\/etimark.ch\/fr\/wp-json\/wp\/v2\/pages\/5554\/revisions"}],"predecessor-version":[{"id":5947,"href":"https:\/\/etimark.ch\/fr\/wp-json\/wp\/v2\/pages\/5554\/revisions\/5947"}],"wp:attachment":[{"href":"https:\/\/etimark.ch\/fr\/wp-json\/wp\/v2\/media?parent=5554"}],"curies":[{"name":"wp","href":"https:\/\/api.w.org\/{rel}","templated":true}]}}