{"id":4363,"date":"2021-12-09T11:33:51","date_gmt":"2021-12-09T10:33:51","guid":{"rendered":"https:\/\/etimark.ch\/?page_id=4363"},"modified":"2021-12-09T11:34:17","modified_gmt":"2021-12-09T10:34:17","slug":"digimarc","status":"publish","type":"page","link":"https:\/\/etimark.ch\/fr\/production\/digimarc\/","title":{"rendered":"Digimarc\u00a9"},"content":{"rendered":"\n<div class=\"intro\">\n  <div class=\"intro__content\">\n    <p>Le code-barres invisible&#8230;<\/p>\n<p>&#8230;et pourtant ne plus jamais chercher un code EAN ou un code QR. Rapide, maniable sur toute la cha\u00eene du produit, toutes les informations du produit sont disponibles.<\/p>\n  <\/div>\n<\/div>\n\n\n\n<div class=\"wp-block-columns is-layout-flex wp-container-core-columns-is-layout-9d6595d7 wp-block-columns-is-layout-flex\">\n<div class=\"wp-block-column is-layout-flow wp-block-column-is-layout-flow\">\n<figure class=\"wp-block-embed is-type-video is-provider-youtube wp-block-embed-youtube wp-embed-aspect-16-9 wp-has-aspect-ratio\"><div class=\"wp-block-embed__wrapper\">\n<iframe loading=\"lazy\" title=\"Intro to Digimarc Barcode\" width=\"640\" height=\"360\" src=\"https:\/\/www.youtube.com\/embed\/oZyGsTQ779g?feature=oembed\" frameborder=\"0\" allow=\"accelerometer; autoplay; clipboard-write; encrypted-media; gyroscope; picture-in-picture; web-share\" referrerpolicy=\"strict-origin-when-cross-origin\" allowfullscreen><\/iframe>\n<\/div><\/figure>\n<\/div>\n\n\n\n<div class=\"wp-block-column is-layout-flow wp-block-column-is-layout-flow\">\n<h2 class=\"wp-block-heading\">Avantages<\/h2>\n\n\n\n<ul class=\"wp-block-list\"><li>Temps d&rsquo;attente r\u00e9duit \u00e0 la caisse<\/li><li>Recyclage autour du produit<\/li><li>Stockage et tra\u00e7abilit\u00e9 dans la logistique<\/li><li>Enregistrement d&rsquo;une infinit\u00e9 d&rsquo;informations sur le produit<\/li><li>S\u00e9curit\u00e9 pour le produit contre les contrefa\u00e7ons<\/li><li>Possibilit\u00e9 d&rsquo;activit\u00e9s de marketing illimit\u00e9es<\/li><\/ul>\n\n\n\n<p><\/p>\n<\/div>\n<\/div>\n\n\n\n<div class=\"wp-block-columns is-layout-flex wp-container-core-columns-is-layout-9d6595d7 wp-block-columns-is-layout-flex\">\n<div class=\"wp-block-column is-layout-flow wp-block-column-is-layout-flow\">\n<figure class=\"wp-block-gallery columns-2 wp-block-gallery-1 is-layout-flex wp-block-gallery-is-layout-flex\"><ul class=\"blocks-gallery-grid\"><li class=\"blocks-gallery-item\"><figure><img loading=\"lazy\" decoding=\"async\" width=\"576\" height=\"1024\" src=\"http:\/\/etimark.ch\/wp-content\/uploads\/DigimarcEtik-f-Flasche-576x1024.jpg\" alt=\"\" data-id=\"2840\" data-full-url=\"http:\/\/etimark.ch\/wp-content\/uploads\/DigimarcEtik-f-Flasche-scaled.jpg\" data-link=\"http:\/\/etimark.ch\/digimarc\/digimarcetik-f-flasche\/\" class=\"wp-image-2840\" srcset=\"https:\/\/etimark.ch\/wp-content\/uploads\/DigimarcEtik-f-Flasche-576x1024.jpg 576w, https:\/\/etimark.ch\/wp-content\/uploads\/DigimarcEtik-f-Flasche-169x300.jpg 169w, https:\/\/etimark.ch\/wp-content\/uploads\/DigimarcEtik-f-Flasche-768x1365.jpg 768w, https:\/\/etimark.ch\/wp-content\/uploads\/DigimarcEtik-f-Flasche-864x1536.jpg 864w, https:\/\/etimark.ch\/wp-content\/uploads\/DigimarcEtik-f-Flasche-1152x2048.jpg 1152w, https:\/\/etimark.ch\/wp-content\/uploads\/DigimarcEtik-f-Flasche-800x1422.jpg 800w, https:\/\/etimark.ch\/wp-content\/uploads\/DigimarcEtik-f-Flasche-338x600.jpg 338w, https:\/\/etimark.ch\/wp-content\/uploads\/DigimarcEtik-f-Flasche-scaled.jpg 1440w\" sizes=\"auto, (max-width: 576px) 100vw, 576px\" \/><\/figure><\/li><li class=\"blocks-gallery-item\"><figure><img loading=\"lazy\" decoding=\"async\" width=\"1014\" height=\"1024\" src=\"http:\/\/etimark.ch\/wp-content\/uploads\/DigimarcDeckel-auf-Becher-1014x1024.jpg\" alt=\"\" data-id=\"2837\" data-full-url=\"http:\/\/etimark.ch\/wp-content\/uploads\/DigimarcDeckel-auf-Becher-scaled.jpg\" data-link=\"http:\/\/etimark.ch\/digimarc\/digimarcdeckel-auf-becher\/\" class=\"wp-image-2837\" srcset=\"https:\/\/etimark.ch\/wp-content\/uploads\/DigimarcDeckel-auf-Becher-1014x1024.jpg 1014w, https:\/\/etimark.ch\/wp-content\/uploads\/DigimarcDeckel-auf-Becher-297x300.jpg 297w, https:\/\/etimark.ch\/wp-content\/uploads\/DigimarcDeckel-auf-Becher-150x150.jpg 150w, https:\/\/etimark.ch\/wp-content\/uploads\/DigimarcDeckel-auf-Becher-768x775.jpg 768w, https:\/\/etimark.ch\/wp-content\/uploads\/DigimarcDeckel-auf-Becher-1521x1536.jpg 1521w, https:\/\/etimark.ch\/wp-content\/uploads\/DigimarcDeckel-auf-Becher-2028x2048.jpg 2028w, https:\/\/etimark.ch\/wp-content\/uploads\/DigimarcDeckel-auf-Becher-800x808.jpg 800w, https:\/\/etimark.ch\/wp-content\/uploads\/DigimarcDeckel-auf-Becher-594x600.jpg 594w\" sizes=\"auto, (max-width: 1014px) 100vw, 1014px\" \/><\/figure><\/li><\/ul><figcaption class=\"blocks-gallery-caption\">Un codage Digimarc\u00a9 peut \u00eatre int\u00e9gr\u00e9 sur le design de l&rsquo;\u00e9tiquette ou du couvercle d\u00e9coup\u00e9.<\/figcaption><\/figure>\n<\/div>\n\n\n\n<div class=\"wp-block-column is-layout-flow wp-block-column-is-layout-flow\">\n<p>D\u00e8s qu&rsquo;un code a \u00e9t\u00e9 d\u00e9pos\u00e9, il est possible de scanner l&rsquo;\u00e9tiquette ou le couvercle dans son ensemble \u00e0 l&rsquo;\u00e9cran, sur une impression ou sur le produit fini.<\/p>\n\n\n\n<p>Pour cela, il suffit d&rsquo;utiliser l&rsquo;application Digimarc\u00a9 Discover.<\/p>\n\n\n\n<figure class=\"wp-block-image size-large is-resized\"><a href=\"https:\/\/apps.apple.com\/de\/app\/digimarc-discover\/id401005077\" target=\"_blank\"><img loading=\"lazy\" decoding=\"async\" src=\"https:\/\/etimark.ch\/wp-content\/uploads\/digimarc_blau.jpg\" alt=\"\" class=\"wp-image-2857\" width=\"129\" height=\"129\" srcset=\"https:\/\/etimark.ch\/wp-content\/uploads\/digimarc_blau.jpg 1004w, https:\/\/etimark.ch\/wp-content\/uploads\/digimarc_blau-298x300.jpg 298w, https:\/\/etimark.ch\/wp-content\/uploads\/digimarc_blau-150x150.jpg 150w, https:\/\/etimark.ch\/wp-content\/uploads\/digimarc_blau-768x774.jpg 768w, https:\/\/etimark.ch\/wp-content\/uploads\/digimarc_blau-250x250.jpg 250w, https:\/\/etimark.ch\/wp-content\/uploads\/digimarc_blau-800x806.jpg 800w, https:\/\/etimark.ch\/wp-content\/uploads\/digimarc_blau-595x600.jpg 595w\" sizes=\"auto, (max-width: 129px) 100vw, 129px\" \/><\/a><\/figure>\n\n\n\n<figure class=\"wp-block-image size-large\"><img loading=\"lazy\" decoding=\"async\" width=\"1024\" height=\"505\" src=\"https:\/\/etimark.ch\/wp-content\/uploads\/digimarcKreislauf-1024x505.jpg\" alt=\"\" class=\"wp-image-2879\" srcset=\"https:\/\/etimark.ch\/wp-content\/uploads\/digimarcKreislauf-1024x505.jpg 1024w, https:\/\/etimark.ch\/wp-content\/uploads\/digimarcKreislauf-300x148.jpg 300w, https:\/\/etimark.ch\/wp-content\/uploads\/digimarcKreislauf-768x379.jpg 768w, https:\/\/etimark.ch\/wp-content\/uploads\/digimarcKreislauf-1536x758.jpg 1536w, https:\/\/etimark.ch\/wp-content\/uploads\/digimarcKreislauf-2048x1010.jpg 2048w, https:\/\/etimark.ch\/wp-content\/uploads\/digimarcKreislauf-800x395.jpg 800w\" sizes=\"auto, (max-width: 1024px) 100vw, 1024px\" \/><\/figure>\n\n\n\n<div class=\"wp-block-group is-layout-flow wp-block-group-is-layout-flow\"><div class=\"wp-block-group__inner-container\"><\/div><\/div>\n<\/div>\n<\/div>\n\n\n\n<hr class=\"wp-block-separator is-style-wide\"\/>\n\n\n\n<div class=\"media media--preview\">\n  <div class=\"media__preview\">\n    <img decoding=\"async\" src=\"https:\/\/etimark.ch\/wp-content\/uploads\/DigimarcFlyer-420x600.png\" class=\"media__image\" \/>\n  <\/div>\n  <div class=\"media__content\">\n    <div class=\"media__main\">\n      <h2 class=\"title title--tertiary media__title\"><\/h2>\n      <div class=\"media__text media__text--empty\">\n              <\/div>\n      <div class=\"media__action\">\n        <a href=\"https:\/\/etimark.ch\/wp-content\/uploads\/FlyerA4_Digimarc_f_oSch_low.pdf\" class=\"button\" download traget=\"_blank\">\n          <span class=\"button__icon\"><span class=\"button__arrow\">><\/span><\/span>\n          <span class=\"button__label\">Download<\/span>\n        <\/a>\n      <\/div>\n    <\/div>\n  <\/div>\n<\/div>\n\n\n\n<hr class=\"wp-block-separator is-style-wide\"\/>\n\n\n\n<p><\/p>\n","protected":false},"excerpt":{"rendered":"Avantages Temps d&rsquo;attente r\u00e9duit \u00e0 la caisseRecyclage autour du produitStockage et tra\u00e7abilit\u00e9 dans la logistiqueEnregistrement d&rsquo;une infinit\u00e9 d&rsquo;informations sur le [&hellip;]","protected":false},"author":2,"featured_media":0,"parent":2539,"menu_order":1,"comment_status":"closed","ping_status":"closed","template":"","meta":{"_acf_changed":false,"inline_featured_image":false,"footnotes":""},"class_list":["post-4363","page","type-page","status-publish","hentry"],"acf":[],"_links":{"self":[{"href":"https:\/\/etimark.ch\/fr\/wp-json\/wp\/v2\/pages\/4363","targetHints":{"allow":["GET"]}}],"collection":[{"href":"https:\/\/etimark.ch\/fr\/wp-json\/wp\/v2\/pages"}],"about":[{"href":"https:\/\/etimark.ch\/fr\/wp-json\/wp\/v2\/types\/page"}],"author":[{"embeddable":true,"href":"https:\/\/etimark.ch\/fr\/wp-json\/wp\/v2\/users\/2"}],"replies":[{"embeddable":true,"href":"https:\/\/etimark.ch\/fr\/wp-json\/wp\/v2\/comments?post=4363"}],"version-history":[{"count":2,"href":"https:\/\/etimark.ch\/fr\/wp-json\/wp\/v2\/pages\/4363\/revisions"}],"predecessor-version":[{"id":4368,"href":"https:\/\/etimark.ch\/fr\/wp-json\/wp\/v2\/pages\/4363\/revisions\/4368"}],"up":[{"embeddable":true,"href":"https:\/\/etimark.ch\/fr\/wp-json\/wp\/v2\/pages\/2539"}],"wp:attachment":[{"href":"https:\/\/etimark.ch\/fr\/wp-json\/wp\/v2\/media?parent=4363"}],"curies":[{"name":"wp","href":"https:\/\/api.w.org\/{rel}","templated":true}]}}