{"id":4345,"date":"2021-12-09T11:17:38","date_gmt":"2021-12-09T10:17:38","guid":{"rendered":"https:\/\/etimark.ch\/?page_id=4345"},"modified":"2024-08-20T22:46:05","modified_gmt":"2024-08-20T20:46:05","slug":"traitement-ulterieur-confection","status":"publish","type":"page","link":"https:\/\/etimark.ch\/fr\/production\/traitement-ulterieur-confection\/","title":{"rendered":"Traitement ult\u00e9rieur\/  Confection"},"content":{"rendered":"\n<div class=\"intro\">\n  <div class=\"intro__content\">\n    <p>Les rouleaux imprim\u00e9s avec des \u00e9tiquettes ou des couvercles d\u00e9coup\u00e9s sont directement envoy\u00e9s \u00e0 l&rsquo;atelier de d\u00e9coupe ou de confection. Les commandes y sont trait\u00e9es en fonction des besoins du client.<\/p>\n  <\/div>\n<\/div>\n\n\n\n<div class=\"wp-block-columns is-layout-flex wp-container-core-columns-is-layout-9d6595d7 wp-block-columns-is-layout-flex\">\n<div class=\"wp-block-column is-layout-flow wp-block-column-is-layout-flow\">\n<figure class=\"wp-block-image size-large\"><img loading=\"lazy\" decoding=\"async\" width=\"709\" height=\"473\" src=\"http:\/\/etimark.ch\/wp-content\/uploads\/CHM1499_1.jpg\" alt=\"\" class=\"wp-image-803\" srcset=\"https:\/\/etimark.ch\/wp-content\/uploads\/CHM1499_1.jpg 709w, https:\/\/etimark.ch\/wp-content\/uploads\/CHM1499_1-430x287.jpg 430w, https:\/\/etimark.ch\/wp-content\/uploads\/CHM1499_1-300x200.jpg 300w\" sizes=\"auto, (max-width: 709px) 100vw, 709px\" \/><\/figure>\n\n\n\n<h2 class=\"wp-block-heading\">Salle de presse<\/h2>\n\n\n\n<p>Une pr\u00e9cision absolue de mesure des pi\u00e8ces matric\u00e9es, un centrage d\u2019estampage pr\u00e9cis et une pr\u00e9cision d\u2019avance \u00e9lev\u00e9e repr\u00e9sentent le standard actuel de nos presses High End. Un personnel tr\u00e8s bien form\u00e9, qui ma\u00eetrise chaque type de machine, un remplacement ais\u00e9 des composants et une fiabilit\u00e9 extr\u00eamement \u00e9lev\u00e9e se combinent pour cr\u00e9er une \u00e9quipe performante. Renseignez-vous sur la vari\u00e9t\u00e9 de nos formes d\u2019estampage actuelles. En outre&nbsp;: L\u2019int\u00e9gralit\u00e9 des d\u00e9chets d\u2019estampage est achemin\u00e9e de mani\u00e8re totalement automatis\u00e9e au recyclage.<\/p>\n\n\n\n<figure class=\"wp-block-gallery has-nested-images columns-default is-cropped wp-block-gallery-1 is-layout-flex wp-block-gallery-is-layout-flex\">\n<figure class=\"wp-block-image size-medium\"><img loading=\"lazy\" decoding=\"async\" width=\"200\" height=\"300\" data-id=\"2503\" src=\"http:\/\/etimark.ch\/wp-content\/uploads\/Stanzabf\u00e4lle_sw72-200x300.jpg\" alt=\"\" class=\"wp-image-2503\" srcset=\"https:\/\/etimark.ch\/wp-content\/uploads\/Stanzabf\u00e4lle_sw72-200x300.jpg 200w, https:\/\/etimark.ch\/wp-content\/uploads\/Stanzabf\u00e4lle_sw72.jpg 378w\" sizes=\"auto, (max-width: 200px) 100vw, 200px\" \/><\/figure>\n\n\n\n<figure class=\"wp-block-image size-medium\"><img loading=\"lazy\" decoding=\"async\" width=\"300\" height=\"200\" data-id=\"3600\" src=\"http:\/\/etimark.ch\/wp-content\/uploads\/Stanzerei-300x200.jpg\" alt=\"\" class=\"wp-image-3600\" srcset=\"https:\/\/etimark.ch\/wp-content\/uploads\/Stanzerei-300x200.jpg 300w, https:\/\/etimark.ch\/wp-content\/uploads\/Stanzerei.jpg 709w\" sizes=\"auto, (max-width: 300px) 100vw, 300px\" \/><\/figure>\n\n\n\n<figure class=\"wp-block-image size-medium\"><img loading=\"lazy\" decoding=\"async\" width=\"300\" height=\"200\" data-id=\"308\" src=\"http:\/\/etimark.ch\/wp-content\/uploads\/CHM1486_1-300x200.jpg\" alt=\"\" class=\"wp-image-308\" srcset=\"https:\/\/etimark.ch\/wp-content\/uploads\/CHM1486_1-300x200.jpg 300w, https:\/\/etimark.ch\/wp-content\/uploads\/CHM1486_1.jpg 709w\" sizes=\"auto, (max-width: 300px) 100vw, 300px\" \/><\/figure>\n<\/figure>\n<\/div>\n\n\n\n<div class=\"wp-block-column is-layout-flow wp-block-column-is-layout-flow\">\n<figure class=\"wp-block-image size-large\"><img loading=\"lazy\" decoding=\"async\" width=\"1024\" height=\"683\" src=\"http:\/\/etimark.ch\/wp-content\/uploads\/MG_3279-1024x683.jpg\" alt=\"\" class=\"wp-image-866\" srcset=\"https:\/\/etimark.ch\/wp-content\/uploads\/MG_3279-1024x683.jpg 1024w, https:\/\/etimark.ch\/wp-content\/uploads\/MG_3279-800x533.jpg 800w, https:\/\/etimark.ch\/wp-content\/uploads\/MG_3279-300x200.jpg 300w, https:\/\/etimark.ch\/wp-content\/uploads\/MG_3279-768x512.jpg 768w\" sizes=\"auto, (max-width: 1024px) 100vw, 1024px\" \/><\/figure>\n\n\n\n<h2 class=\"wp-block-heading\">Fabrication \u00e9tiquettes<\/h2>\n\n\n\n<p>Nous fabriquons vos \u00e9tiquettes et rouleaux de mati\u00e8res selon vos indications sur nos installations de d\u00e9coupe. Les \u00e9tiquettes y sont soumises \u00e0 une v\u00e9rification \u00e0 100%.<\/p>\n<\/div>\n<\/div>\n","protected":false},"excerpt":{"rendered":"Salle de presse Une pr\u00e9cision absolue de mesure des pi\u00e8ces matric\u00e9es, un centrage d\u2019estampage pr\u00e9cis et une pr\u00e9cision d\u2019avance \u00e9lev\u00e9e [&hellip;]","protected":false},"author":2,"featured_media":0,"parent":2539,"menu_order":5,"comment_status":"closed","ping_status":"closed","template":"","meta":{"_acf_changed":false,"inline_featured_image":false,"footnotes":""},"class_list":["post-4345","page","type-page","status-publish","hentry"],"acf":[],"_links":{"self":[{"href":"https:\/\/etimark.ch\/fr\/wp-json\/wp\/v2\/pages\/4345","targetHints":{"allow":["GET"]}}],"collection":[{"href":"https:\/\/etimark.ch\/fr\/wp-json\/wp\/v2\/pages"}],"about":[{"href":"https:\/\/etimark.ch\/fr\/wp-json\/wp\/v2\/types\/page"}],"author":[{"embeddable":true,"href":"https:\/\/etimark.ch\/fr\/wp-json\/wp\/v2\/users\/2"}],"replies":[{"embeddable":true,"href":"https:\/\/etimark.ch\/fr\/wp-json\/wp\/v2\/comments?post=4345"}],"version-history":[{"count":9,"href":"https:\/\/etimark.ch\/fr\/wp-json\/wp\/v2\/pages\/4345\/revisions"}],"predecessor-version":[{"id":5766,"href":"https:\/\/etimark.ch\/fr\/wp-json\/wp\/v2\/pages\/4345\/revisions\/5766"}],"up":[{"embeddable":true,"href":"https:\/\/etimark.ch\/fr\/wp-json\/wp\/v2\/pages\/2539"}],"wp:attachment":[{"href":"https:\/\/etimark.ch\/fr\/wp-json\/wp\/v2\/media?parent=4345"}],"curies":[{"name":"wp","href":"https:\/\/api.w.org\/{rel}","templated":true}]}}