{"id":4339,"date":"2021-12-09T11:08:51","date_gmt":"2021-12-09T10:08:51","guid":{"rendered":"https:\/\/etimark.ch\/?page_id=4339"},"modified":"2021-12-09T11:08:52","modified_gmt":"2021-12-09T10:08:52","slug":"preparation","status":"publish","type":"page","link":"https:\/\/etimark.ch\/fr\/production\/preparation\/","title":{"rendered":"Pr\u00e9paration"},"content":{"rendered":"\n<div class=\"intro\">\n  <div class=\"intro__content\">\n    <p><strong>Le fondement de la qualit\u00e9 r\u00e9side dans la pr\u00e9paration<\/strong><strong>\u2028<\/strong><br \/>\nELa pr\u00e9paration parfaite d\u2019une t\u00e2che d\u2019impression signifie qu\u2019il n\u2019y a pas de place pour les lacunes. Les cylindres d\u2019impression, les encres et le mat\u00e9riel d\u2019impression sont tous pr\u00e9par\u00e9s avec les papiers de commande. L\u2019insertion des plaques d\u2019impression ainsi que le m\u00e9lange des encres d\u2019impression requi\u00e8rent la perfection. Gr\u00e2ce \u00e0 notre nouvelle doseuse et notre nouvelle installation de m\u00e9lange des encres, nous obtenons un niveau maximum de pr\u00e9cision et de reproductibilit\u00e9, ainsi qu\u2019une application ultra simple. Cela permet ainsi non seulement de m\u00e9langer de nouvelles encres sp\u00e9ciales dans des doses pr\u00e9cises mais \u00e9galement d\u2019utiliser dans de nouvelles formules, un grand nombre d\u2019encres d\u00e9j\u00e0 existantes. Nous contribuons ainsi \u00e0 la pr\u00e9servation de l\u2019environnement et des ressources en r\u00e9duisant consid\u00e9rablement des d\u00e9chets d\u2019encre.<\/p>\n  <\/div>\n<\/div>\n\n\n\n<figure class=\"wp-block-gallery alignwide columns-2 is-cropped wp-block-gallery-1 is-layout-flex wp-block-gallery-is-layout-flex\"><ul class=\"blocks-gallery-grid\"><li class=\"blocks-gallery-item\"><figure><img loading=\"lazy\" decoding=\"async\" width=\"709\" height=\"473\" src=\"http:\/\/etimark.ch\/wp-content\/uploads\/CHM1410_1.jpg\" alt=\"\" data-id=\"797\" data-full-url=\"http:\/\/etimark.ch\/wp-content\/uploads\/CHM1410_1.jpg\" data-link=\"https:\/\/etimark.ch\/etimark-ag-grabs-31-08-2017-12\/\" class=\"wp-image-797\" srcset=\"https:\/\/etimark.ch\/wp-content\/uploads\/CHM1410_1.jpg 709w, https:\/\/etimark.ch\/wp-content\/uploads\/CHM1410_1-300x200.jpg 300w\" sizes=\"auto, (max-width: 709px) 100vw, 709px\" \/><figcaption class=\"blocks-gallery-item__caption\">Les m\u00e9langes de couleurs li\u00e9s aux commandes sont enregistr\u00e9s \u00e9lectroniquement et peuvent \u00eatre rappel\u00e9s \u00e0 tout moment.<\/figcaption><\/figure><\/li><li class=\"blocks-gallery-item\"><figure><img loading=\"lazy\" decoding=\"async\" width=\"709\" height=\"473\" src=\"http:\/\/etimark.ch\/wp-content\/uploads\/CHM1675_1.jpg\" alt=\"\" data-id=\"323\" data-full-url=\"http:\/\/etimark.ch\/wp-content\/uploads\/CHM1675_1.jpg\" data-link=\"https:\/\/etimark.ch\/startseite\/etimark-ag-grabs-31-08-2017-9\/\" class=\"wp-image-323\" srcset=\"https:\/\/etimark.ch\/wp-content\/uploads\/CHM1675_1.jpg 709w, https:\/\/etimark.ch\/wp-content\/uploads\/CHM1675_1-300x200.jpg 300w\" sizes=\"auto, (max-width: 709px) 100vw, 709px\" \/><figcaption class=\"blocks-gallery-item__caption\">L&rsquo;application des clich\u00e9s se fait manuellement.<\/figcaption><\/figure><\/li><\/ul><\/figure>\n","protected":false},"excerpt":{"rendered":"","protected":false},"author":2,"featured_media":0,"parent":2539,"menu_order":3,"comment_status":"closed","ping_status":"closed","template":"","meta":{"_acf_changed":false,"inline_featured_image":false,"footnotes":""},"class_list":["post-4339","page","type-page","status-publish","hentry"],"acf":[],"_links":{"self":[{"href":"https:\/\/etimark.ch\/fr\/wp-json\/wp\/v2\/pages\/4339","targetHints":{"allow":["GET"]}}],"collection":[{"href":"https:\/\/etimark.ch\/fr\/wp-json\/wp\/v2\/pages"}],"about":[{"href":"https:\/\/etimark.ch\/fr\/wp-json\/wp\/v2\/types\/page"}],"author":[{"embeddable":true,"href":"https:\/\/etimark.ch\/fr\/wp-json\/wp\/v2\/users\/2"}],"replies":[{"embeddable":true,"href":"https:\/\/etimark.ch\/fr\/wp-json\/wp\/v2\/comments?post=4339"}],"version-history":[{"count":2,"href":"https:\/\/etimark.ch\/fr\/wp-json\/wp\/v2\/pages\/4339\/revisions"}],"predecessor-version":[{"id":4341,"href":"https:\/\/etimark.ch\/fr\/wp-json\/wp\/v2\/pages\/4339\/revisions\/4341"}],"up":[{"embeddable":true,"href":"https:\/\/etimark.ch\/fr\/wp-json\/wp\/v2\/pages\/2539"}],"wp:attachment":[{"href":"https:\/\/etimark.ch\/fr\/wp-json\/wp\/v2\/media?parent=4339"}],"curies":[{"name":"wp","href":"https:\/\/api.w.org\/{rel}","templated":true}]}}