{"id":4336,"date":"2021-12-09T11:07:51","date_gmt":"2021-12-09T10:07:51","guid":{"rendered":"https:\/\/etimark.ch\/?page_id=4336"},"modified":"2023-08-11T09:19:55","modified_gmt":"2023-08-11T07:19:55","slug":"prepress","status":"publish","type":"page","link":"https:\/\/etimark.ch\/fr\/production\/prepress\/","title":{"rendered":"Pr\u00e9press"},"content":{"rendered":"\n<div class=\"intro\">\n  <div class=\"intro__content\">\n    <p><strong>Design et graphisme<br \/>\n<\/strong>Nous r\u00e9alisons, sur demande des maquettes d\u2019impression individuelles conformes \u00e0 vos exigences et \u00e0 vos id\u00e9es sans agence interm\u00e9diaire. Laissez-vous s\u00e9duire par le travail professionnel de nos graphistes autant pour le design complet que pour les petites modifications.<\/p>\n<p><strong>Pr\u00e9presse<\/strong><br \/>\nLe pr\u00e9presse est une \u00e9tape d\u00e9cisive du processus d&rsquo;impression, qui permet de garantir que le r\u00e9sultat final r\u00e9pond aux exigences \u00e9lev\u00e9es de notre client\u00e8le. Dans le d\u00e9roulement interne du processus, c&rsquo;est ici que sont pos\u00e9es les bases pour que les machines d&rsquo;impression puissent travailler efficacement.<br \/>\nLe processus pr\u00e9presse bien organis\u00e9 et r\u00e9alis\u00e9 de mani\u00e8re professionnelle chez Etimark permet d&rsquo;\u00e9conomiser du temps et de l&rsquo;argent.<\/p>\n<p><strong>Nos prestations :<\/strong><\/p>\n<ol>\n<li>v\u00e9rification et pr\u00e9paration des donn\u00e9es<\/li>\n<li>gestion des couleurs pour les substrats et les proc\u00e9d\u00e9s d&rsquo;impression<\/li>\n<li>traitement et optimisation des images<\/li>\n<li>\u00e9preuvage &#8211; \u00e9preuves d&rsquo;essai ou \u00e9preuves num\u00e9riques<\/li>\n<li>cr\u00e9ation de plaques d&rsquo;impression avec les technologies les plus r\u00e9centes<br \/>\narchivage des donn\u00e9es d&rsquo;impression<\/li>\n<\/ol>\n  <\/div>\n<\/div>\n\n\n\n<div class=\"wp-block-columns is-layout-flex wp-container-core-columns-is-layout-9d6595d7 wp-block-columns-is-layout-flex\">\n<div class=\"wp-block-column is-layout-flow wp-block-column-is-layout-flow\">\n<figure class=\"wp-block-image size-large\"><img loading=\"lazy\" decoding=\"async\" width=\"709\" height=\"473\" src=\"http:\/\/etimark.ch\/wp-content\/uploads\/CHM1423_1-1.jpg\" alt=\"\" class=\"wp-image-3504\" srcset=\"https:\/\/etimark.ch\/wp-content\/uploads\/CHM1423_1-1.jpg 709w, https:\/\/etimark.ch\/wp-content\/uploads\/CHM1423_1-1-300x200.jpg 300w\" sizes=\"auto, (max-width: 709px) 100vw, 709px\" \/><figcaption class=\"wp-element-caption\">Clich\u00e9 pour l&rsquo;impression flexographique<\/figcaption><\/figure>\n\n\n\n<p><strong><strong>Transmission des donn\u00e9es<\/strong><br><\/strong>Nous recevons volontiers vos donn\u00e9es graphiques par e-mail, FTP ou sur CD-ROM\/DVD. Vous pouvez t\u00e9l\u00e9charger des informations pour la pr\u00e9paration de vos donn\u00e9es et leur transmission dans la rubrique&nbsp;Services.<\/p>\n<\/div>\n\n\n\n<div class=\"wp-block-column is-layout-flow wp-block-column-is-layout-flow\">\n<figure class=\"wp-block-image size-large\"><img loading=\"lazy\" decoding=\"async\" width=\"709\" height=\"473\" src=\"http:\/\/etimark.ch\/wp-content\/uploads\/CHM1305_1.jpg\" alt=\"\" class=\"wp-image-3499\" srcset=\"https:\/\/etimark.ch\/wp-content\/uploads\/CHM1305_1.jpg 709w, https:\/\/etimark.ch\/wp-content\/uploads\/CHM1305_1-300x200.jpg 300w\" sizes=\"auto, (max-width: 709px) 100vw, 709px\" \/><figcaption class=\"wp-element-caption\">Traitement num\u00e9rique des images en pr\u00e9presse<\/figcaption><\/figure>\n\n\n\n<p><strong><strong>Archives<\/strong><br><\/strong>Les donn\u00e9es de toutes les commandes produites dans notre usine sont enregistr\u00e9es sous format \u00e9lectrique dans nos archives internes pour une dur\u00e9e de 5 ans et peuvent ainsi \u00eatre consult\u00e9es \u00e0 tout moment.<\/p>\n<\/div>\n<\/div>\n","protected":false},"excerpt":{"rendered":"Transmission des donn\u00e9esNous recevons volontiers vos donn\u00e9es graphiques par e-mail, FTP ou sur CD-ROM\/DVD. Vous pouvez t\u00e9l\u00e9charger des informations pour [&hellip;]","protected":false},"author":2,"featured_media":0,"parent":2539,"menu_order":2,"comment_status":"closed","ping_status":"closed","template":"","meta":{"_acf_changed":false,"inline_featured_image":false,"footnotes":""},"class_list":["post-4336","page","type-page","status-publish","hentry"],"acf":[],"_links":{"self":[{"href":"https:\/\/etimark.ch\/fr\/wp-json\/wp\/v2\/pages\/4336","targetHints":{"allow":["GET"]}}],"collection":[{"href":"https:\/\/etimark.ch\/fr\/wp-json\/wp\/v2\/pages"}],"about":[{"href":"https:\/\/etimark.ch\/fr\/wp-json\/wp\/v2\/types\/page"}],"author":[{"embeddable":true,"href":"https:\/\/etimark.ch\/fr\/wp-json\/wp\/v2\/users\/2"}],"replies":[{"embeddable":true,"href":"https:\/\/etimark.ch\/fr\/wp-json\/wp\/v2\/comments?post=4336"}],"version-history":[{"count":4,"href":"https:\/\/etimark.ch\/fr\/wp-json\/wp\/v2\/pages\/4336\/revisions"}],"predecessor-version":[{"id":5081,"href":"https:\/\/etimark.ch\/fr\/wp-json\/wp\/v2\/pages\/4336\/revisions\/5081"}],"up":[{"embeddable":true,"href":"https:\/\/etimark.ch\/fr\/wp-json\/wp\/v2\/pages\/2539"}],"wp:attachment":[{"href":"https:\/\/etimark.ch\/fr\/wp-json\/wp\/v2\/media?parent=4336"}],"curies":[{"name":"wp","href":"https:\/\/api.w.org\/{rel}","templated":true}]}}