{"id":4330,"date":"2021-12-09T11:01:08","date_gmt":"2021-12-09T10:01:08","guid":{"rendered":"https:\/\/etimark.ch\/?page_id=4330"},"modified":"2023-08-11T09:12:59","modified_gmt":"2023-08-11T07:12:59","slug":"druckerei","status":"publish","type":"page","link":"https:\/\/etimark.ch\/fr\/production\/druckerei\/","title":{"rendered":"Impression"},"content":{"rendered":"\n<div class=\"intro\">\n  <div class=\"intro__content\">\n    <p><strong>Bienvenue dans une nouvelle \u00e8re de l&rsquo;impression &#8211; la flexographie LED ! <\/strong><\/p>\n<p>Plongez dans un monde de brillance, d&rsquo;efficacit\u00e9 et de respect de l&rsquo;environnement. Avec notre technologie d&rsquo;impression flexographique LED, nous avons une fois de plus fait \u0153uvre de pionnier. En collaboration avec notre fournisseur d&rsquo;encre, nous avons atteint un tout nouveau niveau et posons des jalons en mati\u00e8re de qualit\u00e9 et de durabilit\u00e9.<\/p>\n<p><strong>Les avantages :<\/strong><\/p>\n<ol>\n<li>Les LED consomment nettement moins d&rsquo;\u00e9nergie que les lampes UV, ce qui permet de r\u00e9aliser d&rsquo;importantes \u00e9conomies d&rsquo;\u00e9nergie et de pr\u00e9server les ressources.<\/li>\n<li>Temps de durcissement plus court des encres, ce qui permet d&rsquo;augmenter les vitesses de production et donc l&rsquo;efficacit\u00e9 du processus d&rsquo;impression.<\/li>\n<li>Les encres LED sont exemptes de solvants et de COV nocifs, ce qui minimise les \u00e9missions. Les LED ne produisent pas d&rsquo;ozone.<\/li>\n<li>Les LED ont une dur\u00e9e de vie beaucoup plus longue et g\u00e9n\u00e8rent donc moins de d\u00e9chets.<\/li>\n<li>Les encres LED permettent d&rsquo;obtenir des d\u00e9tails encore plus nets et des couleurs plus vives.<\/li>\n<\/ol>\n  <\/div>\n<\/div>\n\n\n\n<div class=\"wp-block-columns is-layout-flex wp-container-core-columns-is-layout-9d6595d7 wp-block-columns-is-layout-flex\">\n<div class=\"wp-block-column is-layout-flow wp-block-column-is-layout-flow\">\n<figure class=\"wp-block-image size-large\"><img loading=\"lazy\" decoding=\"async\" width=\"709\" height=\"473\" src=\"http:\/\/etimark.ch\/wp-content\/uploads\/CHM1656-1_1.jpg\" alt=\"\" class=\"wp-image-320\" srcset=\"https:\/\/etimark.ch\/wp-content\/uploads\/CHM1656-1_1.jpg 709w, https:\/\/etimark.ch\/wp-content\/uploads\/CHM1656-1_1-300x200.jpg 300w\" sizes=\"auto, (max-width: 709px) 100vw, 709px\" \/><\/figure>\n\n\n\n<figure class=\"wp-block-image size-large\"><img loading=\"lazy\" decoding=\"async\" width=\"709\" height=\"473\" src=\"http:\/\/etimark.ch\/wp-content\/uploads\/Druckerei.jpg\" alt=\"\" class=\"wp-image-3581\" srcset=\"https:\/\/etimark.ch\/wp-content\/uploads\/Druckerei.jpg 709w, https:\/\/etimark.ch\/wp-content\/uploads\/Druckerei-300x200.jpg 300w\" sizes=\"auto, (max-width: 709px) 100vw, 709px\" \/><\/figure>\n\n\n\n<figure class=\"wp-block-image size-large\"><img loading=\"lazy\" decoding=\"async\" width=\"709\" height=\"473\" src=\"http:\/\/etimark.ch\/wp-content\/uploads\/Digitaldruck.jpg\" alt=\"\" class=\"wp-image-3571\" srcset=\"https:\/\/etimark.ch\/wp-content\/uploads\/Digitaldruck.jpg 709w, https:\/\/etimark.ch\/wp-content\/uploads\/Digitaldruck-300x200.jpg 300w\" sizes=\"auto, (max-width: 709px) 100vw, 709px\" \/><\/figure>\n<\/div>\n\n\n\n<div class=\"wp-block-column is-layout-flow wp-block-column-is-layout-flow\">\n<figure class=\"wp-block-image size-large\"><img loading=\"lazy\" decoding=\"async\" width=\"709\" height=\"473\" src=\"http:\/\/etimark.ch\/wp-content\/uploads\/CHM1380a_1.jpg\" alt=\"\" class=\"wp-image-794\" srcset=\"https:\/\/etimark.ch\/wp-content\/uploads\/CHM1380a_1.jpg 709w, https:\/\/etimark.ch\/wp-content\/uploads\/CHM1380a_1-300x200.jpg 300w\" sizes=\"auto, (max-width: 709px) 100vw, 709px\" \/><\/figure>\n\n\n\n<h2 class=\"wp-block-heading\">Impression num\u00e9rique<\/h2>\n\n\n\n<p><strong>Notre objectif &#8211; une production aux co\u00fbts optimis\u00e9s<br><\/strong>Fabrication de couvertures et d&rsquo;\u00e9tiquettes de la prochaine g\u00e9n\u00e9ration. Le jet d&rsquo;encre, contrairement aux proc\u00e9d\u00e9s d&rsquo;impression traditionnels tels que la flexographie UV, l&rsquo;offset ou l&rsquo;h\u00e9liogravure, est une impression sans contact et ne n\u00e9cessite donc pas de plaques d&rsquo;impression.<\/p>\n\n\n\n<h2 class=\"wp-block-heading has-medium-font-size\">D&rsquo;innombrables avantages<\/h2>\n\n\n\n<ul class=\"wp-block-list\">\n<li><strong>Pas de plaques d&rsquo;impression, moins de frais annexes !<\/strong><\/li>\n\n\n\n<li>Encres d&rsquo;impression \u00e0 faible migration<\/li>\n\n\n\n<li>Large gamme de couleurs<\/li>\n\n\n\n<li>Haut pouvoir couvrant des couleurs<\/li>\n\n\n\n<li>Pas de diff\u00e9rences de rep\u00e9rage<\/li>\n\n\n\n<li>Reproductibilit\u00e9 \u00e0 100% des travaux d&rsquo;impression<\/li>\n\n\n\n<li>Peu de g\u00e2che (d\u00e9chets) lors de la production &#8211;<\/li>\n\n\n\n<li>Durabilit\u00e9 et pr\u00e9servation des ressources<\/li>\n\n\n\n<li>Petites s\u00e9ries abordables pour les march\u00e9s tests, etc..,<\/li>\n\n\n\n<li>Design personnalisable, impression variable des num\u00e9ros de s\u00e9rie<\/li>\n\n\n\n<li>(il existe de toutes nouvelles options de marketing, par ex. r\u00e9gionalisation, codes gagnants, etc.)<\/li>\n\n\n\n<li>D\u00e9lais de livraison tr\u00e8s flexibles<\/li>\n\n\n\n<li><strong>\u00c9preuves sur mat\u00e9riel original et concordance \u00e0 100% avec le tirage.<\/strong><\/li>\n<\/ul>\n<\/div>\n<\/div>\n\n\n\n<div class=\"wp-block-columns is-layout-flex wp-container-core-columns-is-layout-9d6595d7 wp-block-columns-is-layout-flex\"><\/div>\n","protected":false},"excerpt":{"rendered":"Impression num\u00e9rique Notre objectif &#8211; une production aux co\u00fbts optimis\u00e9sFabrication de couvertures et d&rsquo;\u00e9tiquettes de la prochaine g\u00e9n\u00e9ration. Le jet [&hellip;]","protected":false},"author":2,"featured_media":0,"parent":2539,"menu_order":4,"comment_status":"closed","ping_status":"closed","template":"","meta":{"_acf_changed":false,"inline_featured_image":false,"footnotes":""},"class_list":["post-4330","page","type-page","status-publish","hentry"],"acf":[],"_links":{"self":[{"href":"https:\/\/etimark.ch\/fr\/wp-json\/wp\/v2\/pages\/4330","targetHints":{"allow":["GET"]}}],"collection":[{"href":"https:\/\/etimark.ch\/fr\/wp-json\/wp\/v2\/pages"}],"about":[{"href":"https:\/\/etimark.ch\/fr\/wp-json\/wp\/v2\/types\/page"}],"author":[{"embeddable":true,"href":"https:\/\/etimark.ch\/fr\/wp-json\/wp\/v2\/users\/2"}],"replies":[{"embeddable":true,"href":"https:\/\/etimark.ch\/fr\/wp-json\/wp\/v2\/comments?post=4330"}],"version-history":[{"count":10,"href":"https:\/\/etimark.ch\/fr\/wp-json\/wp\/v2\/pages\/4330\/revisions"}],"predecessor-version":[{"id":5069,"href":"https:\/\/etimark.ch\/fr\/wp-json\/wp\/v2\/pages\/4330\/revisions\/5069"}],"up":[{"embeddable":true,"href":"https:\/\/etimark.ch\/fr\/wp-json\/wp\/v2\/pages\/2539"}],"wp:attachment":[{"href":"https:\/\/etimark.ch\/fr\/wp-json\/wp\/v2\/media?parent=4330"}],"curies":[{"name":"wp","href":"https:\/\/api.w.org\/{rel}","templated":true}]}}