{"id":4310,"date":"2021-12-09T10:44:18","date_gmt":"2021-12-09T09:44:18","guid":{"rendered":"https:\/\/etimark.ch\/?page_id=4310"},"modified":"2021-12-09T10:44:19","modified_gmt":"2021-12-09T09:44:19","slug":"livrets-leporello","status":"publish","type":"page","link":"https:\/\/etimark.ch\/fr\/etiquettes\/livrets-leporello\/","title":{"rendered":"Livrets Leporello"},"content":{"rendered":"\n<div class=\"intro\">\n  <div class=\"intro__content\">\n    <p>Les livrets Leporello informent, font de la publicit\u00e9, \u00e9veillent la curiosit\u00e9 pour votre produit et vous offrent un espace d\u00e9coratif pour vos d\u00e9clarations importantes sur le produit, vos promotions et vos concours. En outre, ils attirent un maximum d&rsquo;attention sur votre produit et influencent ainsi la prise de d\u00e9cision au point de vente.<\/p>\n  <\/div>\n<\/div>\n\n\n\n<div class=\"wp-block-columns is-layout-flex wp-container-core-columns-is-layout-9d6595d7 wp-block-columns-is-layout-flex\">\n<div class=\"wp-block-column is-layout-flow wp-block-column-is-layout-flow\">\n<figure class=\"wp-block-image size-large\"><img loading=\"lazy\" decoding=\"async\" width=\"649\" height=\"670\" src=\"http:\/\/etimark.ch\/wp-content\/uploads\/Illu_Titel-LeporelloBooklets.png\" alt=\"\" class=\"wp-image-3714\" srcset=\"https:\/\/etimark.ch\/wp-content\/uploads\/Illu_Titel-LeporelloBooklets.png 649w, https:\/\/etimark.ch\/wp-content\/uploads\/Illu_Titel-LeporelloBooklets-291x300.png 291w, https:\/\/etimark.ch\/wp-content\/uploads\/Illu_Titel-LeporelloBooklets-581x600.png 581w\" sizes=\"auto, (max-width: 649px) 100vw, 649px\" \/><\/figure>\n<\/div>\n\n\n\n<div class=\"wp-block-column is-layout-flow wp-block-column-is-layout-flow\">\n<h2 class=\"wp-block-heading\">Il y a plus \u00e0 l&rsquo;int\u00e9rieur ! &#8211;<\/h2>\n\n\n\n<h2 class=\"has-medium-font-size wp-block-heading\">Plus d&rsquo;espace pour les informations et les incitations d&rsquo;achat suppl\u00e9mentaires.<\/h2>\n\n\n\n<p><strong>Rond, carr\u00e9, de forme personnalis\u00e9e, 8 pages maximum, en pli roul\u00e9 ou en accord\u00e9on ou \u00e0 feuilleter, pour l&rsquo;industrie alimentaire et des boissons, la cosm\u00e9tique, la pharmacie, la chimie, etc.<\/strong><\/p>\n\n\n\n<ul class=\"wp-block-list\"><li>Plus d&rsquo;espace pour les informations<\/li><li>Plus de design<\/li><li>Espace publicitaire suppl\u00e9mentaire<\/li><li>Plus de possibilit\u00e9s<\/li><li>Plusieurs langues<\/li><\/ul>\n\n\n\n<div class=\"media media--preview\">\n  <div class=\"media__preview\">\n    <img decoding=\"async\" src=\"https:\/\/etimark.ch\/wp-content\/uploads\/Flyer_Multilabel_-420x600.png\" class=\"media__image\" \/>\n  <\/div>\n  <div class=\"media__content\">\n    <div class=\"media__main\">\n      <h2 class=\"title title--tertiary media__title\"><\/h2>\n      <div class=\"media__text media__text--empty\">\n              <\/div>\n      <div class=\"media__action\">\n        <a href=\"https:\/\/etimark.ch\/wp-content\/uploads\/0_Flyer4_Multilabels_oSch_f.pdf\" class=\"button\" download traget=\"_blank\">\n          <span class=\"button__icon\"><span class=\"button__arrow\">><\/span><\/span>\n          <span class=\"button__label\">Download<\/span>\n        <\/a>\n      <\/div>\n    <\/div>\n  <\/div>\n<\/div>\n<\/div>\n<\/div>\n","protected":false},"excerpt":{"rendered":"Il y a plus \u00e0 l&rsquo;int\u00e9rieur ! &#8211; Plus d&rsquo;espace pour les informations et les incitations d&rsquo;achat suppl\u00e9mentaires. Rond, carr\u00e9, [&hellip;]","protected":false},"author":2,"featured_media":0,"parent":2392,"menu_order":1,"comment_status":"closed","ping_status":"closed","template":"","meta":{"_acf_changed":false,"inline_featured_image":false,"footnotes":""},"class_list":["post-4310","page","type-page","status-publish","hentry"],"acf":[],"_links":{"self":[{"href":"https:\/\/etimark.ch\/fr\/wp-json\/wp\/v2\/pages\/4310","targetHints":{"allow":["GET"]}}],"collection":[{"href":"https:\/\/etimark.ch\/fr\/wp-json\/wp\/v2\/pages"}],"about":[{"href":"https:\/\/etimark.ch\/fr\/wp-json\/wp\/v2\/types\/page"}],"author":[{"embeddable":true,"href":"https:\/\/etimark.ch\/fr\/wp-json\/wp\/v2\/users\/2"}],"replies":[{"embeddable":true,"href":"https:\/\/etimark.ch\/fr\/wp-json\/wp\/v2\/comments?post=4310"}],"version-history":[{"count":2,"href":"https:\/\/etimark.ch\/fr\/wp-json\/wp\/v2\/pages\/4310\/revisions"}],"predecessor-version":[{"id":4315,"href":"https:\/\/etimark.ch\/fr\/wp-json\/wp\/v2\/pages\/4310\/revisions\/4315"}],"up":[{"embeddable":true,"href":"https:\/\/etimark.ch\/fr\/wp-json\/wp\/v2\/pages\/2392"}],"wp:attachment":[{"href":"https:\/\/etimark.ch\/fr\/wp-json\/wp\/v2\/media?parent=4310"}],"curies":[{"name":"wp","href":"https:\/\/api.w.org\/{rel}","templated":true}]}}