{"id":4301,"date":"2021-12-09T10:27:43","date_gmt":"2021-12-09T09:27:43","guid":{"rendered":"https:\/\/etimark.ch\/?page_id=4301"},"modified":"2021-12-09T10:27:44","modified_gmt":"2021-12-09T09:27:44","slug":"utilisation","status":"publish","type":"page","link":"https:\/\/etimark.ch\/fr\/etiquettes\/utilisation\/","title":{"rendered":"Utilisation"},"content":{"rendered":"\n<div class=\"intro\">\n  <div class=\"intro__content\">\n    <p>Les \u00e9tiquettes autoadh\u00e9sives sont la solution id\u00e9ale pour faire figurer des mentions sur les produits. L\u2019\u00e9tiquette fournit des renseignements sur le produit et son contenu et elle est un v\u00e9ritable support publicitaire qui joue un r\u00f4le pr\u00e9pond\u00e9rant dans la d\u00e9cision d\u2019achat. Le consommateur n\u2019ach\u00e8te un produit que si celui-ci pr\u00e9sente un aspect g\u00e9n\u00e9ral qui le convainc.<span class=\"Apple-converted-space\">\u00a0<\/span><\/p>\n<p>Nous avons le mat\u00e9riel adapt\u00e9 \u00e0 toutes les exigences, que la priorit\u00e9 soit accord\u00e9e \u00e0 l\u2019esth\u00e9tisme ou \u00e0 la fonctionnalit\u00e9. Gr\u00e2ce \u00e0 notre large assortiment, nous trouvons toujours la solution adapt\u00e9e pour mettre un produit parfaitement en valeur.<\/p>\n  <\/div>\n<\/div>\n\n\n\n<div class=\"wp-block-columns is-layout-flex wp-container-core-columns-is-layout-9d6595d7 wp-block-columns-is-layout-flex\">\n<div class=\"wp-block-column is-layout-flow wp-block-column-is-layout-flow\">\n<div class=\"wp-block-columns is-layout-flex wp-container-core-columns-is-layout-9d6595d7 wp-block-columns-is-layout-flex\">\n<div class=\"wp-block-column is-layout-flow wp-block-column-is-layout-flow\">\n<h2 class=\"has-medium-font-size wp-block-heading\">Food<\/h2>\n\n\n\n<figure class=\"wp-block-image size-large\"><img loading=\"lazy\" decoding=\"async\" width=\"1024\" height=\"1024\" src=\"http:\/\/etimark.ch\/wp-content\/uploads\/LebensmittelEtikette-1024x1024.jpg\" alt=\"\" class=\"wp-image-3391\" srcset=\"https:\/\/etimark.ch\/wp-content\/uploads\/LebensmittelEtikette-1024x1024.jpg 1024w, https:\/\/etimark.ch\/wp-content\/uploads\/LebensmittelEtikette-300x300.jpg 300w, https:\/\/etimark.ch\/wp-content\/uploads\/LebensmittelEtikette-150x150.jpg 150w, https:\/\/etimark.ch\/wp-content\/uploads\/LebensmittelEtikette-768x768.jpg 768w, https:\/\/etimark.ch\/wp-content\/uploads\/LebensmittelEtikette-1536x1536.jpg 1536w, https:\/\/etimark.ch\/wp-content\/uploads\/LebensmittelEtikette-2048x2048.jpg 2048w, https:\/\/etimark.ch\/wp-content\/uploads\/LebensmittelEtikette-250x250.jpg 250w, https:\/\/etimark.ch\/wp-content\/uploads\/LebensmittelEtikette-800x800.jpg 800w, https:\/\/etimark.ch\/wp-content\/uploads\/LebensmittelEtikette-600x600.jpg 600w\" sizes=\"auto, (max-width: 1024px) 100vw, 1024px\" \/><\/figure>\n\n\n\n<p><strong>\u00c9tiquettes pour :<br><\/strong>Viande, produits laitiers, produits de boulangerie, fruits et l\u00e9gumes, huiles et graisses, produits moulus, \u00e9pices et herbes, sauces, c\u00e9r\u00e9ales, compl\u00e9ments alimentaires, etc.<\/p>\n<\/div>\n\n\n\n<div class=\"wp-block-column is-layout-flow wp-block-column-is-layout-flow\">\n<h2 class=\"has-medium-font-size wp-block-heading\"><strong>Boissons<\/strong><\/h2>\n\n\n\n<figure class=\"wp-block-image size-large\"><img loading=\"lazy\" decoding=\"async\" width=\"1024\" height=\"1024\" src=\"http:\/\/etimark.ch\/wp-content\/uploads\/GetraenkeEtikette-1024x1024.jpg\" alt=\"\" class=\"wp-image-3382\" srcset=\"https:\/\/etimark.ch\/wp-content\/uploads\/GetraenkeEtikette-1024x1024.jpg 1024w, https:\/\/etimark.ch\/wp-content\/uploads\/GetraenkeEtikette-300x300.jpg 300w, https:\/\/etimark.ch\/wp-content\/uploads\/GetraenkeEtikette-150x150.jpg 150w, https:\/\/etimark.ch\/wp-content\/uploads\/GetraenkeEtikette-768x768.jpg 768w, https:\/\/etimark.ch\/wp-content\/uploads\/GetraenkeEtikette-1536x1536.jpg 1536w, https:\/\/etimark.ch\/wp-content\/uploads\/GetraenkeEtikette-2048x2048.jpg 2048w, https:\/\/etimark.ch\/wp-content\/uploads\/GetraenkeEtikette-250x250.jpg 250w, https:\/\/etimark.ch\/wp-content\/uploads\/GetraenkeEtikette-800x800.jpg 800w, https:\/\/etimark.ch\/wp-content\/uploads\/GetraenkeEtikette-600x600.jpg 600w\" sizes=\"auto, (max-width: 1024px) 100vw, 1024px\" \/><\/figure>\n\n\n\n<p><strong>\u00c9tiquettes pour :<\/strong><br>Eau min\u00e9rale, boissons sucr\u00e9es, jus de fruits, bi\u00e8re, vin, spiritueux, caf\u00e9, th\u00e9, sirop, boissons \u00e9nergisantes, etc.<\/p>\n<\/div>\n<\/div>\n<\/div>\n\n\n\n<div class=\"wp-block-column is-layout-flow wp-block-column-is-layout-flow\">\n<div class=\"wp-block-columns is-layout-flex wp-container-core-columns-is-layout-9d6595d7 wp-block-columns-is-layout-flex\">\n<div class=\"wp-block-column is-layout-flow wp-block-column-is-layout-flow\">\n<h2 class=\"has-medium-font-size wp-block-heading\"><strong><strong>Commerce de d\u00e9tail<\/strong><\/strong><\/h2>\n\n\n\n<figure class=\"wp-block-image size-large\"><img loading=\"lazy\" decoding=\"async\" width=\"1024\" height=\"1024\" src=\"http:\/\/etimark.ch\/wp-content\/uploads\/DetailhandelEtikette-1024x1024.jpg\" alt=\"\" class=\"wp-image-3469\" srcset=\"https:\/\/etimark.ch\/wp-content\/uploads\/DetailhandelEtikette-1024x1024.jpg 1024w, https:\/\/etimark.ch\/wp-content\/uploads\/DetailhandelEtikette-300x300.jpg 300w, https:\/\/etimark.ch\/wp-content\/uploads\/DetailhandelEtikette-150x150.jpg 150w, https:\/\/etimark.ch\/wp-content\/uploads\/DetailhandelEtikette-768x768.jpg 768w, https:\/\/etimark.ch\/wp-content\/uploads\/DetailhandelEtikette-1536x1536.jpg 1536w, https:\/\/etimark.ch\/wp-content\/uploads\/DetailhandelEtikette-2048x2048.jpg 2048w, https:\/\/etimark.ch\/wp-content\/uploads\/DetailhandelEtikette-250x250.jpg 250w, https:\/\/etimark.ch\/wp-content\/uploads\/DetailhandelEtikette-800x800.jpg 800w, https:\/\/etimark.ch\/wp-content\/uploads\/DetailhandelEtikette-600x600.jpg 600w\" sizes=\"auto, (max-width: 1024px) 100vw, 1024px\" \/><\/figure>\n\n\n\n<p><strong>\u00c9tiquettes de promotion, de balance et d&rsquo;\u00e9tiquetage pour<\/strong> : <br>Supermarch\u00e9s, magasins discount, galeries marchandes, grands magasins, stations-service, magasins de proximit\u00e9, etc. \u00a0<\/p>\n<\/div>\n\n\n\n<div class=\"wp-block-column is-layout-flow wp-block-column-is-layout-flow\">\n<h2 class=\"has-medium-font-size wp-block-heading\"><strong><strong>Cosm\u00e9tiques \/ soin du corps<\/strong><\/strong><\/h2>\n\n\n\n<figure class=\"wp-block-image size-large\"><img loading=\"lazy\" decoding=\"async\" width=\"1024\" height=\"1024\" src=\"http:\/\/etimark.ch\/wp-content\/uploads\/KosmetikEtikette-1024x1024.jpg\" alt=\"\" class=\"wp-image-3385\" srcset=\"https:\/\/etimark.ch\/wp-content\/uploads\/KosmetikEtikette-1024x1024.jpg 1024w, https:\/\/etimark.ch\/wp-content\/uploads\/KosmetikEtikette-300x300.jpg 300w, https:\/\/etimark.ch\/wp-content\/uploads\/KosmetikEtikette-150x150.jpg 150w, https:\/\/etimark.ch\/wp-content\/uploads\/KosmetikEtikette-768x768.jpg 768w, https:\/\/etimark.ch\/wp-content\/uploads\/KosmetikEtikette-1536x1536.jpg 1536w, https:\/\/etimark.ch\/wp-content\/uploads\/KosmetikEtikette-2048x2048.jpg 2048w, https:\/\/etimark.ch\/wp-content\/uploads\/KosmetikEtikette-250x250.jpg 250w, https:\/\/etimark.ch\/wp-content\/uploads\/KosmetikEtikette-800x800.jpg 800w, https:\/\/etimark.ch\/wp-content\/uploads\/KosmetikEtikette-600x600.jpg 600w\" sizes=\"auto, (max-width: 1024px) 100vw, 1024px\" \/><\/figure>\n\n\n\n<p><strong>\u00c9tiquettes pour :<\/strong><br>Savons, gels douche, shampooings, cr\u00e8mes, lotions, gels, hygi\u00e8ne dentaire, soin des cheveux, soin de la peau, \u00e9pilation, etc.<\/p>\n<\/div>\n<\/div>\n<\/div>\n<\/div>\n\n\n\n<div class=\"wp-block-columns is-layout-flex wp-container-core-columns-is-layout-9d6595d7 wp-block-columns-is-layout-flex\">\n<div class=\"wp-block-column is-layout-flow wp-block-column-is-layout-flow\">\n<div class=\"wp-block-columns is-layout-flex wp-container-core-columns-is-layout-9d6595d7 wp-block-columns-is-layout-flex\">\n<div class=\"wp-block-column is-layout-flow wp-block-column-is-layout-flow\">\n<h2 class=\"has-medium-font-size wp-block-heading\"><strong><strong>Chimie<\/strong><\/strong><\/h2>\n\n\n\n<figure class=\"wp-block-image size-large\"><img loading=\"lazy\" decoding=\"async\" width=\"1024\" height=\"1024\" src=\"http:\/\/etimark.ch\/wp-content\/uploads\/ChemieEtikette-1-1024x1024.jpg\" alt=\"\" class=\"wp-image-3379\" srcset=\"https:\/\/etimark.ch\/wp-content\/uploads\/ChemieEtikette-1-1024x1024.jpg 1024w, https:\/\/etimark.ch\/wp-content\/uploads\/ChemieEtikette-1-300x300.jpg 300w, https:\/\/etimark.ch\/wp-content\/uploads\/ChemieEtikette-1-150x150.jpg 150w, https:\/\/etimark.ch\/wp-content\/uploads\/ChemieEtikette-1-768x768.jpg 768w, https:\/\/etimark.ch\/wp-content\/uploads\/ChemieEtikette-1-1536x1536.jpg 1536w, https:\/\/etimark.ch\/wp-content\/uploads\/ChemieEtikette-1-2048x2048.jpg 2048w, https:\/\/etimark.ch\/wp-content\/uploads\/ChemieEtikette-1-250x250.jpg 250w, https:\/\/etimark.ch\/wp-content\/uploads\/ChemieEtikette-1-800x800.jpg 800w, https:\/\/etimark.ch\/wp-content\/uploads\/ChemieEtikette-1-600x600.jpg 600w\" sizes=\"auto, (max-width: 1024px) 100vw, 1024px\" \/><\/figure>\n\n\n\n<p><strong>\u00c9tiquettes pour :<\/strong><br>Engrais, produits phytosanitaires, vernis,<br>peintures, adh\u00e9sifs, colorants, savons, d\u00e9tergents, graisses, huiles, lubrifiants, combustibles,<br>produits d\u2019entretien, etc.<\/p>\n<\/div>\n\n\n\n<div class=\"wp-block-column is-layout-flow wp-block-column-is-layout-flow\">\n<h2 class=\"has-medium-font-size wp-block-heading\"><strong><strong>Pharmacie \/ m\u00e9decine naturelle<\/strong><\/strong><\/h2>\n\n\n\n<figure class=\"wp-block-image size-large is-resized\"><img loading=\"lazy\" decoding=\"async\" src=\"http:\/\/etimark.ch\/wp-content\/uploads\/PharmaEtikette-1024x1024.jpg\" alt=\"\" class=\"wp-image-3466\" width=\"221\" height=\"221\" srcset=\"https:\/\/etimark.ch\/wp-content\/uploads\/PharmaEtikette-1024x1024.jpg 1024w, https:\/\/etimark.ch\/wp-content\/uploads\/PharmaEtikette-300x300.jpg 300w, https:\/\/etimark.ch\/wp-content\/uploads\/PharmaEtikette-150x150.jpg 150w, https:\/\/etimark.ch\/wp-content\/uploads\/PharmaEtikette-768x768.jpg 768w, https:\/\/etimark.ch\/wp-content\/uploads\/PharmaEtikette-1536x1536.jpg 1536w, https:\/\/etimark.ch\/wp-content\/uploads\/PharmaEtikette-2048x2048.jpg 2048w, https:\/\/etimark.ch\/wp-content\/uploads\/PharmaEtikette-250x250.jpg 250w, https:\/\/etimark.ch\/wp-content\/uploads\/PharmaEtikette-800x800.jpg 800w, https:\/\/etimark.ch\/wp-content\/uploads\/PharmaEtikette-600x600.jpg 600w\" sizes=\"auto, (max-width: 221px) 100vw, 221px\" \/><\/figure>\n\n\n\n<p><strong><strong>\u00c9tiquettes pour :<\/strong><\/strong><br>Solutions\/teinture, huiles, extraits, poudres,<br>granul\u00e9s, comprim\u00e9s, p\u00e2tes, lotions,<br>pansements, spray, produits d\u2019inhalation, etc.<\/p>\n<\/div>\n<\/div>\n<\/div>\n\n\n\n<div class=\"wp-block-column is-layout-flow wp-block-column-is-layout-flow\">\n<div class=\"wp-block-columns is-layout-flex wp-container-core-columns-is-layout-9d6595d7 wp-block-columns-is-layout-flex\">\n<div class=\"wp-block-column is-layout-flow wp-block-column-is-layout-flow\">\n<h2 class=\"has-medium-font-size wp-block-heading\"><strong><strong>Logistique<\/strong><\/strong><\/h2>\n\n\n\n<figure class=\"wp-block-image size-large\"><img loading=\"lazy\" decoding=\"async\" width=\"1024\" height=\"1024\" src=\"http:\/\/etimark.ch\/wp-content\/uploads\/LogistikEtikette-1024x1024.jpg\" alt=\"\" class=\"wp-image-3474\" srcset=\"https:\/\/etimark.ch\/wp-content\/uploads\/LogistikEtikette-1024x1024.jpg 1024w, https:\/\/etimark.ch\/wp-content\/uploads\/LogistikEtikette-300x300.jpg 300w, https:\/\/etimark.ch\/wp-content\/uploads\/LogistikEtikette-150x150.jpg 150w, https:\/\/etimark.ch\/wp-content\/uploads\/LogistikEtikette-768x768.jpg 768w, https:\/\/etimark.ch\/wp-content\/uploads\/LogistikEtikette-1536x1536.jpg 1536w, https:\/\/etimark.ch\/wp-content\/uploads\/LogistikEtikette-2048x2048.jpg 2048w, https:\/\/etimark.ch\/wp-content\/uploads\/LogistikEtikette-250x250.jpg 250w, https:\/\/etimark.ch\/wp-content\/uploads\/LogistikEtikette-800x800.jpg 800w, https:\/\/etimark.ch\/wp-content\/uploads\/LogistikEtikette-600x600.jpg 600w\" sizes=\"auto, (max-width: 1024px) 100vw, 1024px\" \/><\/figure>\n\n\n\n<p><strong>\u00c9tiquettes pour :<\/strong><br>Stockage, organisation, informations, mentions de danger, exp\u00e9dition, poids\/prix, tra\u00e7abilit\u00e9, codes EAN\/QR, etc. \u00a0<\/p>\n<\/div>\n\n\n\n<div class=\"wp-block-column is-layout-flow wp-block-column-is-layout-flow\">\n<h2 class=\"has-medium-font-size wp-block-heading\"><strong><strong>Magasins sp\u00e9cialis\u00e9s<\/strong><\/strong><\/h2>\n\n\n\n<figure class=\"wp-block-image size-large\"><img loading=\"lazy\" decoding=\"async\" width=\"1024\" height=\"1024\" src=\"http:\/\/etimark.ch\/wp-content\/uploads\/FachgeschaeftEtikette-1024x1024.jpg\" alt=\"\" class=\"wp-image-3485\" srcset=\"https:\/\/etimark.ch\/wp-content\/uploads\/FachgeschaeftEtikette-1024x1024.jpg 1024w, https:\/\/etimark.ch\/wp-content\/uploads\/FachgeschaeftEtikette-300x300.jpg 300w, https:\/\/etimark.ch\/wp-content\/uploads\/FachgeschaeftEtikette-150x150.jpg 150w, https:\/\/etimark.ch\/wp-content\/uploads\/FachgeschaeftEtikette-768x768.jpg 768w, https:\/\/etimark.ch\/wp-content\/uploads\/FachgeschaeftEtikette-1536x1536.jpg 1536w, https:\/\/etimark.ch\/wp-content\/uploads\/FachgeschaeftEtikette-2048x2048.jpg 2048w, https:\/\/etimark.ch\/wp-content\/uploads\/FachgeschaeftEtikette-250x250.jpg 250w, https:\/\/etimark.ch\/wp-content\/uploads\/FachgeschaeftEtikette-800x800.jpg 800w, https:\/\/etimark.ch\/wp-content\/uploads\/FachgeschaeftEtikette-600x600.jpg 600w\" sizes=\"auto, (max-width: 1024px) 100vw, 1024px\" \/><\/figure>\n\n\n\n<p><strong><strong>\u00c9tiquettes pour :<\/strong><\/strong><br>Aliments, produits di\u00e9t\u00e9tiques, v\u00eatements,<br>meubles, articles de sport, cosm\u00e9tiques, jouets, \u00e9lectronique, pharmacie\/droguerie, etc. \u00a0<\/p>\n<\/div>\n<\/div>\n<\/div>\n<\/div>\n\n\n\n<p><\/p>\n","protected":false},"excerpt":{"rendered":"Food \u00c9tiquettes pour :Viande, produits laitiers, produits de boulangerie, fruits et l\u00e9gumes, huiles et graisses, produits moulus, \u00e9pices et herbes, [&hellip;]","protected":false},"author":2,"featured_media":0,"parent":2392,"menu_order":3,"comment_status":"closed","ping_status":"closed","template":"","meta":{"_acf_changed":false,"inline_featured_image":false,"footnotes":""},"class_list":["post-4301","page","type-page","status-publish","hentry"],"acf":[],"_links":{"self":[{"href":"https:\/\/etimark.ch\/fr\/wp-json\/wp\/v2\/pages\/4301","targetHints":{"allow":["GET"]}}],"collection":[{"href":"https:\/\/etimark.ch\/fr\/wp-json\/wp\/v2\/pages"}],"about":[{"href":"https:\/\/etimark.ch\/fr\/wp-json\/wp\/v2\/types\/page"}],"author":[{"embeddable":true,"href":"https:\/\/etimark.ch\/fr\/wp-json\/wp\/v2\/users\/2"}],"replies":[{"embeddable":true,"href":"https:\/\/etimark.ch\/fr\/wp-json\/wp\/v2\/comments?post=4301"}],"version-history":[{"count":2,"href":"https:\/\/etimark.ch\/fr\/wp-json\/wp\/v2\/pages\/4301\/revisions"}],"predecessor-version":[{"id":4303,"href":"https:\/\/etimark.ch\/fr\/wp-json\/wp\/v2\/pages\/4301\/revisions\/4303"}],"up":[{"embeddable":true,"href":"https:\/\/etimark.ch\/fr\/wp-json\/wp\/v2\/pages\/2392"}],"wp:attachment":[{"href":"https:\/\/etimark.ch\/fr\/wp-json\/wp\/v2\/media?parent=4301"}],"curies":[{"name":"wp","href":"https:\/\/api.w.org\/{rel}","templated":true}]}}