{"id":4277,"date":"2021-12-09T09:54:21","date_gmt":"2021-12-09T08:54:21","guid":{"rendered":"https:\/\/etimark.ch\/?page_id=4277"},"modified":"2021-12-09T09:56:23","modified_gmt":"2021-12-09T08:56:23","slug":"materiaux","status":"publish","type":"page","link":"https:\/\/etimark.ch\/fr\/etiquettes\/materiaux\/","title":{"rendered":"Mat\u00e9riaux"},"content":{"rendered":"\n<div class=\"intro\">\n  <div class=\"intro__content\">\n    <p>Avec les deux mat\u00e9riaux naturels que sont l&rsquo;herbe et le calcaire, nous proposons une \u00e9tiquette durable.<\/p>\n  <\/div>\n<\/div>\n\n\n\n<div class=\"wp-block-columns is-layout-flex wp-container-core-columns-is-layout-9d6595d7 wp-block-columns-is-layout-flex\">\n<div class=\"wp-block-column is-layout-flow wp-block-column-is-layout-flow\">\n<figure class=\"wp-block-image size-large\"><img loading=\"lazy\" decoding=\"async\" width=\"1024\" height=\"781\" src=\"http:\/\/etimark.ch\/wp-content\/uploads\/OekoPapier0721-1024x781.jpg\" alt=\"\" class=\"wp-image-3864\" srcset=\"https:\/\/etimark.ch\/wp-content\/uploads\/OekoPapier0721-1024x781.jpg 1024w, https:\/\/etimark.ch\/wp-content\/uploads\/OekoPapier0721-300x229.jpg 300w, https:\/\/etimark.ch\/wp-content\/uploads\/OekoPapier0721-768x586.jpg 768w, https:\/\/etimark.ch\/wp-content\/uploads\/OekoPapier0721-1536x1172.jpg 1536w, https:\/\/etimark.ch\/wp-content\/uploads\/OekoPapier0721-800x610.jpg 800w, https:\/\/etimark.ch\/wp-content\/uploads\/OekoPapier0721-786x600.jpg 786w, https:\/\/etimark.ch\/wp-content\/uploads\/OekoPapier0721.jpg 1590w\" sizes=\"auto, (max-width: 1024px) 100vw, 1024px\" \/><\/figure>\n\n\n\n<p><\/p>\n<\/div>\n\n\n\n<div class=\"wp-block-column is-layout-flow wp-block-column-is-layout-flow\">\n<h2 class=\"wp-block-heading\">Eco-mat\u00e9riaux <\/h2>\n\n\n\n<h2 class=\"has-medium-font-size wp-block-heading\">Papier \u00e0 l&rsquo;herbe<\/h2>\n\n\n\n<p>Le papier d&rsquo;herbe ne n\u00e9cessite pratiquement pas d&rsquo;eau pour sa fabrication. L&rsquo;herbe est une mati\u00e8re premi\u00e8re qui se renouvelle rapidement et constamment. De plus, elle est r\u00e9colt\u00e9e localement et pr\u00e9sente donc un bilan \u00e9cologique \u00ab\u00a0blanc\u00a0\u00bb.<\/p>\n\n\n\n<div style=\"height:100px\" aria-hidden=\"true\" class=\"wp-block-spacer\"><\/div>\n\n\n\n<div class=\"media media--preview\">\n  <div class=\"media__preview\">\n    <img decoding=\"async\" src=\"\" class=\"media__image\" \/>\n  <\/div>\n  <div class=\"media__content\">\n    <div class=\"media__main\">\n      <h2 class=\"title title--tertiary media__title\">Flyer OekoPapier Gras<\/h2>\n      <div class=\"media__text media__text--empty\">\n              <\/div>\n      <div class=\"media__action\">\n        <a href=\"https:\/\/etimark.ch\/wp-content\/uploads\/0_Flyer_OekoPapier_Gras_f.pdf\" class=\"button\" download traget=\"_blank\">\n          <span class=\"button__icon\"><span class=\"button__arrow\">><\/span><\/span>\n          <span class=\"button__label\">Download<\/span>\n        <\/a>\n      <\/div>\n    <\/div>\n  <\/div>\n<\/div>\n<\/div>\n<\/div>\n\n\n\n<hr class=\"wp-block-separator is-style-wide\"\/>\n\n\n\n<div class=\"wp-block-columns is-layout-flex wp-container-core-columns-is-layout-9d6595d7 wp-block-columns-is-layout-flex\">\n<div class=\"wp-block-column is-layout-flow wp-block-column-is-layout-flow\">\n<p><\/p>\n\n\n\n<h2 class=\"wp-block-heading\">Du papier<\/h2>\n\n\n\n<p><strong>Papier thermique<br><\/strong>Syst\u00e8mes de pesage, d\u2019identification dans le domaine logistique, syst\u00e8mes de codification<\/p>\n\n\n\n<p><strong>Papier couch\u00e9<br><\/strong>\u00c9tiquettes produits, syst\u00e8mes d\u2019identification dans le domaine logistique (transfert thermique)<\/p>\n\n\n\n<p><strong>Papier couch\u00e9 haute brillance<br><\/strong>\u00c9tiquettes produits haute qualit\u00e9<\/p>\n\n\n\n<p><strong>Papier teint\u00e9<br><\/strong>\u00c9tiquettes produits, \u00e9tiquettes promotionnelles<\/p>\n\n\n\n<p><strong>Papier sp\u00e9cial<br><\/strong>\u00c9tiquettes de s\u00e9curit\u00e9, \u00e9tiquettes produits, (papier holographique, opaque\/translucide, extra blanc, papier fort, papier dor\u00e9, papier d\u2019argent, textile etc.)<\/p>\n<\/div>\n\n\n\n<div class=\"wp-block-column is-layout-flow wp-block-column-is-layout-flow\">\n<h2 class=\"wp-block-heading\">De plastique<\/h2>\n\n\n\n<p><strong>Film thermique<br><\/strong>Syst\u00e8mes de pesage, pour exigences sp\u00e9cifiques par ex. utilisation en cong\u00e9lation<\/p>\n\n\n\n<p><strong>Film transparent<br><\/strong>\u00c9tiquettes produits haute qualit\u00e9 (par ex. no-label-look), syst\u00e8mes d\u2019identification dans le domaine logistique (transfert thermique)<\/p>\n\n\n\n<p><strong>Film teint\u00e9<br><\/strong>\u00c9tiquettes produits, syst\u00e8mes d\u2019identification dans le domaine logistique (transfert thermique)<\/p>\n\n\n\n<p><strong>Film composite<br><\/strong>Applications sp\u00e9ciales comme par ex. : \u00e9tiquettes de s\u00e9curit\u00e9<\/p>\n\n\n\n<p><strong>Film sp\u00e9cial<br><\/strong>\u00c9tiquettes produits (opaque\/translucide, m\u00e9tallis\u00e9, film holographique, etc.)<\/p>\n<\/div>\n<\/div>\n\n\n\n<div class=\"wp-block-columns is-layout-flex wp-container-core-columns-is-layout-9d6595d7 wp-block-columns-is-layout-flex\">\n<div class=\"wp-block-column is-layout-flow wp-block-column-is-layout-flow\">\n<h2 class=\"wp-block-heading\">Lamin\u00e9<\/h2>\n\n\n\n<p><strong><strong>\u00c9tiquettes Papier\/Film lamin\u00e9s<\/strong><\/strong><br>\u00c9tiquettes produits haute qualit\u00e9 (brillance en profondeur), \u00e9tiquettes dans des environnements tr\u00e8s sollicit\u00e9s (par ex.\u00a0: humidit\u00e9, abrasion, effets UV)<\/p>\n<\/div>\n\n\n\n<div class=\"wp-block-column is-layout-flow wp-block-column-is-layout-flow\">\n<h2 class=\"wp-block-heading\">Contrecoll\u00e9es<\/h2>\n\n\n\n<p><strong><strong>\u00c9tiquettes contrecoll\u00e9es<\/strong><\/strong><br>Ensemble composite des mat\u00e9riaux les plus divers pour r\u00e9pondre \u00e0 votre application sp\u00e9cifique<\/p>\n<\/div>\n<\/div>\n\n\n\n<hr class=\"wp-block-separator is-style-wide\"\/>\n\n\n\n<div class=\"wp-block-columns is-layout-flex wp-container-core-columns-is-layout-9d6595d7 wp-block-columns-is-layout-flex\">\n<div class=\"wp-block-column is-layout-flow wp-block-column-is-layout-flow\">\n<figure class=\"wp-block-image size-large\"><img loading=\"lazy\" decoding=\"async\" width=\"624\" height=\"270\" src=\"http:\/\/etimark.ch\/wp-content\/uploads\/EtikRolleDispenserBogen.jpg\" alt=\"\" class=\"wp-image-3849\" srcset=\"https:\/\/etimark.ch\/wp-content\/uploads\/EtikRolleDispenserBogen.jpg 624w, https:\/\/etimark.ch\/wp-content\/uploads\/EtikRolleDispenserBogen-300x130.jpg 300w\" sizes=\"auto, (max-width: 624px) 100vw, 624px\" \/><\/figure>\n<\/div>\n\n\n\n<div class=\"wp-block-column is-layout-flow wp-block-column-is-layout-flow\">\n<h2 class=\"wp-block-heading\">Nous fournissons des \u00e9tiquettes en rouleaux, en distributeurs ou en feuilles<\/h2>\n<\/div>\n<\/div>\n\n\n\n<hr class=\"wp-block-separator is-style-wide\"\/>\n\n\n\n<div class=\"wp-block-columns is-layout-flex wp-container-core-columns-is-layout-9d6595d7 wp-block-columns-is-layout-flex\">\n<div class=\"wp-block-column is-layout-flow wp-block-column-is-layout-flow\">\n<h2 class=\"wp-block-heading\">Finitions<\/h2>\n\n\n\n<ul class=\"wp-block-list\"><li>Look \u00abNo Lable\u00bb<\/li><li>Look m\u00e9tallique<\/li><li>au design r\u00e9tro<\/li><li>avec des effets sp\u00e9ciaux<\/li><li>avec brillant \/ mat laqu\u00e9<\/li><li>avec fonction de s\u00e9curit\u00e9<\/li><li>avec le stratifi\u00e9 de protection<\/li><li>pour les syst\u00e8mes de pesage<\/li><li>pour prix marchandiese<\/li><li>dans des couleurs sp\u00e9ciales<\/li><\/ul>\n<\/div>\n\n\n\n<div class=\"wp-block-column is-layout-flow wp-block-column-is-layout-flow\">\n<h2 class=\"wp-block-heading\"><strong><strong>Mat\u00e9riaux certifi\u00e9s PEFC\u2122<\/strong><\/strong><\/h2>\n\n\n\n<p>Gr\u00e2ce \u00e0 l\u2019utilisation de tous les mat\u00e9riaux identifi\u00e9s avec ce certificat, vous pouvez am\u00e9liorer le bilan des performances \u00e9cologiques de votre entreprise. La mati\u00e8re premi\u00e8re utilis\u00e9e dans ces mat\u00e9riaux est certifi\u00e9e PEFC et assure ainsi que le bois utilis\u00e9 provient de for\u00eats g\u00e9r\u00e9es de mani\u00e8re durable.<\/p>\n\n\n\n<p><strong><strong>Durable, cela signifie\u00a0:<br><\/strong><\/strong>\u2022 D\u00e9chets r\u00e9duits de 20%<br>\u2022 Recyclage \u00e0 100% avec RafCycle<br>\u2022 Certificat PEFC<\/p>\n<\/div>\n<\/div>\n","protected":false},"excerpt":{"rendered":"Eco-mat\u00e9riaux Papier \u00e0 l&rsquo;herbe Le papier d&rsquo;herbe ne n\u00e9cessite pratiquement pas d&rsquo;eau pour sa fabrication. L&rsquo;herbe est une mati\u00e8re premi\u00e8re [&hellip;]","protected":false},"author":2,"featured_media":0,"parent":2392,"menu_order":2,"comment_status":"closed","ping_status":"closed","template":"","meta":{"_acf_changed":false,"inline_featured_image":false,"footnotes":""},"class_list":["post-4277","page","type-page","status-publish","hentry"],"acf":[],"_links":{"self":[{"href":"https:\/\/etimark.ch\/fr\/wp-json\/wp\/v2\/pages\/4277","targetHints":{"allow":["GET"]}}],"collection":[{"href":"https:\/\/etimark.ch\/fr\/wp-json\/wp\/v2\/pages"}],"about":[{"href":"https:\/\/etimark.ch\/fr\/wp-json\/wp\/v2\/types\/page"}],"author":[{"embeddable":true,"href":"https:\/\/etimark.ch\/fr\/wp-json\/wp\/v2\/users\/2"}],"replies":[{"embeddable":true,"href":"https:\/\/etimark.ch\/fr\/wp-json\/wp\/v2\/comments?post=4277"}],"version-history":[{"count":4,"href":"https:\/\/etimark.ch\/fr\/wp-json\/wp\/v2\/pages\/4277\/revisions"}],"predecessor-version":[{"id":4285,"href":"https:\/\/etimark.ch\/fr\/wp-json\/wp\/v2\/pages\/4277\/revisions\/4285"}],"up":[{"embeddable":true,"href":"https:\/\/etimark.ch\/fr\/wp-json\/wp\/v2\/pages\/2392"}],"wp:attachment":[{"href":"https:\/\/etimark.ch\/fr\/wp-json\/wp\/v2\/media?parent=4277"}],"curies":[{"name":"wp","href":"https:\/\/api.w.org\/{rel}","templated":true}]}}