{"id":4274,"date":"2021-12-09T09:43:56","date_gmt":"2021-12-09T08:43:56","guid":{"rendered":"https:\/\/etimark.ch\/?page_id=4274"},"modified":"2021-12-09T10:29:45","modified_gmt":"2021-12-09T09:29:45","slug":"domaine-dapplication","status":"publish","type":"page","link":"https:\/\/etimark.ch\/fr\/opercule\/domaine-dapplication\/","title":{"rendered":"Utilisation"},"content":{"rendered":"\n<div class=\"intro\">\n  <div class=\"intro__content\">\n    <p><b>Une diversit\u00e9 infinie de produits<\/b><\/p>\n<p>Les yaourts et une petite vari\u00e9t\u00e9 de l\u2019industrie laiti\u00e8re \u00e9taient emball\u00e9s dans des pots. Cette palette de produits s\u2019est \u00e9tendue gr\u00e2ce \u00e0 de nombreuses innovations. Cependant la tendance \u00e0 s\u2019alimenter en se d\u00e9pla\u00e7ant (2Go) a redonn\u00e9 sa place au pot qui doit, de ce fait, remplir plusieurs crit\u00e8res : il ne doit pas \u00eatre\u00a0trop grand (la taille d\u2019une portion), il doit \u00eatre pratique (easy open) et le contenu doit pouvoir \u00eatre consomm\u00e9 imm\u00e9diatement, sans aucune pr\u00e9paration.<span class=\"Apple-converted-space\">\u00a0<\/span><\/p>\n<p>Cet emballage a donc fait son apparition dans de nombreuses nouvelles branches. En voici un aper\u00e7u.<\/p>\n  <\/div>\n<\/div>\n\n\n\n<div class=\"wp-block-columns is-layout-flex wp-container-core-columns-is-layout-9d6595d7 wp-block-columns-is-layout-flex\">\n<div class=\"wp-block-column is-layout-flow wp-block-column-is-layout-flow\">\n<div class=\"wp-block-columns is-layout-flex wp-container-core-columns-is-layout-9d6595d7 wp-block-columns-is-layout-flex\">\n<div class=\"wp-block-column is-layout-flow wp-block-column-is-layout-flow\">\n<figure class=\"wp-block-image size-large\"><img loading=\"lazy\" decoding=\"async\" width=\"1024\" height=\"682\" src=\"http:\/\/etimark.ch\/wp-content\/uploads\/MilchprodukteDeckel-1024x682.jpg\" alt=\"\" class=\"wp-image-3367\" srcset=\"https:\/\/etimark.ch\/wp-content\/uploads\/MilchprodukteDeckel-1024x682.jpg 1024w, https:\/\/etimark.ch\/wp-content\/uploads\/MilchprodukteDeckel-300x200.jpg 300w, https:\/\/etimark.ch\/wp-content\/uploads\/MilchprodukteDeckel-768x512.jpg 768w, https:\/\/etimark.ch\/wp-content\/uploads\/MilchprodukteDeckel-1536x1024.jpg 1536w, https:\/\/etimark.ch\/wp-content\/uploads\/MilchprodukteDeckel-800x533.jpg 800w, https:\/\/etimark.ch\/wp-content\/uploads\/MilchprodukteDeckel.jpg 1772w\" sizes=\"auto, (max-width: 1024px) 100vw, 1024px\" \/><\/figure>\n\n\n\n<h2 class=\"has-medium-font-size wp-block-heading\"><strong>Produits laitiers<\/strong><\/h2>\n\n\n\n<p>Yaourts, fromage blanc, cr\u00e8me fraiche, beurre, margarine, fromage frais, fromage \u00e0 tartiner, fromage en morceaux, fondue, cr\u00e8me glac\u00e9e, produits prot\u00e9in\u00e9s, sauces pour salade,<br>dips, babeurre, boissons \u00e0 base de lait, etc.<\/p>\n<\/div>\n\n\n\n<div class=\"wp-block-column is-layout-flow wp-block-column-is-layout-flow\">\n<figure class=\"wp-block-image size-large\"><img loading=\"lazy\" decoding=\"async\" width=\"1024\" height=\"682\" src=\"http:\/\/etimark.ch\/wp-content\/uploads\/FleischprodukteDeckel-1024x682.jpg\" alt=\"\" class=\"wp-image-3358\" srcset=\"https:\/\/etimark.ch\/wp-content\/uploads\/FleischprodukteDeckel-1024x682.jpg 1024w, https:\/\/etimark.ch\/wp-content\/uploads\/FleischprodukteDeckel-300x200.jpg 300w, https:\/\/etimark.ch\/wp-content\/uploads\/FleischprodukteDeckel-768x512.jpg 768w, https:\/\/etimark.ch\/wp-content\/uploads\/FleischprodukteDeckel-1536x1024.jpg 1536w, https:\/\/etimark.ch\/wp-content\/uploads\/FleischprodukteDeckel-800x533.jpg 800w, https:\/\/etimark.ch\/wp-content\/uploads\/FleischprodukteDeckel.jpg 1772w\" sizes=\"auto, (max-width: 1024px) 100vw, 1024px\" \/><\/figure>\n\n\n\n<h2 class=\"has-medium-font-size wp-block-heading\"><strong>Produits \u00e0 base de viande<\/strong><\/h2>\n\n\n\n<p>P\u00e2tes \u00e0 tartiner, viande s\u00e8che en morceaux, saucisses au curry, mini-salami, r\u00f4ti de viande hach\u00e9e, boulettes, petites saucisses, snack<br>croquant aux lardons, etc.<\/p>\n<\/div>\n<\/div>\n<\/div>\n\n\n\n<div class=\"wp-block-column is-layout-flow wp-block-column-is-layout-flow\">\n<div class=\"wp-block-columns is-layout-flex wp-container-core-columns-is-layout-9d6595d7 wp-block-columns-is-layout-flex\">\n<div class=\"wp-block-column is-layout-flow wp-block-column-is-layout-flow\">\n<figure class=\"wp-block-image size-large\"><img loading=\"lazy\" decoding=\"async\" width=\"1024\" height=\"682\" src=\"http:\/\/etimark.ch\/wp-content\/uploads\/BackwarenDeckel-1024x682.jpg\" alt=\"\" class=\"wp-image-3346\" srcset=\"https:\/\/etimark.ch\/wp-content\/uploads\/BackwarenDeckel-1024x682.jpg 1024w, https:\/\/etimark.ch\/wp-content\/uploads\/BackwarenDeckel-300x200.jpg 300w, https:\/\/etimark.ch\/wp-content\/uploads\/BackwarenDeckel-768x512.jpg 768w, https:\/\/etimark.ch\/wp-content\/uploads\/BackwarenDeckel-1536x1024.jpg 1536w, https:\/\/etimark.ch\/wp-content\/uploads\/BackwarenDeckel-800x533.jpg 800w, https:\/\/etimark.ch\/wp-content\/uploads\/BackwarenDeckel.jpg 1772w\" sizes=\"auto, (max-width: 1024px) 100vw, 1024px\" \/><\/figure>\n\n\n\n<h2 class=\"has-medium-font-size wp-block-heading\"><strong>C\u00e9r\u00e9ales<\/strong>,<strong> produits de boulangerie<\/strong> <\/h2>\n\n\n\n<p>C\u00e9r\u00e9ales, noix, snacks, cocktail \u00e9tudiant,<br>porridge, cracker, biscottes, biscuits, petits g\u00e2teaus, etc.<\/p>\n<\/div>\n\n\n\n<div class=\"wp-block-column is-layout-flow wp-block-column-is-layout-flow\">\n<figure class=\"wp-block-image size-large\"><img loading=\"lazy\" decoding=\"async\" width=\"1024\" height=\"682\" src=\"http:\/\/etimark.ch\/wp-content\/uploads\/BrotaufstrichDeckel-1-1024x682.jpg\" alt=\"\" class=\"wp-image-3352\" srcset=\"https:\/\/etimark.ch\/wp-content\/uploads\/BrotaufstrichDeckel-1-1024x682.jpg 1024w, https:\/\/etimark.ch\/wp-content\/uploads\/BrotaufstrichDeckel-1-300x200.jpg 300w, https:\/\/etimark.ch\/wp-content\/uploads\/BrotaufstrichDeckel-1-768x512.jpg 768w, https:\/\/etimark.ch\/wp-content\/uploads\/BrotaufstrichDeckel-1-1536x1024.jpg 1536w, https:\/\/etimark.ch\/wp-content\/uploads\/BrotaufstrichDeckel-1-800x533.jpg 800w, https:\/\/etimark.ch\/wp-content\/uploads\/BrotaufstrichDeckel-1.jpg 1772w\" sizes=\"auto, (max-width: 1024px) 100vw, 1024px\" \/><\/figure>\n\n\n\n<h2 class=\"has-medium-font-size wp-block-heading\"><strong>P\u00e2tes \u00e0 tartiner<\/strong><\/h2>\n\n\n\n<p>Confitures, chocolat, viande, poisson, produits v\u00e9g\u00e9taliens, cr\u00e8mes, etc.<\/p>\n<\/div>\n<\/div>\n<\/div>\n<\/div>\n\n\n\n<div class=\"wp-block-columns is-layout-flex wp-container-core-columns-is-layout-9d6595d7 wp-block-columns-is-layout-flex\">\n<div class=\"wp-block-column is-layout-flow wp-block-column-is-layout-flow\">\n<div class=\"wp-block-columns is-layout-flex wp-container-core-columns-is-layout-9d6595d7 wp-block-columns-is-layout-flex\">\n<div class=\"wp-block-column is-layout-flow wp-block-column-is-layout-flow\">\n<figure class=\"wp-block-image size-large\"><img loading=\"lazy\" decoding=\"async\" width=\"1024\" height=\"682\" src=\"http:\/\/etimark.ch\/wp-content\/uploads\/TiernahrungDeckel-1-1024x682.jpg\" alt=\"\" class=\"wp-image-3376\" srcset=\"https:\/\/etimark.ch\/wp-content\/uploads\/TiernahrungDeckel-1-1024x682.jpg 1024w, https:\/\/etimark.ch\/wp-content\/uploads\/TiernahrungDeckel-1-300x200.jpg 300w, https:\/\/etimark.ch\/wp-content\/uploads\/TiernahrungDeckel-1-768x512.jpg 768w, https:\/\/etimark.ch\/wp-content\/uploads\/TiernahrungDeckel-1-1536x1024.jpg 1536w, https:\/\/etimark.ch\/wp-content\/uploads\/TiernahrungDeckel-1-800x533.jpg 800w, https:\/\/etimark.ch\/wp-content\/uploads\/TiernahrungDeckel-1.jpg 1772w\" sizes=\"auto, (max-width: 1024px) 100vw, 1024px\" \/><\/figure>\n\n\n\n<h2 class=\"has-medium-font-size wp-block-heading\"><strong>Nourriture pour animaux<\/strong><\/h2>\n\n\n\n<p>En masse solide ou en petits morceaux, snacks, petites friandises, etc.<\/p>\n<\/div>\n\n\n\n<div class=\"wp-block-column is-layout-flow wp-block-column-is-layout-flow\">\n<figure class=\"wp-block-image size-large\"><img loading=\"lazy\" decoding=\"async\" width=\"1024\" height=\"682\" src=\"http:\/\/etimark.ch\/wp-content\/uploads\/SuessigkeitenDeckel-1024x682.jpg\" alt=\"\" class=\"wp-image-3373\" srcset=\"https:\/\/etimark.ch\/wp-content\/uploads\/SuessigkeitenDeckel-1024x682.jpg 1024w, https:\/\/etimark.ch\/wp-content\/uploads\/SuessigkeitenDeckel-300x200.jpg 300w, https:\/\/etimark.ch\/wp-content\/uploads\/SuessigkeitenDeckel-768x512.jpg 768w, https:\/\/etimark.ch\/wp-content\/uploads\/SuessigkeitenDeckel-1536x1024.jpg 1536w, https:\/\/etimark.ch\/wp-content\/uploads\/SuessigkeitenDeckel-800x533.jpg 800w, https:\/\/etimark.ch\/wp-content\/uploads\/SuessigkeitenDeckel.jpg 1772w\" sizes=\"auto, (max-width: 1024px) 100vw, 1024px\" \/><\/figure>\n\n\n\n<h2 class=\"has-medium-font-size wp-block-heading\"><strong>Confiserie<\/strong><\/h2>\n\n\n\n<p>Popcorn, bonbons, barbe \u00e0 papa, chocolats, couvertures, cr\u00e8mes, etc.<\/p>\n<\/div>\n<\/div>\n<\/div>\n\n\n\n<div class=\"wp-block-column is-layout-flow wp-block-column-is-layout-flow\">\n<div class=\"wp-block-columns is-layout-flex wp-container-core-columns-is-layout-9d6595d7 wp-block-columns-is-layout-flex\">\n<div class=\"wp-block-column is-layout-flow wp-block-column-is-layout-flow\">\n<figure class=\"wp-block-image size-large\"><img loading=\"lazy\" decoding=\"async\" width=\"1024\" height=\"682\" src=\"http:\/\/etimark.ch\/wp-content\/uploads\/FertigprodukteDeckel-1024x682.jpg\" alt=\"\" class=\"wp-image-3355\" srcset=\"https:\/\/etimark.ch\/wp-content\/uploads\/FertigprodukteDeckel-1024x682.jpg 1024w, https:\/\/etimark.ch\/wp-content\/uploads\/FertigprodukteDeckel-300x200.jpg 300w, https:\/\/etimark.ch\/wp-content\/uploads\/FertigprodukteDeckel-768x512.jpg 768w, https:\/\/etimark.ch\/wp-content\/uploads\/FertigprodukteDeckel-1536x1024.jpg 1536w, https:\/\/etimark.ch\/wp-content\/uploads\/FertigprodukteDeckel-800x533.jpg 800w, https:\/\/etimark.ch\/wp-content\/uploads\/FertigprodukteDeckel.jpg 1772w\" sizes=\"auto, (max-width: 1024px) 100vw, 1024px\" \/><\/figure>\n\n\n\n<h2 class=\"has-medium-font-size wp-block-heading\"><strong>Produits finis<\/strong><\/h2>\n\n\n\n<p>Ebly, riz, lentilles, couscous, p\u00e2tes, pommes de terre (enti\u00e8res ou en pur\u00e9e), soupes, etc.<\/p>\n<\/div>\n\n\n\n<div class=\"wp-block-column is-layout-flow wp-block-column-is-layout-flow\">\n<figure class=\"wp-block-image size-large\"><img loading=\"lazy\" decoding=\"async\" width=\"1024\" height=\"682\" src=\"http:\/\/etimark.ch\/wp-content\/uploads\/ObstGemueseDeckel-1024x682.jpg\" alt=\"\" class=\"wp-image-3370\" srcset=\"https:\/\/etimark.ch\/wp-content\/uploads\/ObstGemueseDeckel-1024x682.jpg 1024w, https:\/\/etimark.ch\/wp-content\/uploads\/ObstGemueseDeckel-300x200.jpg 300w, https:\/\/etimark.ch\/wp-content\/uploads\/ObstGemueseDeckel-768x512.jpg 768w, https:\/\/etimark.ch\/wp-content\/uploads\/ObstGemueseDeckel-1536x1024.jpg 1536w, https:\/\/etimark.ch\/wp-content\/uploads\/ObstGemueseDeckel-800x533.jpg 800w, https:\/\/etimark.ch\/wp-content\/uploads\/ObstGemueseDeckel.jpg 1772w\" sizes=\"auto, (max-width: 1024px) 100vw, 1024px\" \/><\/figure>\n\n\n\n<h2 class=\"has-medium-font-size wp-block-heading\"><strong>Fruits et l\u00e9gumes<\/strong><\/h2>\n\n\n\n<p>Frais ou secs en morceaux, pur\u00e9e, mousse, compotes, soupes, etc.<\/p>\n<\/div>\n<\/div>\n<\/div>\n<\/div>\n\n\n\n<div class=\"wp-block-columns is-layout-flex wp-container-core-columns-is-layout-9d6595d7 wp-block-columns-is-layout-flex\">\n<div class=\"wp-block-column is-layout-flow wp-block-column-is-layout-flow\">\n<div class=\"wp-block-columns is-layout-flex wp-container-core-columns-is-layout-9d6595d7 wp-block-columns-is-layout-flex\">\n<div class=\"wp-block-column is-layout-flow wp-block-column-is-layout-flow\">\n<figure class=\"wp-block-image size-large\"><img loading=\"lazy\" decoding=\"async\" width=\"1024\" height=\"682\" src=\"http:\/\/etimark.ch\/wp-content\/uploads\/GetraenkeDeckel-1-1024x682.jpg\" alt=\"\" class=\"wp-image-3361\" srcset=\"https:\/\/etimark.ch\/wp-content\/uploads\/GetraenkeDeckel-1-1024x682.jpg 1024w, https:\/\/etimark.ch\/wp-content\/uploads\/GetraenkeDeckel-1-300x200.jpg 300w, https:\/\/etimark.ch\/wp-content\/uploads\/GetraenkeDeckel-1-768x512.jpg 768w, https:\/\/etimark.ch\/wp-content\/uploads\/GetraenkeDeckel-1-1536x1024.jpg 1536w, https:\/\/etimark.ch\/wp-content\/uploads\/GetraenkeDeckel-1-800x533.jpg 800w, https:\/\/etimark.ch\/wp-content\/uploads\/GetraenkeDeckel-1.jpg 1772w\" sizes=\"auto, (max-width: 1024px) 100vw, 1024px\" \/><\/figure>\n\n\n\n<h2 class=\"has-medium-font-size wp-block-heading\"><strong>Boisson<\/strong><\/h2>\n\n\n\n<p>Vin, cocktails, caf\u00e9, th\u00e9, smoothie, jus, shakes, etc.<\/p>\n<\/div>\n\n\n\n<div class=\"wp-block-column is-layout-flow wp-block-column-is-layout-flow\">\n<figure class=\"wp-block-image size-large\"><img loading=\"lazy\" decoding=\"async\" width=\"1024\" height=\"682\" src=\"http:\/\/etimark.ch\/wp-content\/uploads\/GetreideDeckel-1024x682.jpg\" alt=\"\" class=\"wp-image-3364\" srcset=\"https:\/\/etimark.ch\/wp-content\/uploads\/GetreideDeckel-1024x682.jpg 1024w, https:\/\/etimark.ch\/wp-content\/uploads\/GetreideDeckel-300x200.jpg 300w, https:\/\/etimark.ch\/wp-content\/uploads\/GetreideDeckel-768x512.jpg 768w, https:\/\/etimark.ch\/wp-content\/uploads\/GetreideDeckel-1536x1024.jpg 1536w, https:\/\/etimark.ch\/wp-content\/uploads\/GetreideDeckel-800x533.jpg 800w, https:\/\/etimark.ch\/wp-content\/uploads\/GetreideDeckel.jpg 1772w\" sizes=\"auto, (max-width: 1024px) 100vw, 1024px\" \/><\/figure>\n\n\n\n<h2 class=\"has-medium-font-size wp-block-heading\">M\u00fcesli<\/h2>\n\n\n\n<p>M\u00e9langes Benner-M\u00fcesli, m\u00e9lange de c\u00e9r\u00e9ales, etc.<\/p>\n<\/div>\n<\/div>\n<\/div>\n\n\n\n<div class=\"wp-block-column is-layout-flow wp-block-column-is-layout-flow\">\n<div class=\"wp-block-columns is-layout-flex wp-container-core-columns-is-layout-9d6595d7 wp-block-columns-is-layout-flex\"><\/div>\n<\/div>\n<\/div>\n\n\n\n<hr class=\"wp-block-separator is-style-wide\"\/>\n\n\n\n<blockquote class=\"wp-block-quote is-style-large is-layout-flow wp-block-quote-is-layout-flow\"><p>Nous livrons:<\/p><p>En rouleaux, en distributeurs, en feuilles<\/p><\/blockquote>\n\n\n\n<hr class=\"wp-block-separator is-style-wide\"\/>\n\n\n\n<div style=\"height:100px\" aria-hidden=\"true\" class=\"wp-block-spacer\"><\/div>\n\n\n\n<figure class=\"wp-block-gallery columns-7 wp-block-gallery-1 is-layout-flex wp-block-gallery-is-layout-flex\"><ul class=\"blocks-gallery-grid\"><li class=\"blocks-gallery-item\"><figure><img loading=\"lazy\" decoding=\"async\" width=\"383\" height=\"449\" src=\"http:\/\/etimark.ch\/wp-content\/uploads\/DSC_0474-1.jpg\" alt=\"\" data-id=\"1740\" data-full-url=\"http:\/\/etimark.ch\/wp-content\/uploads\/DSC_0474-1.jpg\" data-link=\"https:\/\/etimark.ch\/dsc_0474\/\" class=\"wp-image-1740\" srcset=\"https:\/\/etimark.ch\/wp-content\/uploads\/DSC_0474-1.jpg 383w, https:\/\/etimark.ch\/wp-content\/uploads\/DSC_0474-1-256x300.jpg 256w\" sizes=\"auto, (max-width: 383px) 100vw, 383px\" \/><\/figure><\/li><li class=\"blocks-gallery-item\"><figure><img loading=\"lazy\" decoding=\"async\" width=\"560\" height=\"320\" src=\"http:\/\/etimark.ch\/wp-content\/uploads\/DSC_0479-1.jpg\" alt=\"\" data-id=\"1752\" data-full-url=\"http:\/\/etimark.ch\/wp-content\/uploads\/DSC_0479-1.jpg\" data-link=\"https:\/\/etimark.ch\/dsc_0479\/\" class=\"wp-image-1752\" srcset=\"https:\/\/etimark.ch\/wp-content\/uploads\/DSC_0479-1.jpg 560w, https:\/\/etimark.ch\/wp-content\/uploads\/DSC_0479-1-300x171.jpg 300w\" sizes=\"auto, (max-width: 560px) 100vw, 560px\" \/><\/figure><\/li><li class=\"blocks-gallery-item\"><figure><img loading=\"lazy\" decoding=\"async\" width=\"1024\" height=\"733\" src=\"http:\/\/etimark.ch\/wp-content\/uploads\/Tiegel_2-1024x733.jpg\" alt=\"\" data-id=\"3429\" data-full-url=\"http:\/\/etimark.ch\/wp-content\/uploads\/Tiegel_2-scaled.jpg\" data-link=\"https:\/\/etimark.ch\/?attachment_id=3429\" class=\"wp-image-3429\" srcset=\"https:\/\/etimark.ch\/wp-content\/uploads\/Tiegel_2-1024x733.jpg 1024w, https:\/\/etimark.ch\/wp-content\/uploads\/Tiegel_2-300x215.jpg 300w, https:\/\/etimark.ch\/wp-content\/uploads\/Tiegel_2-768x549.jpg 768w, https:\/\/etimark.ch\/wp-content\/uploads\/Tiegel_2-1536x1099.jpg 1536w, https:\/\/etimark.ch\/wp-content\/uploads\/Tiegel_2-2048x1465.jpg 2048w, https:\/\/etimark.ch\/wp-content\/uploads\/Tiegel_2-800x572.jpg 800w\" sizes=\"auto, (max-width: 1024px) 100vw, 1024px\" \/><\/figure><\/li><li class=\"blocks-gallery-item\"><figure><img loading=\"lazy\" decoding=\"async\" width=\"511\" height=\"308\" src=\"http:\/\/etimark.ch\/wp-content\/uploads\/DSC_0472-1.jpg\" alt=\"\" data-id=\"1734\" data-full-url=\"http:\/\/etimark.ch\/wp-content\/uploads\/DSC_0472-1.jpg\" data-link=\"https:\/\/etimark.ch\/dsc_0472\/\" class=\"wp-image-1734\" srcset=\"https:\/\/etimark.ch\/wp-content\/uploads\/DSC_0472-1.jpg 511w, https:\/\/etimark.ch\/wp-content\/uploads\/DSC_0472-1-300x181.jpg 300w\" sizes=\"auto, (max-width: 511px) 100vw, 511px\" \/><\/figure><\/li><li class=\"blocks-gallery-item\"><figure><img loading=\"lazy\" decoding=\"async\" width=\"1024\" height=\"724\" src=\"http:\/\/etimark.ch\/wp-content\/uploads\/Schokoladen_Glasur-1024x724.jpg\" alt=\"\" data-id=\"3432\" data-full-url=\"http:\/\/etimark.ch\/wp-content\/uploads\/Schokoladen_Glasur-scaled.jpg\" data-link=\"https:\/\/etimark.ch\/?attachment_id=3432\" class=\"wp-image-3432\" srcset=\"https:\/\/etimark.ch\/wp-content\/uploads\/Schokoladen_Glasur-1024x724.jpg 1024w, https:\/\/etimark.ch\/wp-content\/uploads\/Schokoladen_Glasur-300x212.jpg 300w, https:\/\/etimark.ch\/wp-content\/uploads\/Schokoladen_Glasur-768x543.jpg 768w, https:\/\/etimark.ch\/wp-content\/uploads\/Schokoladen_Glasur-1536x1086.jpg 1536w, https:\/\/etimark.ch\/wp-content\/uploads\/Schokoladen_Glasur-2048x1448.jpg 2048w, https:\/\/etimark.ch\/wp-content\/uploads\/Schokoladen_Glasur-800x566.jpg 800w\" sizes=\"auto, (max-width: 1024px) 100vw, 1024px\" \/><\/figure><\/li><li class=\"blocks-gallery-item\"><figure><img loading=\"lazy\" decoding=\"async\" width=\"382\" height=\"379\" src=\"http:\/\/etimark.ch\/wp-content\/uploads\/DSC_0473-1.jpg\" alt=\"\" data-id=\"1737\" data-full-url=\"http:\/\/etimark.ch\/wp-content\/uploads\/DSC_0473-1.jpg\" data-link=\"https:\/\/etimark.ch\/dsc_0473\/\" class=\"wp-image-1737\" srcset=\"https:\/\/etimark.ch\/wp-content\/uploads\/DSC_0473-1.jpg 382w, https:\/\/etimark.ch\/wp-content\/uploads\/DSC_0473-1-150x150.jpg 150w, https:\/\/etimark.ch\/wp-content\/uploads\/DSC_0473-1-300x298.jpg 300w\" sizes=\"auto, (max-width: 382px) 100vw, 382px\" \/><\/figure><\/li><li class=\"blocks-gallery-item\"><figure><img loading=\"lazy\" decoding=\"async\" width=\"379\" height=\"321\" src=\"http:\/\/etimark.ch\/wp-content\/uploads\/DSC_0483-1.jpg\" alt=\"\" data-id=\"1764\" data-full-url=\"http:\/\/etimark.ch\/wp-content\/uploads\/DSC_0483-1.jpg\" data-link=\"https:\/\/etimark.ch\/dsc_0483\/\" class=\"wp-image-1764\" srcset=\"https:\/\/etimark.ch\/wp-content\/uploads\/DSC_0483-1.jpg 379w, https:\/\/etimark.ch\/wp-content\/uploads\/DSC_0483-1-300x254.jpg 300w\" sizes=\"auto, (max-width: 379px) 100vw, 379px\" \/><\/figure><\/li><li class=\"blocks-gallery-item\"><figure><img loading=\"lazy\" decoding=\"async\" width=\"308\" height=\"383\" src=\"http:\/\/etimark.ch\/wp-content\/uploads\/DSC_0499.jpg\" alt=\"\" data-id=\"1812\" data-full-url=\"http:\/\/etimark.ch\/wp-content\/uploads\/DSC_0499.jpg\" data-link=\"https:\/\/etimark.ch\/dsc_0499\/\" class=\"wp-image-1812\" srcset=\"https:\/\/etimark.ch\/wp-content\/uploads\/DSC_0499.jpg 308w, https:\/\/etimark.ch\/wp-content\/uploads\/DSC_0499-241x300.jpg 241w\" sizes=\"auto, (max-width: 308px) 100vw, 308px\" \/><\/figure><\/li><li class=\"blocks-gallery-item\"><figure><img loading=\"lazy\" decoding=\"async\" width=\"355\" height=\"473\" src=\"http:\/\/etimark.ch\/wp-content\/uploads\/DSC_0497.jpg\" alt=\"\" data-id=\"1806\" data-full-url=\"http:\/\/etimark.ch\/wp-content\/uploads\/DSC_0497.jpg\" data-link=\"https:\/\/etimark.ch\/dsc_0497\/\" class=\"wp-image-1806\" srcset=\"https:\/\/etimark.ch\/wp-content\/uploads\/DSC_0497.jpg 355w, https:\/\/etimark.ch\/wp-content\/uploads\/DSC_0497-225x300.jpg 225w\" sizes=\"auto, (max-width: 355px) 100vw, 355px\" \/><\/figure><\/li><li class=\"blocks-gallery-item\"><figure><img loading=\"lazy\" decoding=\"async\" width=\"283\" height=\"405\" src=\"http:\/\/etimark.ch\/wp-content\/uploads\/DSC_0477-1.jpg\" alt=\"\" data-id=\"1749\" data-full-url=\"http:\/\/etimark.ch\/wp-content\/uploads\/DSC_0477-1.jpg\" data-link=\"https:\/\/etimark.ch\/dsc_0477\/\" class=\"wp-image-1749\" srcset=\"https:\/\/etimark.ch\/wp-content\/uploads\/DSC_0477-1.jpg 283w, https:\/\/etimark.ch\/wp-content\/uploads\/DSC_0477-1-210x300.jpg 210w\" sizes=\"auto, (max-width: 283px) 100vw, 283px\" \/><\/figure><\/li><li class=\"blocks-gallery-item\"><figure><img loading=\"lazy\" decoding=\"async\" width=\"234\" height=\"408\" src=\"http:\/\/etimark.ch\/wp-content\/uploads\/DSC_0498.jpg\" alt=\"\" data-id=\"1809\" data-full-url=\"http:\/\/etimark.ch\/wp-content\/uploads\/DSC_0498.jpg\" data-link=\"https:\/\/etimark.ch\/dsc_0498\/\" class=\"wp-image-1809\" srcset=\"https:\/\/etimark.ch\/wp-content\/uploads\/DSC_0498.jpg 234w, https:\/\/etimark.ch\/wp-content\/uploads\/DSC_0498-172x300.jpg 172w\" sizes=\"auto, (max-width: 234px) 100vw, 234px\" \/><\/figure><\/li><li class=\"blocks-gallery-item\"><figure><img loading=\"lazy\" decoding=\"async\" width=\"358\" height=\"370\" src=\"http:\/\/etimark.ch\/wp-content\/uploads\/DSC_0489.jpg\" alt=\"\" data-id=\"1782\" data-full-url=\"http:\/\/etimark.ch\/wp-content\/uploads\/DSC_0489.jpg\" data-link=\"https:\/\/etimark.ch\/dsc_0489\/\" class=\"wp-image-1782\" srcset=\"https:\/\/etimark.ch\/wp-content\/uploads\/DSC_0489.jpg 358w, https:\/\/etimark.ch\/wp-content\/uploads\/DSC_0489-290x300.jpg 290w\" sizes=\"auto, (max-width: 358px) 100vw, 358px\" \/><\/figure><\/li><li class=\"blocks-gallery-item\"><figure><img loading=\"lazy\" decoding=\"async\" width=\"724\" height=\"1024\" src=\"http:\/\/etimark.ch\/wp-content\/uploads\/Getraenke_2Go-724x1024.jpg\" alt=\"\" data-id=\"3435\" data-full-url=\"http:\/\/etimark.ch\/wp-content\/uploads\/Getraenke_2Go-scaled.jpg\" data-link=\"https:\/\/etimark.ch\/?attachment_id=3435\" class=\"wp-image-3435\" srcset=\"https:\/\/etimark.ch\/wp-content\/uploads\/Getraenke_2Go-724x1024.jpg 724w, https:\/\/etimark.ch\/wp-content\/uploads\/Getraenke_2Go-212x300.jpg 212w, https:\/\/etimark.ch\/wp-content\/uploads\/Getraenke_2Go-768x1086.jpg 768w, https:\/\/etimark.ch\/wp-content\/uploads\/Getraenke_2Go-1086x1536.jpg 1086w, https:\/\/etimark.ch\/wp-content\/uploads\/Getraenke_2Go-1448x2048.jpg 1448w, https:\/\/etimark.ch\/wp-content\/uploads\/Getraenke_2Go-800x1132.jpg 800w, https:\/\/etimark.ch\/wp-content\/uploads\/Getraenke_2Go-424x600.jpg 424w, https:\/\/etimark.ch\/wp-content\/uploads\/Getraenke_2Go-scaled.jpg 1810w\" sizes=\"auto, (max-width: 724px) 100vw, 724px\" \/><\/figure><\/li><li class=\"blocks-gallery-item\"><figure><img loading=\"lazy\" decoding=\"async\" width=\"409\" height=\"575\" src=\"http:\/\/etimark.ch\/wp-content\/uploads\/DSC_0471-1.jpg\" alt=\"\" data-id=\"1731\" data-full-url=\"http:\/\/etimark.ch\/wp-content\/uploads\/DSC_0471-1.jpg\" data-link=\"https:\/\/etimark.ch\/dsc_0471\/\" class=\"wp-image-1731\" srcset=\"https:\/\/etimark.ch\/wp-content\/uploads\/DSC_0471-1.jpg 409w, https:\/\/etimark.ch\/wp-content\/uploads\/DSC_0471-1-213x300.jpg 213w\" sizes=\"auto, (max-width: 409px) 100vw, 409px\" \/><\/figure><\/li><\/ul><\/figure>\n","protected":false},"excerpt":{"rendered":"Produits laitiers Yaourts, fromage blanc, cr\u00e8me fraiche, beurre, margarine, fromage frais, fromage \u00e0 tartiner, fromage en morceaux, fondue, cr\u00e8me glac\u00e9e, [&hellip;]","protected":false},"author":2,"featured_media":0,"parent":2382,"menu_order":3,"comment_status":"closed","ping_status":"closed","template":"","meta":{"_acf_changed":false,"inline_featured_image":false,"footnotes":""},"class_list":["post-4274","page","type-page","status-publish","hentry"],"acf":[],"_links":{"self":[{"href":"https:\/\/etimark.ch\/fr\/wp-json\/wp\/v2\/pages\/4274","targetHints":{"allow":["GET"]}}],"collection":[{"href":"https:\/\/etimark.ch\/fr\/wp-json\/wp\/v2\/pages"}],"about":[{"href":"https:\/\/etimark.ch\/fr\/wp-json\/wp\/v2\/types\/page"}],"author":[{"embeddable":true,"href":"https:\/\/etimark.ch\/fr\/wp-json\/wp\/v2\/users\/2"}],"replies":[{"embeddable":true,"href":"https:\/\/etimark.ch\/fr\/wp-json\/wp\/v2\/comments?post=4274"}],"version-history":[{"count":3,"href":"https:\/\/etimark.ch\/fr\/wp-json\/wp\/v2\/pages\/4274\/revisions"}],"predecessor-version":[{"id":4305,"href":"https:\/\/etimark.ch\/fr\/wp-json\/wp\/v2\/pages\/4274\/revisions\/4305"}],"up":[{"embeddable":true,"href":"https:\/\/etimark.ch\/fr\/wp-json\/wp\/v2\/pages\/2382"}],"wp:attachment":[{"href":"https:\/\/etimark.ch\/fr\/wp-json\/wp\/v2\/media?parent=4274"}],"curies":[{"name":"wp","href":"https:\/\/api.w.org\/{rel}","templated":true}]}}