{"id":4260,"date":"2021-12-09T09:20:15","date_gmt":"2021-12-09T08:20:15","guid":{"rendered":"https:\/\/etimark.ch\/?page_id=4260"},"modified":"2022-10-17T07:59:09","modified_gmt":"2022-10-17T05:59:09","slug":"materiaux","status":"publish","type":"page","link":"https:\/\/etimark.ch\/fr\/opercule\/materiaux\/","title":{"rendered":"Mat\u00e9riaux"},"content":{"rendered":"\n<div class=\"intro\">\n  <div class=\"intro__content\">\n    <p>Nous proposons une grande vari\u00e9t\u00e9 de mat\u00e9riaux. De l&rsquo;ancienne plaque d&rsquo;aluminium en diff\u00e9rentes \u00e9paisseurs jusqu&rsquo;aux mat\u00e9riaux qui pr\u00e9sentent un comportement de pelage optimal gr\u00e2ce \u00e0 un rev\u00eatement sp\u00e9cial (Coex \/ laque thermosoudable).<\/p>\n  <\/div>\n<\/div>\n\n\n\n\n\n<div class=\"wp-block-columns is-layout-flex wp-container-core-columns-is-layout-9d6595d7 wp-block-columns-is-layout-flex\">\n<div class=\"wp-block-column is-layout-flow wp-block-column-is-layout-flow\">\n<div class=\"wp-block-columns is-layout-flex wp-container-core-columns-is-layout-9d6595d7 wp-block-columns-is-layout-flex\">\n<div class=\"wp-block-column is-layout-flow wp-block-column-is-layout-flow\">\n<figure class=\"wp-block-image size-large is-resized\"><img loading=\"lazy\" decoding=\"async\" src=\"http:\/\/etimark.ch\/wp-content\/uploads\/0_Material_Pikto_ALU_kontur.png\" alt=\"\" class=\"wp-image-3900\" width=\"150\" height=\"173\" srcset=\"https:\/\/etimark.ch\/wp-content\/uploads\/0_Material_Pikto_ALU_kontur.png 863w, https:\/\/etimark.ch\/wp-content\/uploads\/0_Material_Pikto_ALU_kontur-260x300.png 260w, https:\/\/etimark.ch\/wp-content\/uploads\/0_Material_Pikto_ALU_kontur-768x887.png 768w, https:\/\/etimark.ch\/wp-content\/uploads\/0_Material_Pikto_ALU_kontur-800x924.png 800w, https:\/\/etimark.ch\/wp-content\/uploads\/0_Material_Pikto_ALU_kontur-519x600.png 519w\" sizes=\"auto, (max-width: 150px) 100vw, 150px\" \/><\/figure>\n\n\n\n<h2 class=\"wp-block-heading\">Aluminium<\/h2>\n\n\n\n<hr class=\"wp-block-separator is-style-wide\"\/>\n\n\n\n<p>Alu Coex PP<br>Alu HSL<\/p>\n\n\n\n<p>100% Recyclable<\/p>\n<\/div>\n\n\n\n<div class=\"wp-block-column is-layout-flow wp-block-column-is-layout-flow\">\n<figure class=\"wp-block-image size-large is-resized\"><img loading=\"lazy\" decoding=\"async\" src=\"http:\/\/etimark.ch\/wp-content\/uploads\/0_Material_Pikto_PET_kontur.png\" alt=\"\" class=\"wp-image-3903\" width=\"150\" height=\"171\"\/><\/figure>\n\n\n\n<h2 class=\"wp-block-heading\">Poly\u00e9thyl\u00e8ne t\u00e9r\u00e9phtalate<\/h2>\n\n\n\n<hr class=\"wp-block-separator is-style-wide\"\/>\n\n\n\n<p>PET Coex PP<br>PET HSL<\/p>\n<\/div>\n<\/div>\n<\/div>\n\n\n\n<div class=\"wp-block-column is-layout-flow wp-block-column-is-layout-flow\">\n<div class=\"wp-block-columns is-layout-flex wp-container-core-columns-is-layout-9d6595d7 wp-block-columns-is-layout-flex\">\n<div class=\"wp-block-column is-layout-flow wp-block-column-is-layout-flow\">\n<figure class=\"wp-block-image size-large is-resized\"><img decoding=\"async\" src=\"http:\/\/etimark.ch\/wp-content\/uploads\/0_Material_Pikto_PV_kontur.png\" alt=\"\" class=\"wp-image-3909\" width=\"150\" srcset=\"https:\/\/etimark.ch\/wp-content\/uploads\/0_Material_Pikto_PV_kontur.png 863w, https:\/\/etimark.ch\/wp-content\/uploads\/0_Material_Pikto_PV_kontur-260x300.png 260w, https:\/\/etimark.ch\/wp-content\/uploads\/0_Material_Pikto_PV_kontur-768x887.png 768w, https:\/\/etimark.ch\/wp-content\/uploads\/0_Material_Pikto_PV_kontur-800x924.png 800w, https:\/\/etimark.ch\/wp-content\/uploads\/0_Material_Pikto_PV_kontur-519x600.png 519w\" sizes=\"(max-width: 863px) 100vw, 863px\" \/><\/figure>\n\n\n\n<h2 class=\"wp-block-heading\">Papier composite<\/h2>\n\n\n\n<hr class=\"wp-block-separator is-style-wide\"\/>\n\n\n\n<p>Papier composite<\/p>\n<\/div>\n\n\n\n<div class=\"wp-block-column is-layout-flow wp-block-column-is-layout-flow\">\n<figure class=\"wp-block-image size-medium is-resized\"><img loading=\"lazy\" decoding=\"async\" src=\"https:\/\/etimark.ch\/wp-content\/uploads\/0_Material_Pikto_PP_kontur-260x300.png\" alt=\"\" class=\"wp-image-3906\" width=\"150\" height=\"173\" srcset=\"https:\/\/etimark.ch\/wp-content\/uploads\/0_Material_Pikto_PP_kontur-260x300.png 260w, https:\/\/etimark.ch\/wp-content\/uploads\/0_Material_Pikto_PP_kontur-768x887.png 768w, https:\/\/etimark.ch\/wp-content\/uploads\/0_Material_Pikto_PP_kontur-800x924.png 800w, https:\/\/etimark.ch\/wp-content\/uploads\/0_Material_Pikto_PP_kontur-519x600.png 519w, https:\/\/etimark.ch\/wp-content\/uploads\/0_Material_Pikto_PP_kontur.png 863w\" sizes=\"auto, (max-width: 150px) 100vw, 150px\" \/><\/figure>\n\n\n\n<h2 class=\"wp-block-heading\">Polypropyl\u00e8ne<\/h2>\n\n\n\n<hr class=\"wp-block-separator is-style-wide\"\/>\n\n\n\n<p>mono-mat\u00e9riau<\/p>\n\n\n\n<p>100% Recyclable<\/p>\n<\/div>\n<\/div>\n\n\n\n<p><\/p>\n<\/div>\n<\/div>\n\n\n\n<hr class=\"wp-block-separator is-style-wide\"\/>\n\n\n\n<div class=\"wp-block-columns is-layout-flex wp-container-core-columns-is-layout-9d6595d7 wp-block-columns-is-layout-flex\">\n<div class=\"wp-block-column is-layout-flow wp-block-column-is-layout-flow\">\n<div class=\"wp-block-image\"><figure class=\"aligncenter size-large is-resized\"><img loading=\"lazy\" decoding=\"async\" src=\"http:\/\/etimark.ch\/wp-content\/uploads\/Deckel_Dispenser-818x1024.jpg\" alt=\"\" class=\"wp-image-3926\" width=\"146\" height=\"183\" srcset=\"https:\/\/etimark.ch\/wp-content\/uploads\/Deckel_Dispenser-818x1024.jpg 818w, https:\/\/etimark.ch\/wp-content\/uploads\/Deckel_Dispenser-240x300.jpg 240w, https:\/\/etimark.ch\/wp-content\/uploads\/Deckel_Dispenser-768x961.jpg 768w, https:\/\/etimark.ch\/wp-content\/uploads\/Deckel_Dispenser-1227x1536.jpg 1227w, https:\/\/etimark.ch\/wp-content\/uploads\/Deckel_Dispenser-800x1001.jpg 800w, https:\/\/etimark.ch\/wp-content\/uploads\/Deckel_Dispenser-479x600.jpg 479w, https:\/\/etimark.ch\/wp-content\/uploads\/Deckel_Dispenser.jpg 1359w\" sizes=\"auto, (max-width: 146px) 100vw, 146px\" \/><\/figure><\/div>\n<\/div>\n\n\n\n<div class=\"wp-block-column is-layout-flow wp-block-column-is-layout-flow\">\n<h2 class=\"wp-block-heading\">Nous livrons des couvercles de d\u00e9coupe \/ platines dans des distributeurs pratiques et des tailles individuelles.<\/h2>\n<\/div>\n<\/div>\n\n\n\n<hr class=\"wp-block-separator is-style-wide\"\/>\n","protected":false},"excerpt":{"rendered":"Aluminium Alu Coex PPAlu HSL 100% Recyclable Poly\u00e9thyl\u00e8ne t\u00e9r\u00e9phtalate PET Coex PPPET HSL Papier composite Papier composite Polypropyl\u00e8ne mono-mat\u00e9riau 100% [&hellip;]","protected":false},"author":2,"featured_media":0,"parent":2382,"menu_order":2,"comment_status":"closed","ping_status":"closed","template":"","meta":{"_acf_changed":false,"inline_featured_image":false,"footnotes":""},"class_list":["post-4260","page","type-page","status-publish","hentry"],"acf":[],"_links":{"self":[{"href":"https:\/\/etimark.ch\/fr\/wp-json\/wp\/v2\/pages\/4260","targetHints":{"allow":["GET"]}}],"collection":[{"href":"https:\/\/etimark.ch\/fr\/wp-json\/wp\/v2\/pages"}],"about":[{"href":"https:\/\/etimark.ch\/fr\/wp-json\/wp\/v2\/types\/page"}],"author":[{"embeddable":true,"href":"https:\/\/etimark.ch\/fr\/wp-json\/wp\/v2\/users\/2"}],"replies":[{"embeddable":true,"href":"https:\/\/etimark.ch\/fr\/wp-json\/wp\/v2\/comments?post=4260"}],"version-history":[{"count":3,"href":"https:\/\/etimark.ch\/fr\/wp-json\/wp\/v2\/pages\/4260\/revisions"}],"predecessor-version":[{"id":4647,"href":"https:\/\/etimark.ch\/fr\/wp-json\/wp\/v2\/pages\/4260\/revisions\/4647"}],"up":[{"embeddable":true,"href":"https:\/\/etimark.ch\/fr\/wp-json\/wp\/v2\/pages\/2382"}],"wp:attachment":[{"href":"https:\/\/etimark.ch\/fr\/wp-json\/wp\/v2\/media?parent=4260"}],"curies":[{"name":"wp","href":"https:\/\/api.w.org\/{rel}","templated":true}]}}