{"id":3620,"date":"2021-06-25T10:30:49","date_gmt":"2021-06-25T08:30:49","guid":{"rendered":"https:\/\/etimark.ch\/opercule\/praegearten-deckelstrukturen\/"},"modified":"2021-12-06T13:47:07","modified_gmt":"2021-12-06T12:47:07","slug":"praegearten-deckelstrukturen","status":"publish","type":"page","link":"https:\/\/etimark.ch\/fr\/opercule\/praegearten-deckelstrukturen\/","title":{"rendered":"Types de gaufrage \/ structures des couvercles"},"content":{"rendered":"\n<div class=\"intro\">\n  <div class=\"intro__content\">\n    <p>Nos couvercles d\u00e9coup\u00e9s peuvent \u00eatre produits dans diff\u00e9rentes versions. Le gaufrage au ver, au point, au marteau et ETIgral font partie de l&rsquo;offre standard.<\/p>\n<p>Les visualisations 3D montrent en d\u00e9tail les types de gaufrage de nos couvercles de d\u00e9coupe (platines).<\/p>\n<p>Notre service ext\u00e9rieur se tient tr\u00e8s volontiers \u00e0 votre disposition pour toute autre question ou demande individuelle, comme par exemple ETIgral3D (un gaufrage personnalis\u00e9).<\/p>\n  <\/div>\n<\/div>\n\n\n\n<div class=\"wp-block-columns is-layout-flex wp-container-core-columns-is-layout-9d6595d7 wp-block-columns-is-layout-flex\">\n<div class=\"wp-block-column is-layout-flow wp-block-column-is-layout-flow\">\n<div class=\"wp-block-columns is-layout-flex wp-container-core-columns-is-layout-9d6595d7 wp-block-columns-is-layout-flex\">\n<div class=\"wp-block-column is-layout-flow wp-block-column-is-layout-flow\">\n<figure class=\"wp-block-image size-full\"><img loading=\"lazy\" decoding=\"async\" width=\"1181\" height=\"1181\" src=\"https:\/\/etimark.ch\/wp-content\/uploads\/PreaegungWurm-1.jpg\" alt=\"\" class=\"wp-image-1478\" srcset=\"https:\/\/etimark.ch\/wp-content\/uploads\/PreaegungWurm-1.jpg 1181w, https:\/\/etimark.ch\/wp-content\/uploads\/PreaegungWurm-1-150x150.jpg 150w, https:\/\/etimark.ch\/wp-content\/uploads\/PreaegungWurm-1-300x300.jpg 300w, https:\/\/etimark.ch\/wp-content\/uploads\/PreaegungWurm-1-768x768.jpg 768w, https:\/\/etimark.ch\/wp-content\/uploads\/PreaegungWurm-1-1024x1024.jpg 1024w, https:\/\/etimark.ch\/wp-content\/uploads\/PreaegungWurm-1-250x250.jpg 250w, https:\/\/etimark.ch\/wp-content\/uploads\/PreaegungWurm-1-800x800.jpg 800w, https:\/\/etimark.ch\/wp-content\/uploads\/PreaegungWurm-1-600x600.jpg 600w\" sizes=\"auto, (max-width: 1181px) 100vw, 1181px\" \/><figcaption><strong>Ver<\/strong>misseau<\/figcaption><\/figure>\n\n\n\n<figure class=\"wp-block-image size-large\"><img loading=\"lazy\" decoding=\"async\" width=\"1024\" height=\"1024\" src=\"http:\/\/etimark.ch\/wp-content\/uploads\/wurmpraegung-1024x1024.jpg\" alt=\"\" class=\"wp-image-3318\" srcset=\"https:\/\/etimark.ch\/wp-content\/uploads\/wurmpraegung-1024x1024.jpg 1024w, https:\/\/etimark.ch\/wp-content\/uploads\/wurmpraegung-300x300.jpg 300w, https:\/\/etimark.ch\/wp-content\/uploads\/wurmpraegung-150x150.jpg 150w, https:\/\/etimark.ch\/wp-content\/uploads\/wurmpraegung-768x768.jpg 768w, https:\/\/etimark.ch\/wp-content\/uploads\/wurmpraegung-1536x1536.jpg 1536w, https:\/\/etimark.ch\/wp-content\/uploads\/wurmpraegung-250x250.jpg 250w, https:\/\/etimark.ch\/wp-content\/uploads\/wurmpraegung-800x800.jpg 800w, https:\/\/etimark.ch\/wp-content\/uploads\/wurmpraegung-600x600.jpg 600w, https:\/\/etimark.ch\/wp-content\/uploads\/wurmpraegung.jpg 1951w\" sizes=\"auto, (max-width: 1024px) 100vw, 1024px\" \/><\/figure>\n\n\n\n<div class=\"wp-block-file\"><a href=\"http:\/\/etimark.ch\/wp-content\/uploads\/Praegung_Wurm.gif\">Praegung_Wurm<br><br><\/a><a href=\"http:\/\/etimark.ch\/wp-content\/uploads\/Praegung_Wurm.gif\" class=\"wp-block-file__button\" download>Herunterladen<\/a><\/div>\n<\/div>\n\n\n\n<div class=\"wp-block-column is-layout-flow wp-block-column-is-layout-flow\">\n<figure class=\"wp-block-image size-large\"><img loading=\"lazy\" decoding=\"async\" width=\"1014\" height=\"1024\" src=\"http:\/\/etimark.ch\/wp-content\/uploads\/PraegungPunkt-1014x1024.jpg\" alt=\"\" class=\"wp-image-1361\" srcset=\"https:\/\/etimark.ch\/wp-content\/uploads\/PraegungPunkt-1014x1024.jpg 1014w, https:\/\/etimark.ch\/wp-content\/uploads\/PraegungPunkt-150x150.jpg 150w, https:\/\/etimark.ch\/wp-content\/uploads\/PraegungPunkt-297x300.jpg 297w, https:\/\/etimark.ch\/wp-content\/uploads\/PraegungPunkt-768x776.jpg 768w, https:\/\/etimark.ch\/wp-content\/uploads\/PraegungPunkt-800x808.jpg 800w, https:\/\/etimark.ch\/wp-content\/uploads\/PraegungPunkt-594x600.jpg 594w, https:\/\/etimark.ch\/wp-content\/uploads\/PraegungPunkt.jpg 1181w\" sizes=\"auto, (max-width: 1014px) 100vw, 1014px\" \/><figcaption><strong>Point<\/strong><\/figcaption><\/figure>\n\n\n\n<figure class=\"wp-block-image size-large\"><img loading=\"lazy\" decoding=\"async\" width=\"1024\" height=\"1024\" src=\"http:\/\/etimark.ch\/wp-content\/uploads\/punktpraegung-1024x1024.jpg\" alt=\"\" class=\"wp-image-3309\" srcset=\"https:\/\/etimark.ch\/wp-content\/uploads\/punktpraegung-1024x1024.jpg 1024w, https:\/\/etimark.ch\/wp-content\/uploads\/punktpraegung-300x300.jpg 300w, https:\/\/etimark.ch\/wp-content\/uploads\/punktpraegung-150x150.jpg 150w, https:\/\/etimark.ch\/wp-content\/uploads\/punktpraegung-768x768.jpg 768w, https:\/\/etimark.ch\/wp-content\/uploads\/punktpraegung-1536x1536.jpg 1536w, https:\/\/etimark.ch\/wp-content\/uploads\/punktpraegung-250x250.jpg 250w, https:\/\/etimark.ch\/wp-content\/uploads\/punktpraegung-800x800.jpg 800w, https:\/\/etimark.ch\/wp-content\/uploads\/punktpraegung-600x600.jpg 600w, https:\/\/etimark.ch\/wp-content\/uploads\/punktpraegung.jpg 1951w\" sizes=\"auto, (max-width: 1024px) 100vw, 1024px\" \/><\/figure>\n\n\n\n<div class=\"wp-block-file\"><a href=\"http:\/\/etimark.ch\/wp-content\/uploads\/Praegung_Punkt.gif\">Praegung_Punkt<br><br><\/a><a href=\"http:\/\/etimark.ch\/wp-content\/uploads\/Praegung_Punkt.gif\" class=\"wp-block-file__button\" download>Herunterladen<\/a><\/div>\n<\/div>\n<\/div>\n<\/div>\n\n\n\n<div class=\"wp-block-column is-layout-flow wp-block-column-is-layout-flow\">\n<div class=\"wp-block-columns is-layout-flex wp-container-core-columns-is-layout-9d6595d7 wp-block-columns-is-layout-flex\">\n<div class=\"wp-block-column is-layout-flow wp-block-column-is-layout-flow\">\n<figure class=\"wp-block-image size-large\"><img loading=\"lazy\" decoding=\"async\" width=\"1024\" height=\"1018\" src=\"http:\/\/etimark.ch\/wp-content\/uploads\/PraegungHammerschlag-1-1024x1018.jpg\" alt=\"\" class=\"wp-image-1475\" srcset=\"https:\/\/etimark.ch\/wp-content\/uploads\/PraegungHammerschlag-1-1024x1018.jpg 1024w, https:\/\/etimark.ch\/wp-content\/uploads\/PraegungHammerschlag-1-150x150.jpg 150w, https:\/\/etimark.ch\/wp-content\/uploads\/PraegungHammerschlag-1-300x298.jpg 300w, https:\/\/etimark.ch\/wp-content\/uploads\/PraegungHammerschlag-1-768x763.jpg 768w, https:\/\/etimark.ch\/wp-content\/uploads\/PraegungHammerschlag-1-250x250.jpg 250w, https:\/\/etimark.ch\/wp-content\/uploads\/PraegungHammerschlag-1-800x795.jpg 800w, https:\/\/etimark.ch\/wp-content\/uploads\/PraegungHammerschlag-1-604x600.jpg 604w, https:\/\/etimark.ch\/wp-content\/uploads\/PraegungHammerschlag-1.jpg 1188w\" sizes=\"auto, (max-width: 1024px) 100vw, 1024px\" \/><figcaption><strong>Marteau<\/strong><\/figcaption><\/figure>\n\n\n\n<figure class=\"wp-block-image size-large\"><img loading=\"lazy\" decoding=\"async\" width=\"1024\" height=\"1024\" src=\"http:\/\/etimark.ch\/wp-content\/uploads\/hammerschlagpraegung-1024x1024.jpg\" alt=\"\" class=\"wp-image-3312\" srcset=\"https:\/\/etimark.ch\/wp-content\/uploads\/hammerschlagpraegung-1024x1024.jpg 1024w, https:\/\/etimark.ch\/wp-content\/uploads\/hammerschlagpraegung-300x300.jpg 300w, https:\/\/etimark.ch\/wp-content\/uploads\/hammerschlagpraegung-150x150.jpg 150w, https:\/\/etimark.ch\/wp-content\/uploads\/hammerschlagpraegung-768x768.jpg 768w, https:\/\/etimark.ch\/wp-content\/uploads\/hammerschlagpraegung-1536x1536.jpg 1536w, https:\/\/etimark.ch\/wp-content\/uploads\/hammerschlagpraegung-250x250.jpg 250w, https:\/\/etimark.ch\/wp-content\/uploads\/hammerschlagpraegung-800x800.jpg 800w, https:\/\/etimark.ch\/wp-content\/uploads\/hammerschlagpraegung-600x600.jpg 600w, https:\/\/etimark.ch\/wp-content\/uploads\/hammerschlagpraegung.jpg 1951w\" sizes=\"auto, (max-width: 1024px) 100vw, 1024px\" \/><\/figure>\n\n\n\n<div class=\"wp-block-file\"><a href=\"http:\/\/etimark.ch\/wp-content\/uploads\/Praegung_Hammerschlag.gif\">Praegung_Hammerschlag<br><br><\/a><a href=\"http:\/\/etimark.ch\/wp-content\/uploads\/Praegung_Hammerschlag.gif\" class=\"wp-block-file__button\" download>Herunterladen<\/a><\/div>\n<\/div>\n\n\n\n<div class=\"wp-block-column is-layout-flow wp-block-column-is-layout-flow\">\n<figure class=\"wp-block-image size-large\"><img loading=\"lazy\" decoding=\"async\" width=\"1024\" height=\"1021\" src=\"http:\/\/etimark.ch\/wp-content\/uploads\/PraegungEtigral-1024x1021.jpg\" alt=\"\" class=\"wp-image-1355\" srcset=\"https:\/\/etimark.ch\/wp-content\/uploads\/PraegungEtigral-1024x1021.jpg 1024w, https:\/\/etimark.ch\/wp-content\/uploads\/PraegungEtigral-150x150.jpg 150w, https:\/\/etimark.ch\/wp-content\/uploads\/PraegungEtigral-300x300.jpg 300w, https:\/\/etimark.ch\/wp-content\/uploads\/PraegungEtigral-768x766.jpg 768w, https:\/\/etimark.ch\/wp-content\/uploads\/PraegungEtigral-250x250.jpg 250w, https:\/\/etimark.ch\/wp-content\/uploads\/PraegungEtigral-800x798.jpg 800w, https:\/\/etimark.ch\/wp-content\/uploads\/PraegungEtigral-602x600.jpg 602w, https:\/\/etimark.ch\/wp-content\/uploads\/PraegungEtigral.jpg 1184w\" sizes=\"auto, (max-width: 1024px) 100vw, 1024px\" \/><figcaption><strong>ETIgral\u00ae<\/strong><\/figcaption><\/figure>\n\n\n\n<figure class=\"wp-block-image size-large\"><img loading=\"lazy\" decoding=\"async\" width=\"1024\" height=\"1024\" src=\"http:\/\/etimark.ch\/wp-content\/uploads\/etigralpraegung-1024x1024.jpg\" alt=\"\" class=\"wp-image-3315\" srcset=\"https:\/\/etimark.ch\/wp-content\/uploads\/etigralpraegung-1024x1024.jpg 1024w, https:\/\/etimark.ch\/wp-content\/uploads\/etigralpraegung-300x300.jpg 300w, https:\/\/etimark.ch\/wp-content\/uploads\/etigralpraegung-150x150.jpg 150w, https:\/\/etimark.ch\/wp-content\/uploads\/etigralpraegung-768x768.jpg 768w, https:\/\/etimark.ch\/wp-content\/uploads\/etigralpraegung-1536x1536.jpg 1536w, https:\/\/etimark.ch\/wp-content\/uploads\/etigralpraegung-250x250.jpg 250w, https:\/\/etimark.ch\/wp-content\/uploads\/etigralpraegung-800x800.jpg 800w, https:\/\/etimark.ch\/wp-content\/uploads\/etigralpraegung-600x600.jpg 600w, https:\/\/etimark.ch\/wp-content\/uploads\/etigralpraegung.jpg 1951w\" sizes=\"auto, (max-width: 1024px) 100vw, 1024px\" \/><\/figure>\n\n\n\n<div class=\"wp-block-file\"><a href=\"http:\/\/etimark.ch\/wp-content\/uploads\/Praegung_ETIgral.gif\">Praegung_ETIgral<br><br><\/a><a href=\"http:\/\/etimark.ch\/wp-content\/uploads\/Praegung_ETIgral.gif\" class=\"wp-block-file__button\" download>Herunterladen<\/a><\/div>\n<\/div>\n<\/div>\n<\/div>\n<\/div>\n\n\n\n<h2 class=\"wp-block-heading\">Notre sp\u00e9cialit\u00e9 ETIgral\u00ae + ETIgral3D\u00ae<\/h2>\n\n\n\n<div class=\"wp-block-group\"><div class=\"wp-block-group__inner-container is-layout-flow wp-block-group-is-layout-flow\">\n<div class=\"wp-block-columns is-layout-flex wp-container-core-columns-is-layout-9d6595d7 wp-block-columns-is-layout-flex\">\n<div class=\"wp-block-column is-layout-flow wp-block-column-is-layout-flow\">\n<figure class=\"wp-block-image size-large\"><img loading=\"lazy\" decoding=\"async\" width=\"1024\" height=\"688\" src=\"http:\/\/etimark.ch\/wp-content\/uploads\/ETIgral3D_detail-1024x688.jpg\" alt=\"\" class=\"wp-image-1991\" srcset=\"https:\/\/etimark.ch\/wp-content\/uploads\/ETIgral3D_detail-1024x688.jpg 1024w, https:\/\/etimark.ch\/wp-content\/uploads\/ETIgral3D_detail-300x202.jpg 300w, https:\/\/etimark.ch\/wp-content\/uploads\/ETIgral3D_detail-768x516.jpg 768w, https:\/\/etimark.ch\/wp-content\/uploads\/ETIgral3D_detail-800x538.jpg 800w\" sizes=\"auto, (max-width: 1024px) 100vw, 1024px\" \/><\/figure>\n\n\n\n<p>Une image imprim\u00e9e d&rsquo;une qualit\u00e9 absolue a l&rsquo;exigence d&rsquo;une surface aussi lisse que possible. Mais ce n&rsquo;est pas tout. Une harmonisation cibl\u00e9e de l&rsquo;image imprim\u00e9e et du gaufrage individuel permet de r\u00e9aliser des effets optiques qui rendent vos couvercles uniques. Nous avons perfectionn\u00e9 l&rsquo;opercule en aluminium lisse \u00e0 bords gaufr\u00e9s afin de donner une nouvelle dimension \u00e0 votre produit et \u00e0 son emballage &#8211; opercules ETIgral3D\u00ae d&rsquo;Etimark.cher de se procurer des ouvrages de chevalerie dans lesquels il aimait lire ; il en a \u00e9galement apport\u00e9 autant dans sa maison qu&rsquo;il a pu s&rsquo;en procurer.<\/p>\n<\/div>\n\n\n\n<div class=\"wp-block-column is-layout-flow wp-block-column-is-layout-flow\">\n<figure class=\"wp-block-image size-large\"><img loading=\"lazy\" decoding=\"async\" width=\"320\" height=\"319\" src=\"http:\/\/etimark.ch\/wp-content\/uploads\/deckel1.jpg\" alt=\"\" class=\"wp-image-3261\" srcset=\"https:\/\/etimark.ch\/wp-content\/uploads\/deckel1.jpg 320w, https:\/\/etimark.ch\/wp-content\/uploads\/deckel1-300x300.jpg 300w, https:\/\/etimark.ch\/wp-content\/uploads\/deckel1-150x150.jpg 150w, https:\/\/etimark.ch\/wp-content\/uploads\/deckel1-250x250.jpg 250w\" sizes=\"auto, (max-width: 320px) 100vw, 320px\" \/><\/figure>\n\n\n\n<p>En plus de l&rsquo;estampage bien connu et visuellement discret sur le bord, il pr\u00e9sente le couvercle en aluminium pr\u00e9sente un gaufrage partiel et individuel sur la surface. En accord avec l&rsquo;image imprim\u00e9e, il en r\u00e9sulte un aspect tridimensionnel qui est \u00e9galement perceptible au toucher. L&#8217;empreinte du bord est aplatie lors du scellage et dispara\u00eet pratiquement. Ce qui reste, c&rsquo;est un couvercle lisse qui met en valeur les parties importantes et offre ainsi un avantage visuel unique sur le point de vente.<\/p>\n\n\n\n<p>Notre qualit\u00e9 d&rsquo;impression parfaite d\u00e9ploie tout son effet et, gr\u00e2ce \u00e0 l&rsquo;effet 3D, attire non seulement l&rsquo;attention, mais devient \u00e9galement palpable gr\u00e2ce \u00e0 la perception haptique suppl\u00e9mentaire.<\/p>\n<\/div>\n<\/div>\n<\/div><\/div>\n","protected":false},"excerpt":{"rendered":"Notre sp\u00e9cialit\u00e9 ETIgral\u00ae + ETIgral3D\u00ae Une image imprim\u00e9e d&rsquo;une qualit\u00e9 absolue a l&rsquo;exigence d&rsquo;une surface aussi lisse que possible. Mais [&hellip;]","protected":false},"author":5,"featured_media":0,"parent":2382,"menu_order":1,"comment_status":"closed","ping_status":"closed","template":"","meta":{"_acf_changed":false,"inline_featured_image":false,"footnotes":""},"class_list":["post-3620","page","type-page","status-publish","hentry"],"acf":[],"_links":{"self":[{"href":"https:\/\/etimark.ch\/fr\/wp-json\/wp\/v2\/pages\/3620","targetHints":{"allow":["GET"]}}],"collection":[{"href":"https:\/\/etimark.ch\/fr\/wp-json\/wp\/v2\/pages"}],"about":[{"href":"https:\/\/etimark.ch\/fr\/wp-json\/wp\/v2\/types\/page"}],"author":[{"embeddable":true,"href":"https:\/\/etimark.ch\/fr\/wp-json\/wp\/v2\/users\/5"}],"replies":[{"embeddable":true,"href":"https:\/\/etimark.ch\/fr\/wp-json\/wp\/v2\/comments?post=3620"}],"version-history":[{"count":17,"href":"https:\/\/etimark.ch\/fr\/wp-json\/wp\/v2\/pages\/3620\/revisions"}],"predecessor-version":[{"id":4096,"href":"https:\/\/etimark.ch\/fr\/wp-json\/wp\/v2\/pages\/3620\/revisions\/4096"}],"up":[{"embeddable":true,"href":"https:\/\/etimark.ch\/fr\/wp-json\/wp\/v2\/pages\/2382"}],"wp:attachment":[{"href":"https:\/\/etimark.ch\/fr\/wp-json\/wp\/v2\/media?parent=3620"}],"curies":[{"name":"wp","href":"https:\/\/api.w.org\/{rel}","templated":true}]}}