{"id":2564,"date":"2020-07-06T11:07:34","date_gmt":"2020-07-06T09:07:34","guid":{"rendered":"http:\/\/etimark.ch\/?page_id=2564"},"modified":"2021-06-03T17:31:24","modified_gmt":"2021-06-03T15:31:24","slug":"equipe","status":"publish","type":"page","link":"https:\/\/etimark.ch\/fr\/nous\/equipe\/","title":{"rendered":"\u00c9quipe"},"content":{"rendered":"\n<div class=\"intro\">\n  <div class=\"intro__content\">\n    <p style=\"text-align: left;\" align=\"center\"><span lang=\"EN-US\">Des collaborateurs hautement form\u00e9s, dot\u00e9s d&rsquo;une grande comp\u00e9tence technique et d&rsquo;une longue exp\u00e9rience en mati\u00e8re d&rsquo;impression d&#8217;emballages forment notre \u00e9quipe au service de nos clients. Fournir quotidiennement la \u00ab\u00a0perfection\u00a0\u00bb : voil\u00e0 notre plus grande exigence.<\/span><\/p>\n  <\/div>\n<\/div>\n\n\n\n<div class=\"employees\">\n                  <div class=\"employees__header\">\n        <h2 class=\"employees__title\">Direction<\/h2>\n      <\/div>\n      <div class=\"employees__items\">\n                  <div class=\"employees__item\">\n            <div class=\"employee\">\n              <div class=\"employee__media\">\n                <img decoding=\"async\" src=\"https:\/\/etimark.ch\/wp-content\/uploads\/MarcoSchulz-3.jpg\" class=\"employee__image\" alt=\"\" \/>\n              <\/div>\n              <div class=\"employee__main\">\n                <h3 class=\"employee__title\">Marco Schulz<\/h3>\n                <div class=\"employee__description\">\n                  Direction, d\u00e9tenteur de l&rsquo;entreprise<br \/>\r\nFinance et IT<br \/>\r\n<br \/>\r\nT\u00e9l\u00e9phone +41 81 750 34 34                                      <div><a href=\"mailto:m.schulz@etimark.ch\">m.schulz@etimark.ch<\/a><\/div>\n                                  <\/div>\n                                  <div class=\"employee__content\">Au coeur de l\u2019entreprise, nous fabriquons les articles pour nos clients. Le fait que nous accordons la plus grande importance \u00e0 des proc\u00e9dures r\u00e9duisant au maximum les \u00e9missions et de mani\u00e8re conforme aux principes de l\u2019efficience \u00e9nerg\u00e9tique se refl\u00e8te d\u2019embl\u00e9e dans nos locaux de production. Outre notre attitude vis-\u00e0-vis de la protection de l\u2019environnement, le respect de ces principes r\u00e9sulte de la priorit\u00e9 que nous attribuons aux r\u00e9ductions de co\u00fbts et \u00e0 l\u2019utilisation parcimonieuse des ressources. Car nous voulons nous d\u00e9velopper en toute bonne conscience.<\/div>\n                  <div class=\"employee__action\">\n                    <button class=\"button js-employee-infos\">\n                      <span class=\"button__icon\"><span class=\"button__arrow\">><\/span><\/span>\n                      <span class=\"button__label\">Infos<\/span>\n                    <\/button>\n                  <\/div>\n                              <\/div>\n            <\/div>\n          <\/div>\n                  <div class=\"employees__item\">\n            <div class=\"employee\">\n              <div class=\"employee__media\">\n                <img decoding=\"async\" src=\"https:\/\/etimark.ch\/wp-content\/uploads\/UdoSchulz-3.jpg\" class=\"employee__image\" alt=\"\" \/>\n              <\/div>\n              <div class=\"employee__main\">\n                <h3 class=\"employee__title\">Udo M. Schulz<\/h3>\n                <div class=\"employee__description\">\n                  Direction, d\u00e9tenteur de l&rsquo;entreprise<br \/>\r\nVente et marketing<br \/>\r\n<br \/>\r\nT\u00e9l\u00e9phone +41 81 750 34 34                                      <div><a href=\"mailto:um.schulz@etimark.ch\">um.schulz@etimark.ch<\/a><\/div>\n                                  <\/div>\n                                  <div class=\"employee__content\">Lorsqu\u2019une entreprise a du succ\u00e8s sur le march\u00e9, elle repose sur une base solide. Cette base se fonde \u00e0 son tour sur une planification financi\u00e8re pr\u00e9voyante et r\u00e9aliste. Par ailleurs, l\u2019entreprise a certainement besoin d\u2019un parc de machines au niveau technologique le plus r\u00e9cent ainsi que de processus extr\u00eamement l\u00e9gers et efficaces. Mais ce sont surtout les collaborateurs qui s\u2019identifient \u00e0 l\u2019entreprise et qui, en assumant personnellement leurs responsabilit\u00e9s, constituent la base de notre succ\u00e8s.<\/div>\n                  <div class=\"employee__action\">\n                    <button class=\"button js-employee-infos\">\n                      <span class=\"button__icon\"><span class=\"button__arrow\">><\/span><\/span>\n                      <span class=\"button__label\">Infos<\/span>\n                    <\/button>\n                  <\/div>\n                              <\/div>\n            <\/div>\n          <\/div>\n              <\/div>\n                <div class=\"employees__header\">\n        <h2 class=\"employees__title\">\u00c9quipe de vente externe<\/h2>\n      <\/div>\n      <div class=\"employees__items\">\n                  <div class=\"employees__item\">\n            <div class=\"employee\">\n              <div class=\"employee__media\">\n                <img decoding=\"async\" src=\"https:\/\/etimark.ch\/wp-content\/uploads\/FrankBraeuning-1.png\" class=\"employee__image\" alt=\"\" \/>\n              <\/div>\n              <div class=\"employee__main\">\n                <h3 class=\"employee__title\">Frank Br\u00e4uning<\/h3>\n                <div class=\"employee__description\">\n                  Directeur des ventes<br \/>\r\n<br \/>\r\n+41 81 750 34 44                                      <div><a href=\"mailto:F.Braeuning@etimark.ch\">F.Braeuning@etimark.ch<\/a><\/div>\n                                  <\/div>\n                              <\/div>\n            <\/div>\n          <\/div>\n                  <div class=\"employees__item\">\n            <div class=\"employee\">\n              <div class=\"employee__media\">\n                <img decoding=\"async\" src=\"https:\/\/etimark.ch\/wp-content\/uploads\/AlessandroIorio-1.png\" class=\"employee__image\" alt=\"\" \/>\n              <\/div>\n              <div class=\"employee__main\">\n                <h3 class=\"employee__title\">Alessandro Iorio<\/h3>\n                <div class=\"employee__description\">\n                  Country Manager Italy<br \/>\r\n<br \/>\r\n+41 81 750 34 34<br \/>\r\n+ 39 3483882909<br \/>\r\n<br \/>\r\nvia Generale Angelo Lanzotti, n\u00b0 2\/A<br \/>\r\n82016 Montesarchio (BN) &#8211; Italia                                      <div><a href=\"mailto:a.iorio@etimark.ch\">a.iorio@etimark.ch<\/a><\/div>\n                                  <\/div>\n                              <\/div>\n            <\/div>\n          <\/div>\n                  <div class=\"employees__item\">\n            <div class=\"employee\">\n              <div class=\"employee__media\">\n                <img decoding=\"async\" src=\"https:\/\/etimark.ch\/wp-content\/uploads\/JeroenMaas_web-2.jpg\" class=\"employee__image\" alt=\"\" \/>\n              <\/div>\n              <div class=\"employee__main\">\n                <h3 class=\"employee__title\">Jeroen Maas<\/h3>\n                <div class=\"employee__description\">\n                  Ventes externes Benelux<br \/>\r\n<br \/>\r\n+31 6 206 144 91                                      <div><a href=\"mailto:j.maas@etimark.ch\">j.maas@etimark.ch<\/a><\/div>\n                                  <\/div>\n                              <\/div>\n            <\/div>\n          <\/div>\n                  <div class=\"employees__item\">\n            <div class=\"employee\">\n              <div class=\"employee__media\">\n                <img decoding=\"async\" src=\"https:\/\/etimark.ch\/wp-content\/uploads\/MichaelaSeeholzer_neu-1.jpg\" class=\"employee__image\" alt=\"\" \/>\n              <\/div>\n              <div class=\"employee__main\">\n                <h3 class=\"employee__title\">Michaela Seeholzer<\/h3>\n                <div class=\"employee__description\">\n                  Responsable des ventes interne<br \/>\r\n<br \/>\r\n+41 81 750 34 24                                      <div><a href=\"mailto:m.seeholzer@etimark.ch\">m.seeholzer@etimark.ch<\/a><\/div>\n                                  <\/div>\n                              <\/div>\n            <\/div>\n          <\/div>\n                  <div class=\"employees__item\">\n            <div class=\"employee\">\n              <div class=\"employee__media\">\n                <img decoding=\"async\" src=\"https:\/\/etimark.ch\/wp-content\/uploads\/AntjeRheinberger-2.jpg\" class=\"employee__image\" alt=\"\" \/>\n              <\/div>\n              <div class=\"employee__main\">\n                <h3 class=\"employee__title\">Antje Rheinberger<\/h3>\n                <div class=\"employee__description\">\n                  Ventes externes CH<br \/>\r\n<br \/>\r\n+41 81 750 34 22                                      <div><a href=\"mailto:a.rheinberger@etimark.ch\">a.rheinberger@etimark.ch<\/a><\/div>\n                                  <\/div>\n                              <\/div>\n            <\/div>\n          <\/div>\n              <\/div>\n                <div class=\"employees__header\">\n        <h2 class=\"employees__title\">\u00c9quipe de vente interne<\/h2>\n      <\/div>\n      <div class=\"employees__items\">\n                  <div class=\"employees__item\">\n            <div class=\"employee\">\n              <div class=\"employee__media\">\n                <img decoding=\"async\" src=\"https:\/\/etimark.ch\/wp-content\/uploads\/ElmaVeseli.jpg\" class=\"employee__image\" alt=\"\" \/>\n              <\/div>\n              <div class=\"employee__main\">\n                <h3 class=\"employee__title\">Elma Veseli<\/h3>\n                <div class=\"employee__description\">\n                  Vente, commande en cours de traitement<br \/>\r\n<br \/>\r\n+41 81 750 34 33                                      <div><a href=\"mailto:e.veseli@etimark.ch\">e.veseli@etimark.ch<\/a><\/div>\n                                  <\/div>\n                              <\/div>\n            <\/div>\n          <\/div>\n                  <div class=\"employees__item\">\n            <div class=\"employee\">\n              <div class=\"employee__media\">\n                <img decoding=\"async\" src=\"https:\/\/etimark.ch\/wp-content\/uploads\/ClaudiaTabbal.jpg\" class=\"employee__image\" alt=\"\" \/>\n              <\/div>\n              <div class=\"employee__main\">\n                <h3 class=\"employee__title\">Claudia Tabbal<\/h3>\n                <div class=\"employee__description\">\n                  Vente, commande en cours de traitement<br \/>\r\n<br \/>\r\n+41 81 750 34 39                                      <div><a href=\"mailto:c.tabbal@etimark.ch\">c.tabbal@etimark.ch<\/a><\/div>\n                                  <\/div>\n                              <\/div>\n            <\/div>\n          <\/div>\n                  <div class=\"employees__item\">\n            <div class=\"employee\">\n              <div class=\"employee__media\">\n                <img decoding=\"async\" src=\"https:\/\/etimark.ch\/wp-content\/uploads\/CindyMarock-1.png\" class=\"employee__image\" alt=\"\" \/>\n              <\/div>\n              <div class=\"employee__main\">\n                <h3 class=\"employee__title\">Cindy Marock<\/h3>\n                <div class=\"employee__description\">\n                  Vente, commande en cours de traitement<br \/>\r\n<br \/>\r\n+41 81 750 34 29                                      <div><a href=\"mailto:c.marock@etimark.ch\">c.marock@etimark.ch<\/a><\/div>\n                                  <\/div>\n                              <\/div>\n            <\/div>\n          <\/div>\n                  <div class=\"employees__item\">\n            <div class=\"employee\">\n              <div class=\"employee__media\">\n                <img decoding=\"async\" src=\"https:\/\/etimark.ch\/wp-content\/uploads\/MariaDeAlencar-2.png\" class=\"employee__image\" alt=\"\" \/>\n              <\/div>\n              <div class=\"employee__main\">\n                <h3 class=\"employee__title\">Maria De Alencar<\/h3>\n                <div class=\"employee__description\">\n                  Vente, commande en cours de traitement<br \/>\r\n<br \/>\r\n+41 81 750 34 31                                      <div><a href=\"mailto:m.de-alencar@etimark.ch\">m.de-alencar@etimark.ch<\/a><\/div>\n                                  <\/div>\n                              <\/div>\n            <\/div>\n          <\/div>\n                  <div class=\"employees__item\">\n            <div class=\"employee\">\n              <div class=\"employee__media\">\n                <img decoding=\"async\" src=\"https:\/\/etimark.ch\/wp-content\/uploads\/SmaragdaTsolakidis_neu-1.jpg\" class=\"employee__image\" alt=\"\" \/>\n              <\/div>\n              <div class=\"employee__main\">\n                <h3 class=\"employee__title\">Smaragda Tsolakidis<\/h3>\n                <div class=\"employee__description\">\n                  Vente, commande en cours de traitement<br \/>\r\n<br \/>\r\n+41 81 750 34 32                                      <div><a href=\"mailto:s.tsolakidis@etimark.ch\">s.tsolakidis@etimark.ch<\/a><\/div>\n                                  <\/div>\n                              <\/div>\n            <\/div>\n          <\/div>\n                  <div class=\"employees__item\">\n            <div class=\"employee\">\n              <div class=\"employee__media\">\n                <img decoding=\"async\" src=\"https:\/\/etimark.ch\/wp-content\/uploads\/PaoloMazzeo-2.jpg\" class=\"employee__image\" alt=\"\" \/>\n              <\/div>\n              <div class=\"employee__main\">\n                <h3 class=\"employee__title\">Paolo Mazzeo<\/h3>\n                <div class=\"employee__description\">\n                  Vente, commande en cours de traitement<br \/>\r\n<br \/>\r\n+41 81 750 34 21                                      <div><a href=\"mailto:p.mazzeo@etimark.ch\">p.mazzeo@etimark.ch<\/a><\/div>\n                                  <\/div>\n                              <\/div>\n            <\/div>\n          <\/div>\n              <\/div>\n                <div class=\"employees__header\">\n        <h2 class=\"employees__title\">Administration<\/h2>\n      <\/div>\n      <div class=\"employees__items\">\n                  <div class=\"employees__item\">\n            <div class=\"employee\">\n              <div class=\"employee__media\">\n                <img decoding=\"async\" src=\"https:\/\/etimark.ch\/wp-content\/uploads\/EstherTinner.jpg\" class=\"employee__image\" alt=\"\" \/>\n              <\/div>\n              <div class=\"employee__main\">\n                <h3 class=\"employee__title\">Esther Tinner<\/h3>\n                <div class=\"employee__description\">\n                  Comptabilit\u00e9, front office, secr\u00e9tariat<br \/>\r\n<br \/>\r\n+41 81 750 34 36                                      <div><a href=\"mailto:e.tinner@etimark.ch\">e.tinner@etimark.ch<\/a><\/div>\n                                  <\/div>\n                              <\/div>\n            <\/div>\n          <\/div>\n                  <div class=\"employees__item\">\n            <div class=\"employee\">\n              <div class=\"employee__media\">\n                <img decoding=\"async\" src=\"https:\/\/etimark.ch\/wp-content\/uploads\/ShilouetteMen-1.jpg\" class=\"employee__image\" alt=\"\" \/>\n              <\/div>\n              <div class=\"employee__main\">\n                <h3 class=\"employee__title\">Boris Chiavi<\/h3>\n                <div class=\"employee__description\">\n                  Directeur informatique <br \/>\r\n<br \/>\r\n+41 81 750 34 34                                      <div><a href=\"mailto:b.chiavi@etimark.ch\">b.chiavi@etimark.ch<\/a><\/div>\n                                  <\/div>\n                              <\/div>\n            <\/div>\n          <\/div>\n                  <div class=\"employees__item\">\n            <div class=\"employee\">\n              <div class=\"employee__media\">\n                <img decoding=\"async\" src=\"https:\/\/etimark.ch\/wp-content\/uploads\/AndreasKnecht-1.jpg\" class=\"employee__image\" alt=\"\" \/>\n              <\/div>\n              <div class=\"employee__main\">\n                <h3 class=\"employee__title\">Andreas Knecht<\/h3>\n                <div class=\"employee__description\">\n                  Directeur d&rsquo;achat<br \/>\r\nManager qualit\u00e9 BRC<br \/>\r\n<br \/>\r\n+41 81 750 34 38                                      <div><a href=\"mailto:a.knecht@etimark.ch\">a.knecht@etimark.ch<\/a><\/div>\n                                  <\/div>\n                              <\/div>\n            <\/div>\n          <\/div>\n              <\/div>\n                <div class=\"employees__header\">\n        <h2 class=\"employees__title\">Prepresse<\/h2>\n      <\/div>\n      <div class=\"employees__items\">\n                  <div class=\"employees__item\">\n            <div class=\"employee\">\n              <div class=\"employee__media\">\n                <img decoding=\"async\" src=\"https:\/\/etimark.ch\/wp-content\/uploads\/GisoMayer.png\" class=\"employee__image\" alt=\"\" \/>\n              <\/div>\n              <div class=\"employee__main\">\n                <h3 class=\"employee__title\">Giso Schramm<\/h3>\n                <div class=\"employee__description\">\n                  Responsable pr\u00e9presse<br \/>\r\n<br \/>\r\n+41 81 750 34 30                                      <div><a href=\"mailto:g.schramm@etimark.ch\">g.schramm@etimark.ch<\/a><\/div>\n                                  <\/div>\n                              <\/div>\n            <\/div>\n          <\/div>\n                  <div class=\"employees__item\">\n            <div class=\"employee\">\n              <div class=\"employee__media\">\n                <img decoding=\"async\" src=\"https:\/\/etimark.ch\/wp-content\/uploads\/JeremiasTschirky_neu.jpg\" class=\"employee__image\" alt=\"\" \/>\n              <\/div>\n              <div class=\"employee__main\">\n                <h3 class=\"employee__title\">Jeremias Tschirky<\/h3>\n                <div class=\"employee__description\">\n                  Pr\u00e9presse<br \/>\r\n<br \/>\r\n+41 81 750 34 34                                      <div><a href=\"mailto:j.tschirky@etimark.ch\">j.tschirky@etimark.ch<\/a><\/div>\n                                  <\/div>\n                              <\/div>\n            <\/div>\n          <\/div>\n              <\/div>\n                <div class=\"employees__header\">\n        <h2 class=\"employees__title\">Production<\/h2>\n      <\/div>\n      <div class=\"employees__items\">\n                  <div class=\"employees__item\">\n            <div class=\"employee\">\n              <div class=\"employee__media\">\n                <img decoding=\"async\" src=\"https:\/\/etimark.ch\/wp-content\/uploads\/Piotr.jpg\" class=\"employee__image\" alt=\"\" \/>\n              <\/div>\n              <div class=\"employee__main\">\n                <h3 class=\"employee__title\">Piotr Lachowski<\/h3>\n                <div class=\"employee__description\">\n                  Agent de maintenance<br \/>\r\n<br \/>\r\n+41 81 750 34 41                                      <div><a href=\"mailto:p.lachowski@etimark.ch\">p.lachowski@etimark.ch<\/a><\/div>\n                                  <\/div>\n                              <\/div>\n            <\/div>\n          <\/div>\n                  <div class=\"employees__item\">\n            <div class=\"employee\">\n              <div class=\"employee__media\">\n                <img decoding=\"async\" src=\"https:\/\/etimark.ch\/wp-content\/uploads\/HarisIbricic.jpg\" class=\"employee__image\" alt=\"\" \/>\n              <\/div>\n              <div class=\"employee__main\">\n                <h3 class=\"employee__title\">Haris Ibri\u010di\u0107<\/h3>\n                <div class=\"employee__description\">\n                  Responsable production<br \/>\r\n<br \/>\r\n+41 81 750 30 91                                      <div><a href=\"mailto:h.ibricic@etimark.ch\">h.ibricic@etimark.ch<\/a><\/div>\n                                  <\/div>\n                              <\/div>\n            <\/div>\n          <\/div>\n                  <div class=\"employees__item\">\n            <div class=\"employee\">\n              <div class=\"employee__media\">\n                <img decoding=\"async\" src=\"https:\/\/etimark.ch\/wp-content\/uploads\/ShilouetteMen.jpg\" class=\"employee__image\" alt=\"\" \/>\n              <\/div>\n              <div class=\"employee__main\">\n                <h3 class=\"employee__title\"><\/h3>\n                <div class=\"employee__description\">\n                  Transporteur<br \/>\r\n<br \/>\r\n+41 81 750 34 23                                      <div><a href=\"mailto:logistik@etimark.ch\">logistik@etimark.ch<\/a><\/div>\n                                  <\/div>\n                              <\/div>\n            <\/div>\n          <\/div>\n              <\/div>\n      <\/div>\n","protected":false},"excerpt":{"rendered":"","protected":false},"author":2,"featured_media":0,"parent":2527,"menu_order":0,"comment_status":"closed","ping_status":"closed","template":"","meta":{"_acf_changed":false,"inline_featured_image":false,"footnotes":""},"class_list":["post-2564","page","type-page","status-publish","hentry"],"acf":[],"_links":{"self":[{"href":"https:\/\/etimark.ch\/fr\/wp-json\/wp\/v2\/pages\/2564","targetHints":{"allow":["GET"]}}],"collection":[{"href":"https:\/\/etimark.ch\/fr\/wp-json\/wp\/v2\/pages"}],"about":[{"href":"https:\/\/etimark.ch\/fr\/wp-json\/wp\/v2\/types\/page"}],"author":[{"embeddable":true,"href":"https:\/\/etimark.ch\/fr\/wp-json\/wp\/v2\/users\/2"}],"replies":[{"embeddable":true,"href":"https:\/\/etimark.ch\/fr\/wp-json\/wp\/v2\/comments?post=2564"}],"version-history":[{"count":2,"href":"https:\/\/etimark.ch\/fr\/wp-json\/wp\/v2\/pages\/2564\/revisions"}],"predecessor-version":[{"id":2566,"href":"https:\/\/etimark.ch\/fr\/wp-json\/wp\/v2\/pages\/2564\/revisions\/2566"}],"up":[{"embeddable":true,"href":"https:\/\/etimark.ch\/fr\/wp-json\/wp\/v2\/pages\/2527"}],"wp:attachment":[{"href":"https:\/\/etimark.ch\/fr\/wp-json\/wp\/v2\/media?parent=2564"}],"curies":[{"name":"wp","href":"https:\/\/api.w.org\/{rel}","templated":true}]}}