{"id":2527,"date":"2020-07-03T11:15:52","date_gmt":"2020-07-03T09:15:52","guid":{"rendered":"http:\/\/etimark.ch\/?page_id=2527"},"modified":"2021-12-09T13:30:07","modified_gmt":"2021-12-09T12:30:07","slug":"nous","status":"publish","type":"page","link":"https:\/\/etimark.ch\/fr\/nous\/","title":{"rendered":"Nous"},"content":{"rendered":"\n<div class=\"intro\">\n  <div class=\"intro__content\">\n    <p>L&rsquo;entreprise Etimark AG a \u00e9t\u00e9 cr\u00e9\u00e9e en 1978 et est dirig\u00e9e actuellement par la deuxi\u00e8me g\u00e9n\u00e9ration, les fr\u00e8res Udo et Marco Schulz. L&rsquo;entreprise suisse dont le si\u00e8ge se trouve \u00e0 Grabs est sp\u00e9cialis\u00e9e dans les solutions sur mesure d&rsquo;impression d&#8217;emballage, qui r\u00e9pondent \u00e0 toutes les exigences en mati\u00e8re de qualit\u00e9, s\u00e9curit\u00e9, fonctionnalit\u00e9 et esth\u00e9tique, tout en s&rsquo;appuyant sur une production ultra-moderne et optimis\u00e9e en mati\u00e8re de co\u00fbts.<\/p>\n<p><strong><span lang=\"EN-US\">La perfection de l&rsquo;impression UV-Flexo<\/span><\/strong><b><span lang=\"EN-US\"><br \/>\n<\/span><\/b><span lang=\"EN-US\">Les opercules estamp\u00e9s\/platines d&rsquo;Etimark garantissent une qualit\u00e9 et une s\u00e9curit\u00e9 maximales. Une technique d&rsquo;impression ultra-moderne, l&rsquo;impression UV-Flexo, permet l&rsquo;impression des mat\u00e9riaux les plus divers (aluminium, composites en papier, PET, PVC) dans une qualit\u00e9 d&rsquo;impression optimale jusqu&rsquo;\u00e0 8 couleurs, effectu\u00e9e sur mesure en fonction des souhaits individuels en mati\u00e8re d&rsquo;\u00e9quipement et d&rsquo;impression.\u00a0<\/span><\/p>\n<p style=\"text-align: left;\" align=\"center\"><strong><span lang=\"EN-US\">Des collaborateurs hautement form\u00e9s, dot\u00e9s d&rsquo;une grande comp\u00e9tence technique et d&rsquo;une longue exp\u00e9rience en mati\u00e8re d&rsquo;impression d&#8217;emballages forment notre \u00e9quipe au service de nos clients. Fournir quotidiennement la \u00ab\u00a0perfection\u00a0\u00bb : voil\u00e0 notre plus grande exigence.<\/span><\/strong><\/p>\n  <\/div>\n<\/div>\n\n\n\n<div style=\"height:48px\" aria-hidden=\"true\" class=\"wp-block-spacer\"><\/div>\n\n\n\n<div class=\"wp-block-columns is-layout-flex wp-container-core-columns-is-layout-9d6595d7 wp-block-columns-is-layout-flex\">\n<div class=\"wp-block-column is-layout-flow wp-block-column-is-layout-flow\">\n<figure class=\"wp-block-image size-large\"><img loading=\"lazy\" decoding=\"async\" width=\"567\" height=\"425\" src=\"http:\/\/etimark.ch\/wp-content\/uploads\/MarcoUliUdo_sw.jpg\" alt=\"\" class=\"wp-image-3669\" srcset=\"https:\/\/etimark.ch\/wp-content\/uploads\/MarcoUliUdo_sw.jpg 567w, https:\/\/etimark.ch\/wp-content\/uploads\/MarcoUliUdo_sw-300x225.jpg 300w\" sizes=\"auto, (max-width: 567px) 100vw, 567px\" \/><\/figure>\n\n\n\n<div class=\"boxes \">\n      <div class=\"box   \">\n      <div class=\"box__media\">\n        <img decoding=\"async\" src=\"\" class=\"box__image\" title=\"\" alt=\"\" width=\"\" height=\"\" \/>\n      <\/div>\n      <div class=\"box__main\">\n        <div class=\"box__header\">\n          <h2 class=\"box__title\">Fondation en 1978<\/h2>\n        <\/div>\n        <div class=\"box__content\"><p>L&rsquo;entreprise a \u00e9t\u00e9 fond\u00e9e en 1978 par Ulrich Schulz et est aujourd&rsquo;hui dirig\u00e9e par la deuxi\u00e8me g\u00e9n\u00e9ration, les fr\u00e8res Udo et Marco Schulz.<\/p>\n<\/div>\n              <\/div>\n    <\/div>\n  <\/div>\n<\/div>\n\n\n\n<div class=\"wp-block-column is-layout-flow wp-block-column-is-layout-flow\">\n<figure class=\"wp-block-image size-large is-resized\"><img loading=\"lazy\" decoding=\"async\" src=\"http:\/\/etimark.ch\/wp-content\/uploads\/GebaeudeEtimark1-1024x740.jpg\" alt=\"\" class=\"wp-image-2008\" width=\"473\" height=\"341\" srcset=\"https:\/\/etimark.ch\/wp-content\/uploads\/GebaeudeEtimark1-1024x740.jpg 1024w, https:\/\/etimark.ch\/wp-content\/uploads\/GebaeudeEtimark1-300x217.jpg 300w, https:\/\/etimark.ch\/wp-content\/uploads\/GebaeudeEtimark1-768x555.jpg 768w, https:\/\/etimark.ch\/wp-content\/uploads\/GebaeudeEtimark1-800x578.jpg 800w\" sizes=\"auto, (max-width: 473px) 100vw, 473px\" \/><\/figure>\n\n\n\n<div class=\"boxes \">\n      <div class=\"box   \">\n      <div class=\"box__media\">\n        <img decoding=\"async\" src=\"\" class=\"box__image\" title=\"\" alt=\"\" width=\"\" height=\"\" \/>\n      <\/div>\n      <div class=\"box__main\">\n        <div class=\"box__header\">\n          <h2 class=\"box__title\">Extension de l&rsquo;usine 2<\/h2>\n        <\/div>\n        <div class=\"box__content\"><p>2017 &#8211; une grande \u00e9tape dans l&rsquo;histoire de l&rsquo;entreprise.\u00a0L&rsquo;usine 2, situ\u00e9e dans la Werdenstrasse, offre une infrastructure ultramoderne qui sert de base \u00e0 un parc de machines ultramoderne. La premi\u00e8re pierre a \u00e9t\u00e9 pos\u00e9e.<\/p>\n<\/div>\n              <\/div>\n    <\/div>\n  <\/div>\n<\/div>\n<\/div>\n\n\n\n<p><\/p>\n","protected":false},"excerpt":{"rendered":"","protected":false},"author":2,"featured_media":0,"parent":0,"menu_order":0,"comment_status":"closed","ping_status":"closed","template":"","meta":{"_acf_changed":false,"inline_featured_image":false,"footnotes":""},"class_list":["post-2527","page","type-page","status-publish","hentry"],"acf":[],"_links":{"self":[{"href":"https:\/\/etimark.ch\/fr\/wp-json\/wp\/v2\/pages\/2527","targetHints":{"allow":["GET"]}}],"collection":[{"href":"https:\/\/etimark.ch\/fr\/wp-json\/wp\/v2\/pages"}],"about":[{"href":"https:\/\/etimark.ch\/fr\/wp-json\/wp\/v2\/types\/page"}],"author":[{"embeddable":true,"href":"https:\/\/etimark.ch\/fr\/wp-json\/wp\/v2\/users\/2"}],"replies":[{"embeddable":true,"href":"https:\/\/etimark.ch\/fr\/wp-json\/wp\/v2\/comments?post=2527"}],"version-history":[{"count":13,"href":"https:\/\/etimark.ch\/fr\/wp-json\/wp\/v2\/pages\/2527\/revisions"}],"predecessor-version":[{"id":4393,"href":"https:\/\/etimark.ch\/fr\/wp-json\/wp\/v2\/pages\/2527\/revisions\/4393"}],"wp:attachment":[{"href":"https:\/\/etimark.ch\/fr\/wp-json\/wp\/v2\/media?parent=2527"}],"curies":[{"name":"wp","href":"https:\/\/api.w.org\/{rel}","templated":true}]}}