{"id":2514,"date":"2020-07-03T11:12:23","date_gmt":"2020-07-03T09:12:23","guid":{"rendered":"http:\/\/etimark.ch\/?page_id=2514"},"modified":"2026-03-30T09:02:55","modified_gmt":"2026-03-30T07:02:55","slug":"certificat","status":"publish","type":"page","link":"https:\/\/etimark.ch\/fr\/certificat\/","title":{"rendered":"Certificat"},"content":{"rendered":"\n<div class=\"media media--preview\">\n  <div class=\"media__preview\">\n    <img decoding=\"async\" src=\"https:\/\/etimark.ch\/wp-content\/uploads\/Zertifikat_FSSC22000_d-420x600-2.jpg\" class=\"media__image\" \/>\n  <\/div>\n  <div class=\"media__content\">\n    <div class=\"media__main\">\n      <h2 class=\"title title--tertiary media__title\"><\/h2>\n      <div class=\"media__text \">\n        <p>En 2000, Etimark AG a \u00e9t\u00e9 l&rsquo;une des premi\u00e8res soci\u00e9t\u00e9s d&rsquo;impression d&#8217;emballages \u00e0 \u00eatre certifi\u00e9e selon la norme ISO 9001: 2000 et un peu plus tard selon les normes mondiales BRC. Nous en sommes fiers \u00e0 ce jour.<\/p>\n<p>En tant que fournisseur important de l&rsquo;industrie alimentaire, nous sommes conscients des exigences \u00e9lev\u00e9es qu&rsquo;implique notre r\u00f4le de fabricant d&#8217;emballages dans cette cha\u00eene d&rsquo;approvisionnement. Nous soumettons notre entreprise \u00e0 des normes d&rsquo;hygi\u00e8ne strictes depuis de nombreuses ann\u00e9es et avons assur\u00e9 le plus haut niveau de transparence et donc une tra\u00e7abilit\u00e9 compl\u00e8te.<\/p>\n<p>Compte tenu de l&rsquo;\u00e9volution de la norme BRC, nous avons d\u00e9cid\u00e9 de faire certifier nos activit\u00e9s \u00e0 partir de 2019 selon la norme FSSC 22000, une norme alternative reconnue par la GFSI en mati\u00e8re de s\u00e9curit\u00e9 alimentaire. Nous sommes convaincus que nous optons ainsi pour la meilleure solution dans ce domaine \u00e9galement.<\/p>\n      <\/div>\n      <div class=\"media__action\">\n        <a href=\"https:\/\/etimark.ch\/wp-content\/uploads\/521370-FSSC_Certificate_14759_2026_fr.pdf\" class=\"button\" download traget=\"_blank\">\n          <span class=\"button__icon\"><span class=\"button__arrow\">><\/span><\/span>\n          <span class=\"button__label\">Download<\/span>\n        <\/a>\n      <\/div>\n    <\/div>\n  <\/div>\n<\/div>\n\n\n\n<div style=\"height:20px\" aria-hidden=\"true\" class=\"wp-block-spacer\"><\/div>\n\n\n\n<div class=\"media media--preview\">\n  <div class=\"media__preview\">\n    <img decoding=\"async\" src=\"https:\/\/etimark.ch\/wp-content\/uploads\/EnAW-Zertifikat_e-246c340d-1.png\" class=\"media__image\" \/>\n  <\/div>\n  <div class=\"media__content\">\n    <div class=\"media__main\">\n      <h2 class=\"title title--tertiary media__title\">CO2&#038;kWh <\/h2>\n      <div class=\"media__text \">\n        <p>En participant volontairement \u00e0 EnAW, nous r\u00e9duisons les co\u00fbts \u00e9nerg\u00e9tiques et \u00e9conomisons de l&rsquo;argent gr\u00e2ce \u00e0 des mesures \u00e9conomiques. Nous r\u00e9pondons ainsi aux exigences du gouvernement f\u00e9d\u00e9ral et des cantons de mani\u00e8re simple et efficace.<\/p>\n      <\/div>\n      <div class=\"media__action\">\n        <a href=\"https:\/\/etimark.ch\/wp-content\/uploads\/CO2Zertifikat2022DE.pdf\" class=\"button\" download traget=\"_blank\">\n          <span class=\"button__icon\"><span class=\"button__arrow\">><\/span><\/span>\n          <span class=\"button__label\">Download<\/span>\n        <\/a>\n      <\/div>\n    <\/div>\n  <\/div>\n<\/div>\n","protected":false},"excerpt":{"rendered":"","protected":false},"author":2,"featured_media":0,"parent":0,"menu_order":0,"comment_status":"closed","ping_status":"closed","template":"","meta":{"_acf_changed":false,"inline_featured_image":false,"footnotes":""},"class_list":["post-2514","page","type-page","status-publish","hentry"],"acf":[],"_links":{"self":[{"href":"https:\/\/etimark.ch\/fr\/wp-json\/wp\/v2\/pages\/2514","targetHints":{"allow":["GET"]}}],"collection":[{"href":"https:\/\/etimark.ch\/fr\/wp-json\/wp\/v2\/pages"}],"about":[{"href":"https:\/\/etimark.ch\/fr\/wp-json\/wp\/v2\/types\/page"}],"author":[{"embeddable":true,"href":"https:\/\/etimark.ch\/fr\/wp-json\/wp\/v2\/users\/2"}],"replies":[{"embeddable":true,"href":"https:\/\/etimark.ch\/fr\/wp-json\/wp\/v2\/comments?post=2514"}],"version-history":[{"count":19,"href":"https:\/\/etimark.ch\/fr\/wp-json\/wp\/v2\/pages\/2514\/revisions"}],"predecessor-version":[{"id":6126,"href":"https:\/\/etimark.ch\/fr\/wp-json\/wp\/v2\/pages\/2514\/revisions\/6126"}],"wp:attachment":[{"href":"https:\/\/etimark.ch\/fr\/wp-json\/wp\/v2\/media?parent=2514"}],"curies":[{"name":"wp","href":"https:\/\/api.w.org\/{rel}","templated":true}]}}