{"id":2481,"date":"2020-07-03T10:52:11","date_gmt":"2020-07-03T08:52:11","guid":{"rendered":"http:\/\/etimark.ch\/?page_id=2481"},"modified":"2025-05-13T06:57:19","modified_gmt":"2025-05-13T04:57:19","slug":"rapport-ecologique","status":"publish","type":"page","link":"https:\/\/etimark.ch\/fr\/rapport-ecologique\/","title":{"rendered":"Rapport-ecologique"},"content":{"rendered":"\n<div class=\"media media--preview\">\n  <div class=\"media__preview\">\n    <img decoding=\"async\" src=\"https:\/\/etimark.ch\/wp-content\/uploads\/download_Umweltbericht_d.png\" class=\"media__image\" \/>\n  <\/div>\n  <div class=\"media__content\">\n    <div class=\"media__main\">\n      <h2 class=\"title title--tertiary media__title\">Chez Etimark AG, la sensibilisation \u00e0 l&rsquo;environnement est une priorit\u00e9 absolue<\/h2>\n      <div class=\"media__text \">\n        <p>Les questions environnementales nous concernent tous, car tout le monde s&rsquo;int\u00e9resse \u00e0 un environnement intact et chacun devrait y apporter sa propre contribution. Que ce soit \u00e0 la maison, en d\u00e9placement ou au travail.<\/p>\n      <\/div>\n      <div class=\"media__action\">\n        <a href=\"https:\/\/etimark.ch\/wp-content\/uploads\/Rapport-ecologique-2024.pdf\" class=\"button\" download traget=\"_blank\">\n          <span class=\"button__icon\"><span class=\"button__arrow\">><\/span><\/span>\n          <span class=\"button__label\">Download<\/span>\n        <\/a>\n      <\/div>\n    <\/div>\n  <\/div>\n<\/div>\n","protected":false},"excerpt":{"rendered":"","protected":false},"author":2,"featured_media":0,"parent":0,"menu_order":0,"comment_status":"closed","ping_status":"closed","template":"","meta":{"_acf_changed":false,"inline_featured_image":false,"footnotes":""},"class_list":["post-2481","page","type-page","status-publish","hentry"],"acf":[],"_links":{"self":[{"href":"https:\/\/etimark.ch\/fr\/wp-json\/wp\/v2\/pages\/2481","targetHints":{"allow":["GET"]}}],"collection":[{"href":"https:\/\/etimark.ch\/fr\/wp-json\/wp\/v2\/pages"}],"about":[{"href":"https:\/\/etimark.ch\/fr\/wp-json\/wp\/v2\/types\/page"}],"author":[{"embeddable":true,"href":"https:\/\/etimark.ch\/fr\/wp-json\/wp\/v2\/users\/2"}],"replies":[{"embeddable":true,"href":"https:\/\/etimark.ch\/fr\/wp-json\/wp\/v2\/comments?post=2481"}],"version-history":[{"count":11,"href":"https:\/\/etimark.ch\/fr\/wp-json\/wp\/v2\/pages\/2481\/revisions"}],"predecessor-version":[{"id":6012,"href":"https:\/\/etimark.ch\/fr\/wp-json\/wp\/v2\/pages\/2481\/revisions\/6012"}],"wp:attachment":[{"href":"https:\/\/etimark.ch\/fr\/wp-json\/wp\/v2\/media?parent=2481"}],"curies":[{"name":"wp","href":"https:\/\/api.w.org\/{rel}","templated":true}]}}