{"id":2453,"date":"2020-07-03T10:21:11","date_gmt":"2020-07-03T08:21:11","guid":{"rendered":"http:\/\/etimark.ch\/?page_id=2453"},"modified":"2021-06-03T17:30:46","modified_gmt":"2021-06-03T15:30:46","slug":"conditions","status":"publish","type":"page","link":"https:\/\/etimark.ch\/fr\/conditions\/","title":{"rendered":"Conditions"},"content":{"rendered":"\n<div class=\"media media--preview\">\n  <div class=\"media__preview\">\n    <img decoding=\"async\" src=\"https:\/\/etimark.ch\/wp-content\/uploads\/download_AGB_d.png\" class=\"media__image\" \/>\n  <\/div>\n  <div class=\"media__content\">\n    <div class=\"media__main\">\n      <h2 class=\"title title--tertiary media__title\">Conditions g\u00e9n\u00e9rales de vente<\/h2>\n      <div class=\"media__text \">\n        <p>Contrairement \u00e0 un accord individuel, les conditions g\u00e9n\u00e9rales (conditions abr\u00e9g\u00e9es) sont toutes des conditions pr\u00e9-formul\u00e9es pour un grand nombre de contrats qu&rsquo;une partie contractante (l&rsquo;utilisateur) fournit \u00e0 l&rsquo;autre partie contractante lors de la conclusion d&rsquo;un contrat.<\/p>\n      <\/div>\n      <div class=\"media__action\">\n        <a href=\"https:\/\/etimark.ch\/wp-content\/uploads\/0_AllgGesch.-Bed._f.pdf\" class=\"button\" download traget=\"_blank\">\n          <span class=\"button__icon\"><span class=\"button__arrow\">><\/span><\/span>\n          <span class=\"button__label\">Download<\/span>\n        <\/a>\n      <\/div>\n    <\/div>\n  <\/div>\n<\/div>\n","protected":false},"excerpt":{"rendered":"","protected":false},"author":2,"featured_media":0,"parent":0,"menu_order":0,"comment_status":"closed","ping_status":"closed","template":"","meta":{"_acf_changed":false,"inline_featured_image":false,"footnotes":""},"class_list":["post-2453","page","type-page","status-publish","hentry"],"acf":[],"_links":{"self":[{"href":"https:\/\/etimark.ch\/fr\/wp-json\/wp\/v2\/pages\/2453","targetHints":{"allow":["GET"]}}],"collection":[{"href":"https:\/\/etimark.ch\/fr\/wp-json\/wp\/v2\/pages"}],"about":[{"href":"https:\/\/etimark.ch\/fr\/wp-json\/wp\/v2\/types\/page"}],"author":[{"embeddable":true,"href":"https:\/\/etimark.ch\/fr\/wp-json\/wp\/v2\/users\/2"}],"replies":[{"embeddable":true,"href":"https:\/\/etimark.ch\/fr\/wp-json\/wp\/v2\/comments?post=2453"}],"version-history":[{"count":3,"href":"https:\/\/etimark.ch\/fr\/wp-json\/wp\/v2\/pages\/2453\/revisions"}],"predecessor-version":[{"id":2459,"href":"https:\/\/etimark.ch\/fr\/wp-json\/wp\/v2\/pages\/2453\/revisions\/2459"}],"wp:attachment":[{"href":"https:\/\/etimark.ch\/fr\/wp-json\/wp\/v2\/media?parent=2453"}],"curies":[{"name":"wp","href":"https:\/\/api.w.org\/{rel}","templated":true}]}}