{"id":2418,"date":"2020-07-03T09:58:51","date_gmt":"2020-07-03T07:58:51","guid":{"rendered":"http:\/\/etimark.ch\/?page_id=2418"},"modified":"2021-06-03T17:31:01","modified_gmt":"2021-06-03T15:31:01","slug":"wicklung","status":"publish","type":"page","link":"https:\/\/etimark.ch\/fr\/wicklung\/","title":{"rendered":"Enroulement"},"content":{"rendered":"\n<div class=\"media media--preview\">\n  <div class=\"media__preview\">\n    <img decoding=\"async\" src=\"https:\/\/etimark.ch\/wp-content\/uploads\/Wicklungsschema-420x600.png\" class=\"media__image\" \/>\n  <\/div>\n  <div class=\"media__content\">\n    <div class=\"media__main\">\n      <h2 class=\"title title--tertiary media__title\">Sch\u00e9ma d&rsquo;enroulement pour les commandes d&rsquo;\u00e9tiquettes<\/h2>\n      <div class=\"media__text \">\n        <p>Avec cette fiche technique, vous nous fournissez les informations sp\u00e9cifiques \u00e0 votre commande concernant vos souhaits concernant le bobinage des \u00e9tiquettes.<\/p>\n      <\/div>\n      <div class=\"media__action\">\n        <a href=\"https:\/\/etimark.ch\/wp-content\/uploads\/0_Wicklungsschema_07-20_f.pdf\" class=\"button\" download traget=\"_blank\">\n          <span class=\"button__icon\"><span class=\"button__arrow\">><\/span><\/span>\n          <span class=\"button__label\">Download<\/span>\n        <\/a>\n      <\/div>\n    <\/div>\n  <\/div>\n<\/div>\n","protected":false},"excerpt":{"rendered":"","protected":false},"author":2,"featured_media":0,"parent":0,"menu_order":0,"comment_status":"closed","ping_status":"closed","template":"","meta":{"_acf_changed":false,"inline_featured_image":false,"footnotes":""},"class_list":["post-2418","page","type-page","status-publish","hentry"],"acf":[],"_links":{"self":[{"href":"https:\/\/etimark.ch\/fr\/wp-json\/wp\/v2\/pages\/2418","targetHints":{"allow":["GET"]}}],"collection":[{"href":"https:\/\/etimark.ch\/fr\/wp-json\/wp\/v2\/pages"}],"about":[{"href":"https:\/\/etimark.ch\/fr\/wp-json\/wp\/v2\/types\/page"}],"author":[{"embeddable":true,"href":"https:\/\/etimark.ch\/fr\/wp-json\/wp\/v2\/users\/2"}],"replies":[{"embeddable":true,"href":"https:\/\/etimark.ch\/fr\/wp-json\/wp\/v2\/comments?post=2418"}],"version-history":[{"count":5,"href":"https:\/\/etimark.ch\/fr\/wp-json\/wp\/v2\/pages\/2418\/revisions"}],"predecessor-version":[{"id":2429,"href":"https:\/\/etimark.ch\/fr\/wp-json\/wp\/v2\/pages\/2418\/revisions\/2429"}],"wp:attachment":[{"href":"https:\/\/etimark.ch\/fr\/wp-json\/wp\/v2\/media?parent=2418"}],"curies":[{"name":"wp","href":"https:\/\/api.w.org\/{rel}","templated":true}]}}