{"id":2392,"date":"2020-07-02T15:22:10","date_gmt":"2020-07-02T13:22:10","guid":{"rendered":"http:\/\/etimark.ch\/?page_id=2392"},"modified":"2024-11-25T15:13:47","modified_gmt":"2024-11-25T14:13:47","slug":"etiquettes","status":"publish","type":"page","link":"https:\/\/etimark.ch\/fr\/etiquettes\/","title":{"rendered":"Etiquettes"},"content":{"rendered":"\n<h2 class=\"wp-block-heading\">Pour l&rsquo;identification\/le marquage d&rsquo;un produit <br>et de son contenu<\/h2>\n\n\n\n<div class=\"intro\">\n  <div class=\"intro__content\">\n    <p><span lang=\"EN-US\">Les \u00e9tiquettes autocollantes sont la solution appropri\u00e9e au marquage ou \u00e0 l&rsquo;identification des produits. Elles donnent des informations sur le produit, son contenu et constituent simultan\u00e9ment une d\u00e9cision d&rsquo;achat en premi\u00e8re ligne &#8211; Ce sont les num\u00e9ros 1 des supports publicitaires. Un acte d&rsquo;achat a lieu uniquement lorsque la conception visuelle globale du produit est convaincante.\u00a0<\/span><span lang=\"EN-US\">Nous mettons en \u0153uvre le mat\u00e9riel adapt\u00e9 \u00e0 chaque exigence. Que la priorit\u00e9 soit donn\u00e9e \u00e0 l&rsquo;esth\u00e9tique ou \u00e0 la fonctionnalit\u00e9. Avec nos diff\u00e9rents produits, nous trouvons toujours la solution adapt\u00e9e pour que votre produit soit identifi\u00e9 de mani\u00e8re optimale.<\/span><\/p>\n  <\/div>\n<\/div>\n\n\n\n<div class=\"wp-block-columns is-layout-flex wp-container-core-columns-is-layout-9d6595d7 wp-block-columns-is-layout-flex\">\n<div class=\"wp-block-column is-layout-flow wp-block-column-is-layout-flow\">\n<h2 class=\"wp-block-heading has-text-align-center\">Food<\/h2>\n\n\n\n<figure class=\"wp-block-image size-large\"><img loading=\"lazy\" decoding=\"async\" width=\"488\" height=\"385\" src=\"http:\/\/etimark.ch\/wp-content\/uploads\/AppenzellerKaese-1.jpg\" alt=\"\" class=\"wp-image-3774\" srcset=\"https:\/\/etimark.ch\/wp-content\/uploads\/AppenzellerKaese-1.jpg 488w, https:\/\/etimark.ch\/wp-content\/uploads\/AppenzellerKaese-1-300x237.jpg 300w\" sizes=\"auto, (max-width: 488px) 100vw, 488px\" \/><\/figure>\n<\/div>\n\n\n\n<div class=\"wp-block-column is-layout-flow wp-block-column-is-layout-flow\">\n<figure class=\"wp-block-pullquote\"><blockquote><p>\u00abLes \u00e9tiquettes sont aussi vari\u00e9es que leurs domaines d&rsquo;application. La tendance \u00e0 plus d&rsquo;individualit\u00e9 et de personnalisation r\u00e9duit \u00e9norm\u00e9ment les tirages de produits individuels\u00bb.<\/p><cite>Marco Schulz<\/cite><\/blockquote><\/figure>\n<\/div>\n\n\n\n<div class=\"wp-block-column is-layout-flow wp-block-column-is-layout-flow\">\n<h2 class=\"wp-block-heading has-text-align-center\">Non-Food<\/h2>\n\n\n\n<figure class=\"wp-block-image size-large\"><img loading=\"lazy\" decoding=\"async\" width=\"394\" height=\"385\" src=\"http:\/\/etimark.ch\/wp-content\/uploads\/Saentis_EagleCalcium-1.jpg\" alt=\"\" class=\"wp-image-3776\" srcset=\"https:\/\/etimark.ch\/wp-content\/uploads\/Saentis_EagleCalcium-1.jpg 394w, https:\/\/etimark.ch\/wp-content\/uploads\/Saentis_EagleCalcium-1-300x293.jpg 300w\" sizes=\"auto, (max-width: 394px) 100vw, 394px\" \/><\/figure>\n<\/div>\n<\/div>\n\n\n\n<div style=\"height:75px\" aria-hidden=\"true\" class=\"wp-block-spacer\"><\/div>\n\n\n\n<div class=\"wp-block-columns is-layout-flex wp-container-core-columns-is-layout-9d6595d7 wp-block-columns-is-layout-flex\">\n<div class=\"wp-block-column is-layout-flow wp-block-column-is-layout-flow\">\n<div class=\"wp-block-buttons is-layout-flex wp-block-buttons-is-layout-flex\">\n<div class=\"wp-block-button has-custom-width wp-block-button__width-100 has-custom-font-size is-style-outline has-medium-font-size is-style-outline--1\"><a class=\"wp-block-button__link has-black-color has-white-background-color has-text-color has-background has-link-color wp-element-button\" href=\"https:\/\/etimark.ch\/fr\/etiquettes\/utilisation\/\" style=\"border-radius:0px\">Utilisation<\/a><\/div>\n<\/div>\n\n\n\n<p><\/p>\n\n\n\n<p>Partout o\u00f9 le regard se pose, les \u00e9tiquettes sont utilis\u00e9es au quotidien. Nous avons le bon mat\u00e9riau pour chaque exigence, que l&rsquo;esth\u00e9tique ou la fonctionnalit\u00e9 soit au premier plan, quelle que soit l&rsquo;utilisation.<\/p>\n\n\n\n<figure class=\"wp-block-image size-large\"><img loading=\"lazy\" decoding=\"async\" width=\"1024\" height=\"724\" src=\"http:\/\/etimark.ch\/wp-content\/uploads\/EtimarkEtikettenuebersicht-1024x724.jpg\" alt=\"\" class=\"wp-image-1999\" srcset=\"https:\/\/etimark.ch\/wp-content\/uploads\/EtimarkEtikettenuebersicht-1024x724.jpg 1024w, https:\/\/etimark.ch\/wp-content\/uploads\/EtimarkEtikettenuebersicht-300x212.jpg 300w, https:\/\/etimark.ch\/wp-content\/uploads\/EtimarkEtikettenuebersicht-768x543.jpg 768w, https:\/\/etimark.ch\/wp-content\/uploads\/EtimarkEtikettenuebersicht-800x566.jpg 800w\" sizes=\"auto, (max-width: 1024px) 100vw, 1024px\" \/><\/figure>\n<\/div>\n\n\n\n<div class=\"wp-block-column is-layout-flow wp-block-column-is-layout-flow\">\n<div class=\"wp-block-buttons is-layout-flex wp-block-buttons-is-layout-flex\">\n<div class=\"wp-block-button has-custom-width wp-block-button__width-100 has-custom-font-size is-style-outline has-medium-font-size is-style-outline--2\"><a class=\"wp-block-button__link has-black-color has-white-background-color has-text-color has-background has-link-color wp-element-button\" href=\"https:\/\/etimark.ch\/fr\/etiquettes\/livrets-leporello\/\" style=\"border-radius:0px\">Livrets leporello<\/a><\/div>\n<\/div>\n\n\n\n<p><\/p>\n\n\n\n<p>Livrets d\u00e9pliants, du plus petit et du plus fin au plus grand et au plus informatif. Quelle que soit la quantit\u00e9 d&rsquo;informations que votre produit doit recevoir sur son emballage. Nous garantissons ici un maximum de flexibilit\u00e9 en termes de format.<\/p>\n\n\n\n<figure class=\"wp-block-image size-large\"><img loading=\"lazy\" decoding=\"async\" width=\"1024\" height=\"589\" src=\"http:\/\/etimark.ch\/wp-content\/uploads\/MultilabelRund-1024x589.png\" alt=\"\" class=\"wp-image-3791\" srcset=\"https:\/\/etimark.ch\/wp-content\/uploads\/MultilabelRund-1024x589.png 1024w, https:\/\/etimark.ch\/wp-content\/uploads\/MultilabelRund-300x172.png 300w, https:\/\/etimark.ch\/wp-content\/uploads\/MultilabelRund-768x441.png 768w, https:\/\/etimark.ch\/wp-content\/uploads\/MultilabelRund-800x460.png 800w, https:\/\/etimark.ch\/wp-content\/uploads\/MultilabelRund.png 1176w\" sizes=\"auto, (max-width: 1024px) 100vw, 1024px\" \/><\/figure>\n<\/div>\n\n\n\n<div class=\"wp-block-column is-layout-flow wp-block-column-is-layout-flow\">\n<div class=\"wp-block-buttons is-layout-flex wp-block-buttons-is-layout-flex\">\n<div class=\"wp-block-button has-custom-width wp-block-button__width-100 has-custom-font-size is-style-outline has-medium-font-size is-style-outline--3\"><a class=\"wp-block-button__link has-black-color has-white-background-color has-text-color has-background has-link-color wp-element-button\" href=\"https:\/\/etimark.ch\/fr\/etiquettes\/materiaux\/\" style=\"border-radius:0px\">Mat\u00e9riaux<\/a><\/div>\n<\/div>\n\n\n\n<p><\/p>\n\n\n\n<p>Nos mat\u00e9riaux standard en papier ou en plastique (PE, PP, blanc, transparent, mat, brillant, permanent, d\u00e9tachable, TK) couvrent environ 98% de toutes les applications d&rsquo;\u00e9tiquettes. Nos papiers \u00e9cologiques sont \u00e9galement tr\u00e8s int\u00e9ressants.<\/p>\n\n\n\n<figure class=\"wp-block-image size-large\"><img loading=\"lazy\" decoding=\"async\" width=\"1024\" height=\"641\" src=\"http:\/\/etimark.ch\/wp-content\/uploads\/EtikettenMaterialien2-1024x641.jpg\" alt=\"\" class=\"wp-image-3896\" srcset=\"https:\/\/etimark.ch\/wp-content\/uploads\/EtikettenMaterialien2-1024x641.jpg 1024w, https:\/\/etimark.ch\/wp-content\/uploads\/EtikettenMaterialien2-300x188.jpg 300w, https:\/\/etimark.ch\/wp-content\/uploads\/EtikettenMaterialien2-768x481.jpg 768w, https:\/\/etimark.ch\/wp-content\/uploads\/EtikettenMaterialien2-1536x962.jpg 1536w, https:\/\/etimark.ch\/wp-content\/uploads\/EtikettenMaterialien2-2048x1283.jpg 2048w, https:\/\/etimark.ch\/wp-content\/uploads\/EtikettenMaterialien2-1920x1200.jpg 1920w, https:\/\/etimark.ch\/wp-content\/uploads\/EtikettenMaterialien2-800x501.jpg 800w\" sizes=\"auto, (max-width: 1024px) 100vw, 1024px\" \/><\/figure>\n<\/div>\n<\/div>\n\n\n\n<p><\/p>\n","protected":false},"excerpt":{"rendered":"Pour l&rsquo;identification\/le marquage d&rsquo;un produit et de son contenu Food \u00abLes \u00e9tiquettes sont aussi vari\u00e9es que leurs domaines d&rsquo;application. La [&hellip;]","protected":false},"author":2,"featured_media":0,"parent":0,"menu_order":0,"comment_status":"closed","ping_status":"closed","template":"","meta":{"_acf_changed":false,"inline_featured_image":false,"footnotes":""},"class_list":["post-2392","page","type-page","status-publish","hentry"],"acf":[],"_links":{"self":[{"href":"https:\/\/etimark.ch\/fr\/wp-json\/wp\/v2\/pages\/2392","targetHints":{"allow":["GET"]}}],"collection":[{"href":"https:\/\/etimark.ch\/fr\/wp-json\/wp\/v2\/pages"}],"about":[{"href":"https:\/\/etimark.ch\/fr\/wp-json\/wp\/v2\/types\/page"}],"author":[{"embeddable":true,"href":"https:\/\/etimark.ch\/fr\/wp-json\/wp\/v2\/users\/2"}],"replies":[{"embeddable":true,"href":"https:\/\/etimark.ch\/fr\/wp-json\/wp\/v2\/comments?post=2392"}],"version-history":[{"count":14,"href":"https:\/\/etimark.ch\/fr\/wp-json\/wp\/v2\/pages\/2392\/revisions"}],"predecessor-version":[{"id":5873,"href":"https:\/\/etimark.ch\/fr\/wp-json\/wp\/v2\/pages\/2392\/revisions\/5873"}],"wp:attachment":[{"href":"https:\/\/etimark.ch\/fr\/wp-json\/wp\/v2\/media?parent=2392"}],"curies":[{"name":"wp","href":"https:\/\/api.w.org\/{rel}","templated":true}]}}