{"id":2382,"date":"2020-07-02T14:49:34","date_gmt":"2020-07-02T12:49:34","guid":{"rendered":"http:\/\/etimark.ch\/?page_id=2382"},"modified":"2024-11-25T15:14:07","modified_gmt":"2024-11-25T14:14:07","slug":"opercule","status":"publish","type":"page","link":"https:\/\/etimark.ch\/fr\/opercule\/","title":{"rendered":"Opercule"},"content":{"rendered":"\n<h2 class=\"wp-block-heading\">Pour l&rsquo;obturation s\u00fbre et \u00e9tanche <br>des gobelets et des r\u00e9cipients<\/h2>\n\n\n\n<div class=\"intro\">\n  <div class=\"intro__content\">\n    <p>Alors qu&rsquo;auparavant, les yaourts et un petit assortiment de l&rsquo;industrie laiti\u00e8re \u00e9taient emball\u00e9s dans des pots et des barquettes, la gamme de produits s&rsquo;est \u00e9largie gr\u00e2ce \u00e0 de nombreuses innovations. La tendance \u00e0 la restauration sur le pouce (2Go) est favorable \u00e0 l&#8217;emballage en pots et en barquettes. Les unit\u00e9s d&#8217;emballage pour les d\u00e9placements ont pour exigences de ne pas \u00eatre trop grandes (une taille de portion), d&rsquo;\u00eatre maniables (easy open) et de pouvoir \u00eatre consomm\u00e9es imm\u00e9diatement sans effort (fix ready).<\/p>\n<p>Le gobelet et la barquette ont ainsi fait leur entr\u00e9e dans de nombreux nouveaux secteurs. Nos couvercles\/plaques d\u00e9coup\u00e9s sont des films de scellage adapt\u00e9s aux gobelets et aux r\u00e9cipients. Nous avons le bon mat\u00e9riau pour chaque exigence. Que l&rsquo;accent soit mis sur l&rsquo;esth\u00e9tique ou la fonctionnalit\u00e9. Avec nos diff\u00e9rents produits, nous trouvons toujours la solution ad\u00e9quate.<\/p>\n  <\/div>\n<\/div>\n\n\n\n<div style=\"height:75px\" aria-hidden=\"true\" class=\"wp-block-spacer\"><\/div>\n\n\n\n<div class=\"wp-block-columns is-layout-flex wp-container-core-columns-is-layout-9d6595d7 wp-block-columns-is-layout-flex\">\n<div class=\"wp-block-column is-layout-flow wp-block-column-is-layout-flow\">\n<h3 class=\"wp-block-heading\">Gobelets<\/h3>\n\n\n\n<figure class=\"wp-block-image size-large is-resized\"><img loading=\"lazy\" decoding=\"async\" width=\"383\" height=\"449\" src=\"http:\/\/etimark.ch\/wp-content\/uploads\/DSC_0474-1.jpg\" alt=\"\" class=\"wp-image-1742\" style=\"width:266px;height:311px\" srcset=\"https:\/\/etimark.ch\/wp-content\/uploads\/DSC_0474-1.jpg 383w, https:\/\/etimark.ch\/wp-content\/uploads\/DSC_0474-1-256x300.jpg 256w\" sizes=\"auto, (max-width: 383px) 100vw, 383px\" \/><\/figure>\n<\/div>\n\n\n\n<div class=\"wp-block-column is-layout-flow wp-block-column-is-layout-flow\">\n<figure class=\"wp-block-pullquote\"><blockquote><p>\u00abNos produits font partie des besoins quotidiens, ils sont pris en main plusieurs fois par jour. La plupart des gens n&rsquo;en sont m\u00eame pas conscients\u00bb.<\/p><cite>Udo M. Schulz<\/cite><\/blockquote><\/figure>\n<\/div>\n\n\n\n<div class=\"wp-block-column is-layout-flow wp-block-column-is-layout-flow\">\n<h3 class=\"wp-block-heading\">Bols \/ R\u00e9cipients<\/h3>\n\n\n\n<div style=\"height:90px\" aria-hidden=\"true\" class=\"wp-block-spacer\"><\/div>\n\n\n\n<figure class=\"wp-block-image size-large\"><img loading=\"lazy\" decoding=\"async\" width=\"560\" height=\"320\" src=\"http:\/\/etimark.ch\/wp-content\/uploads\/DSC_0479-1.jpg\" alt=\"\" class=\"wp-image-1754\" srcset=\"https:\/\/etimark.ch\/wp-content\/uploads\/DSC_0479-1.jpg 560w, https:\/\/etimark.ch\/wp-content\/uploads\/DSC_0479-1-300x171.jpg 300w\" sizes=\"auto, (max-width: 560px) 100vw, 560px\" \/><\/figure>\n<\/div>\n<\/div>\n\n\n\n<div class=\"wp-block-columns has-2-columns is-layout-flex wp-container-core-columns-is-layout-9d6595d7 wp-block-columns-is-layout-flex\">\n<div class=\"wp-block-column is-layout-flow wp-block-column-is-layout-flow\">\n<div class=\"wp-block-buttons is-layout-flex wp-block-buttons-is-layout-flex\">\n<div class=\"wp-block-button has-custom-width wp-block-button__width-100 has-custom-font-size is-style-outline has-medium-font-size is-style-outline--1\"><a class=\"wp-block-button__link has-black-color has-white-background-color has-text-color has-background has-link-color wp-element-button\" style=\"border-radius:0px\">Domaine d&rsquo;utilisation<\/a><\/div>\n<\/div>\n\n\n\n<p><\/p>\n\n\n\n<p>Nous avons le bon mat\u00e9riel pour chaque exigence, que l&rsquo;esth\u00e9tique ou la fonctionnalit\u00e9 soit au premier plan. Il ne doit pas toujours s&rsquo;agir d&rsquo;un yogourt ou d&rsquo;un fromage blanc \u00e0 mettre dans un pot ou une barquette.<\/p>\n\n\n\n<figure class=\"wp-block-image size-large\"><img loading=\"lazy\" decoding=\"async\" width=\"1024\" height=\"780\" src=\"http:\/\/etimark.ch\/wp-content\/uploads\/EtimarkDeckeluebersicht-1024x780.jpg\" alt=\"\" class=\"wp-image-1996\" srcset=\"https:\/\/etimark.ch\/wp-content\/uploads\/EtimarkDeckeluebersicht-1024x780.jpg 1024w, https:\/\/etimark.ch\/wp-content\/uploads\/EtimarkDeckeluebersicht-300x229.jpg 300w, https:\/\/etimark.ch\/wp-content\/uploads\/EtimarkDeckeluebersicht-768x585.jpg 768w, https:\/\/etimark.ch\/wp-content\/uploads\/EtimarkDeckeluebersicht-800x610.jpg 800w, https:\/\/etimark.ch\/wp-content\/uploads\/EtimarkDeckeluebersicht-787x600.jpg 787w\" sizes=\"auto, (max-width: 1024px) 100vw, 1024px\" \/><\/figure>\n<\/div>\n\n\n\n<div class=\"wp-block-column is-layout-flow wp-block-column-is-layout-flow\">\n<div class=\"wp-block-buttons is-layout-flex wp-block-buttons-is-layout-flex\">\n<div class=\"wp-block-button has-custom-width wp-block-button__width-100 has-custom-font-size is-style-outline has-medium-font-size is-style-outline--2\"><a class=\"wp-block-button__link has-black-color has-white-background-color has-text-color has-background has-link-color wp-element-button\" style=\"border-radius:0px\">Types de gaufrage\/structures de couvercles<\/a><\/div>\n<\/div>\n\n\n\n<p><\/p>\n\n\n\n<p>Nos couvercles estamp\u00e9s peuvent \u00eatre produits dans diff\u00e9rents types de structures. Laissez-vous inspirer par les diff\u00e9rentes possibilit\u00e9s et consultez nos visualisations 3D.<\/p>\n\n\n\n<figure class=\"wp-block-image size-large\"><img loading=\"lazy\" decoding=\"async\" width=\"1024\" height=\"688\" src=\"http:\/\/etimark.ch\/wp-content\/uploads\/ETIgral3D_detail-1024x688.jpg\" alt=\"\" class=\"wp-image-1993\" srcset=\"https:\/\/etimark.ch\/wp-content\/uploads\/ETIgral3D_detail-1024x688.jpg 1024w, https:\/\/etimark.ch\/wp-content\/uploads\/ETIgral3D_detail-300x202.jpg 300w, https:\/\/etimark.ch\/wp-content\/uploads\/ETIgral3D_detail-768x516.jpg 768w, https:\/\/etimark.ch\/wp-content\/uploads\/ETIgral3D_detail-800x538.jpg 800w\" sizes=\"auto, (max-width: 1024px) 100vw, 1024px\" \/><figcaption class=\"wp-element-caption\">ETIgral3D\u00ae<\/figcaption><\/figure>\n<\/div>\n\n\n\n<div class=\"wp-block-column is-layout-flow wp-block-column-is-layout-flow\">\n<div class=\"wp-block-buttons is-layout-flex wp-block-buttons-is-layout-flex\">\n<div class=\"wp-block-button has-custom-width wp-block-button__width-100 has-custom-font-size is-style-outline has-medium-font-size is-style-outline--3\"><a class=\"wp-block-button__link has-black-color has-white-background-color has-text-color has-background has-link-color wp-element-button\" style=\"border-radius:0px\">Mat\u00e9riaux<\/a><\/div>\n<\/div>\n\n\n\n<p><\/p>\n\n\n\n<p>Nous avons en stock de nombreux mat\u00e9riaux en aluminium, PET\/PP ou papier composite de diff\u00e9rentes \u00e9paisseurs. Pour chaque application sur gobelet, r\u00e9cipient ou barquette, nous trouvons le mat\u00e9riau ad\u00e9quat.<\/p>\n\n\n\n<figure class=\"wp-block-image size-large\"><img loading=\"lazy\" decoding=\"async\" width=\"709\" height=\"473\" src=\"http:\/\/etimark.ch\/wp-content\/uploads\/CHM1486_1.jpg\" alt=\"\" class=\"wp-image-310\" srcset=\"https:\/\/etimark.ch\/wp-content\/uploads\/CHM1486_1.jpg 709w, https:\/\/etimark.ch\/wp-content\/uploads\/CHM1486_1-300x200.jpg 300w\" sizes=\"auto, (max-width: 709px) 100vw, 709px\" \/><\/figure>\n<\/div>\n<\/div>\n","protected":false},"excerpt":{"rendered":"Pour l&rsquo;obturation s\u00fbre et \u00e9tanche des gobelets et des r\u00e9cipients Gobelets \u00abNos produits font partie des besoins quotidiens, ils sont [&hellip;]","protected":false},"author":2,"featured_media":0,"parent":0,"menu_order":0,"comment_status":"closed","ping_status":"closed","template":"","meta":{"_acf_changed":false,"inline_featured_image":false,"footnotes":""},"class_list":["post-2382","page","type-page","status-publish","hentry"],"acf":[],"_links":{"self":[{"href":"https:\/\/etimark.ch\/fr\/wp-json\/wp\/v2\/pages\/2382","targetHints":{"allow":["GET"]}}],"collection":[{"href":"https:\/\/etimark.ch\/fr\/wp-json\/wp\/v2\/pages"}],"about":[{"href":"https:\/\/etimark.ch\/fr\/wp-json\/wp\/v2\/types\/page"}],"author":[{"embeddable":true,"href":"https:\/\/etimark.ch\/fr\/wp-json\/wp\/v2\/users\/2"}],"replies":[{"embeddable":true,"href":"https:\/\/etimark.ch\/fr\/wp-json\/wp\/v2\/comments?post=2382"}],"version-history":[{"count":29,"href":"https:\/\/etimark.ch\/fr\/wp-json\/wp\/v2\/pages\/2382\/revisions"}],"predecessor-version":[{"id":5874,"href":"https:\/\/etimark.ch\/fr\/wp-json\/wp\/v2\/pages\/2382\/revisions\/5874"}],"wp:attachment":[{"href":"https:\/\/etimark.ch\/fr\/wp-json\/wp\/v2\/media?parent=2382"}],"curies":[{"name":"wp","href":"https:\/\/api.w.org\/{rel}","templated":true}]}}